{"id":1342,"date":"2025-07-02T08:41:28","date_gmt":"2025-07-02T06:41:28","guid":{"rendered":"https:\/\/store-it.dev001.booom.digital\/?page_id=1342"},"modified":"2026-04-20T13:53:46","modified_gmt":"2026-04-20T11:53:46","slug":"uber-uns","status":"publish","type":"page","link":"https:\/\/store-it.eu\/de\/uber-uns\/","title":{"rendered":"\u00dcber uns"},"content":{"rendered":"\n<div class=\"wp-block-group alignfull is-style-hero-container has-global-padding is-layout-constrained wp-block-group-is-layout-constrained\">\n<div class=\"wp-block-group alignfull is-style-hexagon has-background has-global-padding is-layout-constrained wp-block-group-is-layout-constrained\" style=\"border-radius:25px;background:linear-gradient(180deg,rgb(28,14,60) 1%,rgb(192,132,252) 100%);padding-top:var(--wp--preset--spacing--xxxxxxxxxl);padding-bottom:0\">\n<div class=\"wp-block-columns alignwide are-vertically-aligned-center is-layout-flex wp-container-core-columns-is-layout-39df6aaa wp-block-columns-is-layout-flex\" style=\"padding-top:var(--wp--preset--spacing--xxxxxxxxl);padding-bottom:var(--wp--preset--spacing--xxxxxxxxl)\">\n<div class=\"wp-block-column is-vertically-aligned-center is-layout-flow wp-block-column-is-layout-flow\">\n<div class=\"wp-block-group alignwide is-vertical is-layout-flex wp-container-core-group-is-layout-fe9cc265 wp-block-group-is-layout-flex\">\n<div class=\"wp-block-group alignwide has-global-padding is-content-justification-left is-layout-constrained wp-container-core-group-is-layout-b498b38b wp-block-group-is-layout-constrained\">\n<h1 class=\"wp-block-heading alignwide has-base-color has-text-color has-link-color wp-elements-4bbc10c10556f200beab2da3ecc58cc6\" style=\"margin-bottom:var(--wp--preset--spacing--md)\">Store-IT<\/h1>\n<\/div>\n\n\n\n<div class=\"wp-block-group has-base-color has-text-color has-link-color wp-elements-ce3960eb7f543e1f40d1f6a227c1be34 has-global-padding is-layout-constrained wp-container-core-group-is-layout-7a1064c7 wp-block-group-is-layout-constrained\">\n<h2 class=\"wp-block-heading has-xxxl-font-size\">Mehr als 25 Jahre Innovation in der Selfstorage-Software<\/h2>\n\n\n\n<p>Seit dem Jahr 2000 ist Store-IT Spezialist f\u00fcr Software zur Verwaltung von Selfstorage-Anlagen. Mit unserer Software unterst\u00fctzen wir Betreiber in \u00fcber 18 L\u00e4ndern bei der effizienten Verwaltung ihrer Lagerstandorte. Unsere Store-IT-Software ist in 8 Sprachen verf\u00fcgbar und vollst\u00e4ndig cloudbasiert, sodass Sie jederzeit und \u00fcberall Zugriff auf Ihre Gesch\u00e4ftsdaten haben.  <\/p>\n\n\n\n<div class=\"wp-block-buttons is-layout-flex wp-block-buttons-is-layout-flex\" style=\"margin-top:var(--wp--preset--spacing--xxxxl)\">\n<div class=\"wp-block-button\"><a class=\"wp-block-button__link has-border-color has-secondary-border-color wp-element-button\" href=\"https:\/\/store-it.eu\/de\/demo-buchen\/\">Demo buchen<\/a><\/div>\n\n\n\n<div class=\"wp-block-button is-style-outline is-style-outline--1\"><a class=\"wp-block-button__link has-border-color has-base-border-color wp-element-button\" href=\"https:\/\/store-it.eu\/de\/unsere-kunden\/\">Unsere Kunden<\/a><\/div>\n<\/div>\n<\/div>\n<\/div>\n<\/div>\n\n\n\n<div class=\"wp-block-column is-vertically-aligned-center is-layout-flow wp-block-column-is-layout-flow\">\n<figure style=\"\" class=\"wp-block-image size-large\"><img loading=\"lazy\" decoding=\"async\" width=\"1024\" height=\"683\" src=\"https:\/\/store-it.eu\/wp-content\/uploads\/2025\/12\/KANTOOR_6-1024x683.jpg\" alt=\"\" class=\"wp-image-1949\" style=\"aspect-ratio:4\/3;object-fit:cover\" srcset=\"https:\/\/store-it.eu\/wp-content\/uploads\/2025\/12\/KANTOOR_6-1024x683.jpg 1024w, https:\/\/store-it.eu\/wp-content\/uploads\/2025\/12\/KANTOOR_6-300x200.jpg 300w, https:\/\/store-it.eu\/wp-content\/uploads\/2025\/12\/KANTOOR_6-768x512.jpg 768w, https:\/\/store-it.eu\/wp-content\/uploads\/2025\/12\/KANTOOR_6-1536x1024.jpg 1536w, https:\/\/store-it.eu\/wp-content\/uploads\/2025\/12\/KANTOOR_6-2048x1365.jpg 2048w\" sizes=\"auto, (max-width: 1024px) 100vw, 1024px\" \/><\/figure>\n<\/div>\n<\/div>\n<\/div>\n<\/div>\n\n<div style=\"height:var(--wp--preset--spacing--xxxxxxxxxl)\" aria-hidden=\"true\" class=\"wp-block-spacer\"><\/div>\n\n<div class=\"wp-block-group alignwide has-global-padding is-layout-constrained wp-block-group-is-layout-constrained\">\n<div class=\"wp-block-columns alignfull is-layout-flex wp-container-core-columns-is-layout-0f3d37db wp-block-columns-is-layout-flex\">\n<div class=\"wp-block-column is-vertically-aligned-top is-layout-flow wp-block-column-is-layout-flow\">\n<figure style=\"\" class=\"wp-block-image size-large\"><img loading=\"lazy\" decoding=\"async\" width=\"1024\" height=\"683\" src=\"https:\/\/store-it.eu\/wp-content\/uploads\/2025\/12\/PROGRAMMEREN_2-1024x683.jpg\" alt=\"\" class=\"wp-image-1964\" style=\"aspect-ratio:4\/3;object-fit:cover\" srcset=\"https:\/\/store-it.eu\/wp-content\/uploads\/2025\/12\/PROGRAMMEREN_2-1024x683.jpg 1024w, https:\/\/store-it.eu\/wp-content\/uploads\/2025\/12\/PROGRAMMEREN_2-300x200.jpg 300w, https:\/\/store-it.eu\/wp-content\/uploads\/2025\/12\/PROGRAMMEREN_2-768x512.jpg 768w, https:\/\/store-it.eu\/wp-content\/uploads\/2025\/12\/PROGRAMMEREN_2-1536x1024.jpg 1536w, https:\/\/store-it.eu\/wp-content\/uploads\/2025\/12\/PROGRAMMEREN_2-2048x1365.jpg 2048w\" sizes=\"auto, (max-width: 1024px) 100vw, 1024px\" \/><\/figure>\n<\/div>\n\n\n\n<div class=\"wp-block-column is-vertically-aligned-top is-layout-flow wp-block-column-is-layout-flow\">\n<h2 class=\"wp-block-heading\">Die Leistungsf\u00e4higkeit unserer Software<\/h2>\n\n\n\n<p>Es beginnt mit einer reibungslosen Integration. Die Store-IT-Software l\u00e4sst sich auf vielf\u00e4ltige Weise integrieren. <\/p>\n\n\n\n<ul style=\"padding-right:0;padding-left:0\" class=\"wp-block-list is-style-usp-list\">\n<li>Vollst\u00e4ndige Integration mit Ihrer Website f\u00fcr Online-Buchung und Kundenportal (\u00fcber REST-API oder Standard-Buchungsmodul).<\/li>\n\n\n\n<li>Integration mit Drittanbietersoftware wie Zutrittskontrollsystemen, Buchhaltungsprogrammen, Zahlungsanbietern und vielem mehr.<\/li>\n\n\n\n<li>Store-IT wird kontinuierlich auf Basis Ihrer W\u00fcnsche weiterentwickelt. Wir programmieren auch individuelle Funktionen f\u00fcr Sie. <\/li>\n<\/ul>\n<\/div>\n<\/div>\n<\/div>\n\n<div style=\"height:var(--wp--preset--spacing--xxxxxxxxxl)\" aria-hidden=\"true\" class=\"wp-block-spacer\"><\/div>\n\n<div class=\"wp-block-group alignwide has-global-padding is-layout-constrained wp-block-group-is-layout-constrained\">\n<div class=\"wp-block-columns alignfull is-layout-flex wp-container-core-columns-is-layout-0f3d37db wp-block-columns-is-layout-flex\">\n<div class=\"wp-block-column is-vertically-aligned-top is-layout-flow wp-block-column-is-layout-flow\">\n<h2 class=\"wp-block-heading\">Was uns antreibt<\/h2>\n\n\n\n<p>Unsere Mission ist es, Selfstorage-Unternehmen bei der Optimierung ihrer Prozesse und der Steigerung der Kundenzufriedenheit zu unterst\u00fctzen. Wir setzen auf zuverl\u00e4ssige, sichere und benutzerfreundliche Software, die sich nahtlos in bestehende Systeme wie Zutrittskontrollsysteme, Buchhaltungsprogramme und Zahlungsanbieter integrieren l\u00e4sst. <\/p>\n\n\n\n<ul style=\"padding-right:0;padding-left:0\" class=\"wp-block-list is-style-usp-list\">\n<li>Zuverl\u00e4ssigkeit: ISO 27001-zertifiziert f\u00fcr maximale Datensicherheit.<\/li>\n\n\n\n<li>Benutzerfreundlichkeit: Intuitive Benutzeroberfl\u00e4chen und Automatisierung wiederkehrender Aufgaben.<\/li>\n\n\n\n<li>Flexibilit\u00e4t: Integrationen \u00fcber REST-API mit verschiedenen externen Systemen.<\/li>\n\n\n\n<li>Support: Unbegrenzter kostenloser Support mit pers\u00f6nlicher Betreuung.<\/li>\n<\/ul>\n<\/div>\n\n\n\n<div class=\"wp-block-column is-vertically-aligned-top is-layout-flow wp-block-column-is-layout-flow\">\n<figure style=\"\" class=\"wp-block-image size-large\"><img loading=\"lazy\" decoding=\"async\" width=\"1024\" height=\"683\" src=\"https:\/\/store-it.eu\/wp-content\/uploads\/2025\/12\/KANTOOR_3-1024x683.jpg\" alt=\"\" class=\"wp-image-1939\" style=\"aspect-ratio:4\/3;object-fit:cover\" srcset=\"https:\/\/store-it.eu\/wp-content\/uploads\/2025\/12\/KANTOOR_3-1024x683.jpg 1024w, https:\/\/store-it.eu\/wp-content\/uploads\/2025\/12\/KANTOOR_3-300x200.jpg 300w, https:\/\/store-it.eu\/wp-content\/uploads\/2025\/12\/KANTOOR_3-768x512.jpg 768w, https:\/\/store-it.eu\/wp-content\/uploads\/2025\/12\/KANTOOR_3-1536x1024.jpg 1536w, https:\/\/store-it.eu\/wp-content\/uploads\/2025\/12\/KANTOOR_3-2048x1365.jpg 2048w\" sizes=\"auto, (max-width: 1024px) 100vw, 1024px\" \/><\/figure>\n<\/div>\n<\/div>\n<\/div>\n\n<div style=\"height:var(--wp--preset--spacing--xxxxxxxxxl)\" aria-hidden=\"true\" class=\"wp-block-spacer\"><\/div>\n\n<div class=\"wp-block-group alignwide has-global-padding is-layout-constrained wp-block-group-is-layout-constrained\">\n<div class=\"wp-block-group alignfull has-border-color has-primary-border-color has-tertiary-opacity-background-color has-background has-global-padding is-layout-constrained wp-container-core-group-is-layout-f9e58c4a wp-block-group-is-layout-constrained\" style=\"border-width:1px;border-radius:20px;padding-top:var(--wp--preset--spacing--xxxxxxxl);padding-right:var(--wp--preset--spacing--xxxxxl);padding-bottom:var(--wp--preset--spacing--xxxxxxxl);padding-left:var(--wp--preset--spacing--xxxxxl)\">\n<div class=\"wp-block-columns alignwide is-layout-flex wp-container-core-columns-is-layout-0f3d37db wp-block-columns-is-layout-flex\">\n<div class=\"wp-block-column is-layout-flow wp-block-column-is-layout-flow\">\n<figure style=\"\" class=\"wp-block-image size-large\"><img loading=\"lazy\" decoding=\"async\" width=\"1024\" height=\"683\" src=\"https:\/\/store-it.eu\/wp-content\/uploads\/2025\/12\/KANTOOR_5-1024x683.jpg\" alt=\"\" class=\"wp-image-1944\" style=\"aspect-ratio:4\/3;object-fit:cover\" srcset=\"https:\/\/store-it.eu\/wp-content\/uploads\/2025\/12\/KANTOOR_5-1024x683.jpg 1024w, https:\/\/store-it.eu\/wp-content\/uploads\/2025\/12\/KANTOOR_5-300x200.jpg 300w, https:\/\/store-it.eu\/wp-content\/uploads\/2025\/12\/KANTOOR_5-768x512.jpg 768w, https:\/\/store-it.eu\/wp-content\/uploads\/2025\/12\/KANTOOR_5-1536x1024.jpg 1536w, https:\/\/store-it.eu\/wp-content\/uploads\/2025\/12\/KANTOOR_5-2048x1365.jpg 2048w\" sizes=\"auto, (max-width: 1024px) 100vw, 1024px\" \/><\/figure>\n<\/div>\n\n\n\n<div class=\"wp-block-column is-layout-flow wp-block-column-is-layout-flow\">\n<h2 class=\"wp-block-heading\">Unsere Kunden<\/h2>\n\n\n\n<p>Von lokalen Unternehmern bis hin zu internationalen Ketten sch\u00e4tzen unsere Kunden den Komfort, die Stabilit\u00e4t und die Skalierbarkeit von Store365. Wir sind stolz auf unsere langj\u00e4hrigen Partnerschaften und das Vertrauen, das sie uns entgegenbringen.   <a href=\"https:\/\/store-it.eu\/de\/unsere-kunden\/\">Hier sehen Sie eine Auswahl unserer Kunden.<\/a><\/p>\n\n\n\n<h3 class=\"wp-block-heading\">Buchen Sie Vertr\u00e4ge ganz einfach<\/h3>\n\n\n\n<p>Wir investieren weiterhin in Innovationen, um unseren Kunden im dynamischen Marktumfeld einen Wettbewerbsvorteil zu sichern. Dazu geh\u00f6ren KI-gest\u00fctzte Analysen, automatisierte Kommunikation und der weitere Ausbau unserer Integrationsm\u00f6glichkeiten. <\/p>\n<\/div>\n<\/div>\n<\/div>\n<\/div>\n\n<div style=\"height:var(--wp--preset--spacing--xxxxxxxxxl)\" aria-hidden=\"true\" class=\"wp-block-spacer\"><\/div>\n","protected":false},"excerpt":{"rendered":"<p>Store-IT Mehr als 25 Jahre Innovation in der Selfstorage-Software Seit dem Jahr 2000 ist Store-IT Spezialist f\u00fcr Software zur Verwaltung von Selfstorage-Anlagen. Mit unserer Software unterst\u00fctzen wir Betreiber in \u00fcber 18 L\u00e4ndern bei der effizienten Verwaltung ihrer Lagerstandorte. Unsere Store-IT-Software ist in 8 Sprachen verf\u00fcgbar und vollst\u00e4ndig cloudbasiert, sodass Sie jederzeit und \u00fcberall Zugriff auf [&hellip;]<\/p>\n","protected":false},"author":1,"featured_media":0,"parent":0,"menu_order":41,"comment_status":"closed","ping_status":"closed","template":"","meta":{"_acf_changed":false,"footnotes":""},"class_list":["post-1342","page","type-page","status-publish","hentry"],"acf":[],"yoast_head":"<!-- This site is optimized with the Yoast SEO plugin v27.4 - https:\/\/yoast.com\/product\/yoast-seo-wordpress\/ -->\n<title>\u00dcber uns &#8211; Store-IT<\/title>\n<meta name=\"description\" content=\"\u00dcber Store-IT: Seit 25 Jahren Ihr Spezialist f\u00fcr Selfstorage-Software. Wir sind in 18 L\u00e4ndern mit innovativen Cloud-L\u00f6sungen aktiv. Erfahren Sie mehr \u00fcber unsere Vision!\" \/>\n<meta name=\"robots\" content=\"index, follow, max-snippet:-1, max-image-preview:large, max-video-preview:-1\" \/>\n<link rel=\"canonical\" href=\"https:\/\/store-it.eu\/de\/uber-uns\/\" \/>\n<meta property=\"og:locale\" content=\"de_DE\" \/>\n<meta property=\"og:type\" content=\"article\" \/>\n<meta property=\"og:title\" content=\"\u00dcber uns &#8211; Store-IT\" \/>\n<meta property=\"og:description\" content=\"\u00dcber Store-IT: Seit 25 Jahren Ihr Spezialist f\u00fcr Selfstorage-Software. Wir sind in 18 L\u00e4ndern mit innovativen Cloud-L\u00f6sungen aktiv. Erfahren Sie mehr \u00fcber unsere Vision!\" \/>\n<meta property=\"og:url\" content=\"https:\/\/store-it.eu\/de\/uber-uns\/\" \/>\n<meta property=\"og:site_name\" content=\"Store-IT\" \/>\n<meta property=\"article:modified_time\" content=\"2026-04-20T11:53:46+00:00\" \/>\n<meta property=\"og:image\" content=\"https:\/\/store-it.eu\/wp-content\/uploads\/2025\/12\/KANTOOR_6-scaled.jpg\" \/>\n\t<meta property=\"og:image:width\" content=\"2560\" \/>\n\t<meta property=\"og:image:height\" content=\"1707\" \/>\n\t<meta property=\"og:image:type\" content=\"image\/jpeg\" \/>\n<meta name=\"twitter:card\" content=\"summary_large_image\" \/>\n<meta name=\"twitter:label1\" content=\"Gesch\u00e4tzte Lesezeit\" \/>\n\t<meta name=\"twitter:data1\" content=\"1\u00a0Minute\" \/>\n<script type=\"application\/ld+json\" class=\"yoast-schema-graph\">{\"@context\":\"https:\\\/\\\/schema.org\",\"@graph\":[{\"@type\":\"WebPage\",\"@id\":\"https:\\\/\\\/store-it.eu\\\/de\\\/uber-uns\\\/\",\"url\":\"https:\\\/\\\/store-it.eu\\\/de\\\/uber-uns\\\/\",\"name\":\"\u00dcber uns &#8211; Store-IT\",\"isPartOf\":{\"@id\":\"https:\\\/\\\/store-it.eu\\\/de\\\/#website\"},\"primaryImageOfPage\":{\"@id\":\"https:\\\/\\\/store-it.eu\\\/de\\\/uber-uns\\\/#primaryimage\"},\"image\":{\"@id\":\"https:\\\/\\\/store-it.eu\\\/de\\\/uber-uns\\\/#primaryimage\"},\"thumbnailUrl\":\"https:\\\/\\\/store-it.eu\\\/wp-content\\\/uploads\\\/2025\\\/12\\\/KANTOOR_6-1024x683.jpg\",\"datePublished\":\"2025-07-02T06:41:28+00:00\",\"dateModified\":\"2026-04-20T11:53:46+00:00\",\"description\":\"\u00dcber Store-IT: Seit 25 Jahren Ihr Spezialist f\u00fcr Selfstorage-Software. Wir sind in 18 L\u00e4ndern mit innovativen Cloud-L\u00f6sungen aktiv. Erfahren Sie mehr \u00fcber unsere Vision!\",\"breadcrumb\":{\"@id\":\"https:\\\/\\\/store-it.eu\\\/de\\\/uber-uns\\\/#breadcrumb\"},\"inLanguage\":\"de\",\"potentialAction\":[{\"@type\":\"ReadAction\",\"target\":[\"https:\\\/\\\/store-it.eu\\\/de\\\/uber-uns\\\/\"]}]},{\"@type\":\"ImageObject\",\"inLanguage\":\"de\",\"@id\":\"https:\\\/\\\/store-it.eu\\\/de\\\/uber-uns\\\/#primaryimage\",\"url\":\"https:\\\/\\\/store-it.eu\\\/wp-content\\\/uploads\\\/2025\\\/12\\\/KANTOOR_6-1024x683.jpg\",\"contentUrl\":\"https:\\\/\\\/store-it.eu\\\/wp-content\\\/uploads\\\/2025\\\/12\\\/KANTOOR_6-1024x683.jpg\"},{\"@type\":\"BreadcrumbList\",\"@id\":\"https:\\\/\\\/store-it.eu\\\/de\\\/uber-uns\\\/#breadcrumb\",\"itemListElement\":[{\"@type\":\"ListItem\",\"position\":1,\"name\":\"Home\",\"item\":\"https:\\\/\\\/store-it.eu\\\/de\\\/\"},{\"@type\":\"ListItem\",\"position\":2,\"name\":\"\u00dcber uns\"}]},{\"@type\":\"WebSite\",\"@id\":\"https:\\\/\\\/store-it.eu\\\/de\\\/#website\",\"url\":\"https:\\\/\\\/store-it.eu\\\/de\\\/\",\"name\":\"Store-IT\",\"description\":\"Specialist in self storage management software\",\"publisher\":{\"@id\":\"https:\\\/\\\/store-it.eu\\\/de\\\/#organization\"},\"potentialAction\":[{\"@type\":\"SearchAction\",\"target\":{\"@type\":\"EntryPoint\",\"urlTemplate\":\"https:\\\/\\\/store-it.eu\\\/de\\\/?s={search_term_string}\"},\"query-input\":{\"@type\":\"PropertyValueSpecification\",\"valueRequired\":true,\"valueName\":\"search_term_string\"}}],\"inLanguage\":\"de\"},{\"@type\":\"Organization\",\"@id\":\"https:\\\/\\\/store-it.eu\\\/de\\\/#organization\",\"name\":\"Store-IT\",\"url\":\"https:\\\/\\\/store-it.eu\\\/de\\\/\",\"logo\":{\"@type\":\"ImageObject\",\"inLanguage\":\"de\",\"@id\":\"https:\\\/\\\/store-it.eu\\\/de\\\/#\\\/schema\\\/logo\\\/image\\\/\",\"url\":\"https:\\\/\\\/store-it.eu\\\/wp-content\\\/uploads\\\/2025\\\/07\\\/StoreIT_Favicon.png\",\"contentUrl\":\"https:\\\/\\\/store-it.eu\\\/wp-content\\\/uploads\\\/2025\\\/07\\\/StoreIT_Favicon.png\",\"width\":512,\"height\":512,\"caption\":\"Store-IT\"},\"image\":{\"@id\":\"https:\\\/\\\/store-it.eu\\\/de\\\/#\\\/schema\\\/logo\\\/image\\\/\"}}]}<\/script>\n<!-- \/ Yoast SEO plugin. -->","yoast_head_json":{"title":"\u00dcber uns &#8211; Store-IT","description":"\u00dcber Store-IT: Seit 25 Jahren Ihr Spezialist f\u00fcr Selfstorage-Software. Wir sind in 18 L\u00e4ndern mit innovativen Cloud-L\u00f6sungen aktiv. Erfahren Sie mehr \u00fcber unsere Vision!","robots":{"index":"index","follow":"follow","max-snippet":"max-snippet:-1","max-image-preview":"max-image-preview:large","max-video-preview":"max-video-preview:-1"},"canonical":"https:\/\/store-it.eu\/de\/uber-uns\/","og_locale":"de_DE","og_type":"article","og_title":"\u00dcber uns &#8211; Store-IT","og_description":"\u00dcber Store-IT: Seit 25 Jahren Ihr Spezialist f\u00fcr Selfstorage-Software. Wir sind in 18 L\u00e4ndern mit innovativen Cloud-L\u00f6sungen aktiv. Erfahren Sie mehr \u00fcber unsere Vision!","og_url":"https:\/\/store-it.eu\/de\/uber-uns\/","og_site_name":"Store-IT","article_modified_time":"2026-04-20T11:53:46+00:00","og_image":[{"width":2560,"height":1707,"url":"https:\/\/store-it.eu\/wp-content\/uploads\/2025\/12\/KANTOOR_6-scaled.jpg","type":"image\/jpeg"}],"twitter_card":"summary_large_image","twitter_misc":{"Gesch\u00e4tzte Lesezeit":"1\u00a0Minute"},"schema":{"@context":"https:\/\/schema.org","@graph":[{"@type":"WebPage","@id":"https:\/\/store-it.eu\/de\/uber-uns\/","url":"https:\/\/store-it.eu\/de\/uber-uns\/","name":"\u00dcber uns &#8211; Store-IT","isPartOf":{"@id":"https:\/\/store-it.eu\/de\/#website"},"primaryImageOfPage":{"@id":"https:\/\/store-it.eu\/de\/uber-uns\/#primaryimage"},"image":{"@id":"https:\/\/store-it.eu\/de\/uber-uns\/#primaryimage"},"thumbnailUrl":"https:\/\/store-it.eu\/wp-content\/uploads\/2025\/12\/KANTOOR_6-1024x683.jpg","datePublished":"2025-07-02T06:41:28+00:00","dateModified":"2026-04-20T11:53:46+00:00","description":"\u00dcber Store-IT: Seit 25 Jahren Ihr Spezialist f\u00fcr Selfstorage-Software. Wir sind in 18 L\u00e4ndern mit innovativen Cloud-L\u00f6sungen aktiv. Erfahren Sie mehr \u00fcber unsere Vision!","breadcrumb":{"@id":"https:\/\/store-it.eu\/de\/uber-uns\/#breadcrumb"},"inLanguage":"de","potentialAction":[{"@type":"ReadAction","target":["https:\/\/store-it.eu\/de\/uber-uns\/"]}]},{"@type":"ImageObject","inLanguage":"de","@id":"https:\/\/store-it.eu\/de\/uber-uns\/#primaryimage","url":"https:\/\/store-it.eu\/wp-content\/uploads\/2025\/12\/KANTOOR_6-1024x683.jpg","contentUrl":"https:\/\/store-it.eu\/wp-content\/uploads\/2025\/12\/KANTOOR_6-1024x683.jpg"},{"@type":"BreadcrumbList","@id":"https:\/\/store-it.eu\/de\/uber-uns\/#breadcrumb","itemListElement":[{"@type":"ListItem","position":1,"name":"Home","item":"https:\/\/store-it.eu\/de\/"},{"@type":"ListItem","position":2,"name":"\u00dcber uns"}]},{"@type":"WebSite","@id":"https:\/\/store-it.eu\/de\/#website","url":"https:\/\/store-it.eu\/de\/","name":"Store-IT","description":"Specialist in self storage management software","publisher":{"@id":"https:\/\/store-it.eu\/de\/#organization"},"potentialAction":[{"@type":"SearchAction","target":{"@type":"EntryPoint","urlTemplate":"https:\/\/store-it.eu\/de\/?s={search_term_string}"},"query-input":{"@type":"PropertyValueSpecification","valueRequired":true,"valueName":"search_term_string"}}],"inLanguage":"de"},{"@type":"Organization","@id":"https:\/\/store-it.eu\/de\/#organization","name":"Store-IT","url":"https:\/\/store-it.eu\/de\/","logo":{"@type":"ImageObject","inLanguage":"de","@id":"https:\/\/store-it.eu\/de\/#\/schema\/logo\/image\/","url":"https:\/\/store-it.eu\/wp-content\/uploads\/2025\/07\/StoreIT_Favicon.png","contentUrl":"https:\/\/store-it.eu\/wp-content\/uploads\/2025\/07\/StoreIT_Favicon.png","width":512,"height":512,"caption":"Store-IT"},"image":{"@id":"https:\/\/store-it.eu\/de\/#\/schema\/logo\/image\/"}}]}},"_links":{"self":[{"href":"https:\/\/store-it.eu\/de\/wp-json\/wp\/v2\/pages\/1342","targetHints":{"allow":["GET"]}}],"collection":[{"href":"https:\/\/store-it.eu\/de\/wp-json\/wp\/v2\/pages"}],"about":[{"href":"https:\/\/store-it.eu\/de\/wp-json\/wp\/v2\/types\/page"}],"author":[{"embeddable":true,"href":"https:\/\/store-it.eu\/de\/wp-json\/wp\/v2\/users\/1"}],"replies":[{"embeddable":true,"href":"https:\/\/store-it.eu\/de\/wp-json\/wp\/v2\/comments?post=1342"}],"version-history":[{"count":7,"href":"https:\/\/store-it.eu\/de\/wp-json\/wp\/v2\/pages\/1342\/revisions"}],"predecessor-version":[{"id":3115,"href":"https:\/\/store-it.eu\/de\/wp-json\/wp\/v2\/pages\/1342\/revisions\/3115"}],"wp:attachment":[{"href":"https:\/\/store-it.eu\/de\/wp-json\/wp\/v2\/media?parent=1342"}],"curies":[{"name":"wp","href":"https:\/\/api.w.org\/{rel}","templated":true}]}}