{"id":1350,"date":"2025-03-27T09:24:08","date_gmt":"2025-03-27T08:24:08","guid":{"rendered":"https:\/\/store-it.dev001.booom.digital\/?page_id=1350"},"modified":"2026-02-20T11:16:38","modified_gmt":"2026-02-20T10:16:38","slug":"datenschutzrichtlinie","status":"publish","type":"page","link":"https:\/\/store-it.eu\/de\/datenschutzrichtlinie\/","title":{"rendered":"Datenschutzrichtlinie"},"content":{"rendered":"\n<div class=\"wp-block-group alignfull is-style-hexagon has-background has-global-padding is-layout-constrained wp-block-group-is-layout-constrained\" style=\"border-radius:25px;background:linear-gradient(180deg,rgb(28,14,60) 1%,rgb(192,132,252) 100%);padding-top:var(--wp--preset--spacing--xxxxxxxxxl);padding-bottom:0\">\n<div class=\"wp-block-columns alignwide are-vertically-aligned-center is-layout-flex wp-container-core-columns-is-layout-39df6aaa wp-block-columns-is-layout-flex\" style=\"padding-top:var(--wp--preset--spacing--xxxxxxxxl);padding-bottom:var(--wp--preset--spacing--xxxxxxxxl)\">\n<div class=\"wp-block-column is-vertically-aligned-center is-layout-flow wp-block-column-is-layout-flow\">\n<div class=\"wp-block-group alignwide is-vertical is-layout-flex wp-container-core-group-is-layout-fe9cc265 wp-block-group-is-layout-flex\">\n<div class=\"wp-block-group alignwide has-global-padding is-content-justification-left is-layout-constrained wp-container-core-group-is-layout-b498b38b wp-block-group-is-layout-constrained\"><h1 class=\"has-link-color wp-elements-1f73820135701125b82a0d4162906c6e wp-block-post-title has-text-color has-base-color\">Datenschutzrichtlinie<\/h1>\n\n\n<p class=\"has-secondary-color has-text-color has-link-color wp-elements-ca626281b8cb9449d3405b6380a78298\">Letzte Aktualisierung: <strong>Juli 2025<\/strong><\/p>\n\n\n\n<div class=\"wp-block-buttons is-layout-flex wp-block-buttons-is-layout-flex\">\n<div class=\"wp-block-button\"><a class=\"wp-block-button__link wp-element-button\" href=\"https:\/\/store-it.eu\/wp-content\/uploads\/2026\/02\/Datenschutzerklarung_Store-IT_DE.pdf\" style=\"border-style:none;border-width:0px\">PDF Herunterladen<\/a><\/div>\n<\/div>\n<\/div>\n<\/div>\n<\/div>\n<\/div>\n<\/div>\n\n\n\n<div class=\"wp-block-group alignfull has-global-padding is-layout-constrained wp-container-core-group-is-layout-abf79aa3 wp-block-group-is-layout-constrained\" style=\"padding-top:var(--wp--preset--spacing--xxxxxxxxxl);padding-bottom:var(--wp--preset--spacing--xxxxxxxxxl)\">\n<div class=\"wp-block-group alignwide is-layout-flow wp-block-group-is-layout-flow\">\n<p>Uniserve, handelnd unter dem Handelsnamen Store-IT, mit Sitz in der Korte Hogendijk 14, 1506 MA Zaandam, ist verantwortlich f\u00fcr die Verarbeitung personenbezogener Daten, wie in dieser Datenschutzerkl\u00e4rung beschrieben.<\/p>\n\n\n\n<h2 class=\"wp-block-heading\">Kontaktdaten<\/h2>\n\n\n\n<p>www.store-it.eu<br>Korte Hogendijk 14<br>1506 MA Zaandam<br>+31 (0)75 &#8211; 64 72 130<\/p>\n<\/div>\n\n\n\n<div class=\"wp-block-group alignwide is-layout-flow wp-block-group-is-layout-flow\">\n<h2 class=\"wp-block-heading\">Personenbezogene Daten, die Store-IT verarbeitet<\/h2>\n\n\n\n<p>Store-IT verarbeitet Ihre personenbezogenen Daten, weil Sie unsere Dienstleistungen in Anspruch nehmen und\/oder weil Sie uns diese selbst \u00fcber unsere Website zur Verf\u00fcgung stellen. Nachfolgend finden Sie eine \u00dcbersicht der personenbezogenen Daten, die wir verarbeiten:<\/p>\n\n\n\n<ul class=\"wp-block-list\">\n<li>Telefonnummer<\/li>\n\n\n\n<li>E-Mail-Adresse<\/li>\n\n\n\n<li>IP-Adresse<\/li>\n<\/ul>\n<\/div>\n\n\n\n<div class=\"wp-block-group alignwide is-layout-flow wp-block-group-is-layout-flow\">\n<h2 class=\"wp-block-heading\">Besondere und\/oder sensible personenbezogene Daten, die wir verarbeiten<\/h2>\n\n\n\n<p>Unsere Website und\/oder Dienstleistung hat nicht die Absicht, Daten von Websitebesuchern zu sammeln, die j\u00fcnger als 16 Jahre sind, es sei denn, sie verf\u00fcgen \u00fcber die Zustimmung ihrer Eltern oder Erziehungsberechtigten. Wir k\u00f6nnen jedoch nicht \u00fcberpr\u00fcfen, ob ein Besucher \u00e4lter als 16 Jahre ist. Wir empfehlen Eltern daher, die Online-Aktivit\u00e4ten ihrer Kinder zu begleiten, um zu verhindern, dass Daten von Kindern ohne elterliche Zustimmung gesammelt werden. Wenn Sie davon \u00fcberzeugt sind, dass wir ohne diese Zustimmung personenbezogene Daten eines Minderj\u00e4hrigen erhoben haben, kontaktieren Sie uns bitte unter support@store-it.eu. Wir werden diese Informationen umgehend l\u00f6schen.<\/p>\n<\/div>\n\n\n\n<div class=\"wp-block-group alignwide is-layout-flow wp-block-group-is-layout-flow\">\n<h2 class=\"wp-block-heading\">Zu welchem Zweck verarbeitet Store-IT personenbezogene Daten<\/h2>\n\n\n\n<p>Store-IT verarbeitet Ihre personenbezogenen Daten zu folgenden Zwecken:<\/p>\n\n\n\n<p>Um Sie aufgrund Ihrer eingereichten Anfrage telefonisch oder per E-Mail kontaktieren zu k\u00f6nnen<\/p>\n\n\n\n<p>Um Sie telefonisch oder per E-Mail kontaktieren zu k\u00f6nnen, wenn dies f\u00fcr die Durchf\u00fchrung unserer Dienstleistungen erforderlich ist<\/p>\n<\/div>\n\n\n\n<div class=\"wp-block-group alignwide is-layout-flow wp-block-group-is-layout-flow\">\n<h2 class=\"wp-block-heading\">Automatisierte Entscheidungsfindung<\/h2>\n\n\n\n<p>Store-IT verwendet keine automatisierte Entscheidungsfindung.<\/p>\n<\/div>\n\n\n\n<div class=\"wp-block-group alignwide is-layout-flow wp-block-group-is-layout-flow\">\n<h2 class=\"wp-block-heading\">Wie lange Store-IT personenbezogene Daten speichert<\/h2>\n\n\n\n<p>Store-IT speichert Ihre personenbezogenen Daten nicht l\u00e4nger als unbedingt erforderlich, um die Zwecke zu erf\u00fcllen, f\u00fcr die Ihre Daten erhoben wurden:<\/p>\n\n\n\n<p>Daten im Zusammenhang mit einer Informationsanfrage: bis die Anfrage abgeschlossen ist<\/p>\n\n\n\n<p>Daten zur Durchf\u00fchrung unserer Dienstleistungen: bis zu einem Jahr nach Abschluss des Auftrags<\/p>\n<\/div>\n\n\n\n<div class=\"wp-block-group alignwide is-layout-flow wp-block-group-is-layout-flow\">\n<h2 class=\"wp-block-heading\">Weitergabe personenbezogener Daten an Dritte<\/h2>\n\n\n\n<p>Store-IT gibt personenbezogene Daten ausschlie\u00dflich an Dritte weiter, wenn dies f\u00fcr die Erf\u00fcllung unseres Vertrags mit Ihnen erforderlich ist oder um einer gesetzlichen Verpflichtung nachzukommen.<\/p>\n<\/div>\n\n\n\n<div class=\"wp-block-group alignwide is-layout-flow wp-block-group-is-layout-flow\">\n<h2 class=\"wp-block-heading\">Cookies oder \u00e4hnliche Technologien, die Store-IT verwendet<\/h2>\n\n\n\n<p>Store-IT verwendet technische und funktionale Cookies. Ein cookie ist eine kleine Textdatei, die beim ersten Besuch dieser Website auf Ihrem Computer, Tablet oder Smartphone gespeichert wird. Die von uns verwendeten Cookies sind f\u00fcr die technische Funktion der Website und Ihren Nutzungskomfort erforderlich. Sie stellen sicher, dass die Website ordnungsgem\u00e4\u00df funktioniert und speichern beispielsweise Ihre Pr\u00e4ferenzeinstellungen. Dar\u00fcber hinaus k\u00f6nnen wir damit unsere Website optimieren. Sie k\u00f6nnen Cookies deaktivieren, indem Sie Ihren Internetbrowser so einstellen, dass er keine Cookies mehr speichert. Au\u00dferdem k\u00f6nnen Sie alle zuvor gespeicherten Informationen \u00fcber die Einstellungen Ihres Browsers l\u00f6schen.<\/p>\n<\/div>\n\n\n\n<div class=\"wp-block-group alignwide is-layout-flow wp-block-group-is-layout-flow\">\n<h2 class=\"wp-block-heading\">reCAPTCHA<\/h2>\n\n\n\n<p>Store-IT verwendet den reCAPTCHA-Service von Google Inc. (Google), um unsere Website vor Spam und Missbrauch zu sch\u00fctzen. Damit Google reCAPTCHA funktioniert, werden die IP-Adresse eines Websitebesuchers, Mausbewegungen und m\u00f6glicherweise weitere Daten erfasst. Diese Informationen werden an Google \u00fcbermittelt und dort verarbeitet. Durch die Analyse dieser Daten kann Google feststellen, ob es sich um einen echten Besucher oder einen Bot handelt. Weitere Informationen finden Sie in der Datenschutzerkl\u00e4rung von Google.<\/p>\n<\/div>\n\n\n\n<div class=\"wp-block-group alignwide is-layout-flow wp-block-group-is-layout-flow\">\n<h2 class=\"wp-block-heading\">Google Analytics<\/h2>\n\n\n\n<p>Store-IT verwendet Google Analytics, um Einblick in die Nutzung unserer Website zu erhalten, damit wir Design und Funktionalit\u00e4t kontinuierlich verbessern k\u00f6nnen. Google Analytics ist so datenschutzfreundlich wie m\u00f6glich konfiguriert. Weitere Informationen finden Sie in der Datenschutzerkl\u00e4rung von Google.<\/p>\n<\/div>\n\n\n\n<div class=\"wp-block-group alignwide is-layout-flow wp-block-group-is-layout-flow\">\n<h2 class=\"wp-block-heading\">Daten einsehen, anpassen oder l\u00f6schen<\/h2>\n\n\n\n<p>Sie haben das Recht, Ihre personenbezogenen Daten einzusehen, zu berichtigen oder l\u00f6schen zu lassen. Dar\u00fcber hinaus haben Sie das Recht, eine erteilte Einwilligung zur Datenverarbeitung zu widerrufen oder der Verarbeitung Ihrer personenbezogenen Daten durch Store-IT zu widersprechen. Au\u00dferdem haben Sie das Recht auf Daten\u00fcbertragbarkeit. Das bedeutet, dass Sie bei uns einen Antrag stellen k\u00f6nnen, damit wir die personenbezogenen Daten, die wir von Ihnen gespeichert haben, in einer strukturierten, g\u00e4ngigen und maschinenlesbaren Datei an Sie oder eine von Ihnen benannte Organisation \u00fcbermitteln.<\/p>\n\n\n\n<p>Sie k\u00f6nnen einen Antrag auf Auskunft, Berichtigung, L\u00f6schung oder Daten\u00fcbertragbarkeit Ihrer personenbezogenen Daten oder einen Antrag auf Widerruf Ihrer Einwilligung oder Widerspruch gegen die Verarbeitung Ihrer personenbezogenen Daten an support@store-it.eu senden. Um sicherzustellen, dass der Antrag auf Auskunft von Ihnen gestellt wurde, bitten wir Sie, eine Kopie Ihres Ausweisdokuments beizuf\u00fcgen. Schw\u00e4rzen Sie in dieser Kopie bitte Ihr Passfoto, die MRZ (Machine Readable Zone, der maschinenlesbare Bereich mit Zahlen am unteren Rand des Passes), die Passnummer sowie Ihre B\u00fcrgerservicenummer (BSN). Dies dient dem Schutz Ihrer Privatsph\u00e4re. Wir reagieren so schnell wie m\u00f6glich, sp\u00e4testens jedoch innerhalb von vier Wochen, auf Ihr Anliegen. Store-IT weist Sie au\u00dferdem darauf hin, dass Sie das Recht haben, eine Beschwerde bei der nationalen Aufsichtsbeh\u00f6rde, der niederl\u00e4ndischen Datenschutzbeh\u00f6rde (Autoriteit Persoonsgegevens), einzureichen.<\/p>\n\n\n\n<p>Dies ist m\u00f6glich \u00fcber: <a href=\"https:\/\/autoriteitpersoonsgegevens.nl\/nl\/contact-met-de-autoriteit-persoonsgegevens\/tip-ons\">https:\/\/autoriteitpersoonsgegevens.nl\/nl\/contact-met-de-autoriteit-persoonsgegevens\/tip-ons<\/a><\/p>\n<\/div>\n\n\n\n<div class=\"wp-block-group alignwide is-layout-flow wp-block-group-is-layout-flow\">\n<h2 class=\"wp-block-heading\">Wie Store-IT personenbezogene Daten sch\u00fctzt<\/h2>\n\n\n\n<p>Store-IT nimmt den Schutz Ihrer Daten ernst und ergreift geeignete organisatorische und technische Ma\u00dfnahmen, um Missbrauch, Verlust, unbefugten Zugriff, unerw\u00fcnschte Offenlegung und unzul\u00e4ssige \u00c4nderungen zu verhindern. Wenn Sie den Eindruck haben, dass Ihre Daten nicht ordnungsgem\u00e4\u00df gesichert sind oder Hinweise auf Missbrauch bestehen, kontaktieren Sie uns bitte unter <a href=\"mailto:support@store-it.eu\">support@store-it.eu<\/a>.<\/p>\n<\/div>\n<\/div>\n","protected":false},"excerpt":{"rendered":"<p>Letzte Aktualisierung: Juli 2025 Uniserve, handelnd unter dem Handelsnamen Store-IT, mit Sitz in der Korte Hogendijk 14, 1506 MA Zaandam, ist verantwortlich f\u00fcr die Verarbeitung personenbezogener Daten, wie in dieser Datenschutzerkl\u00e4rung beschrieben. Kontaktdaten www.store-it.euKorte Hogendijk 141506 MA Zaandam+31 (0)75 &#8211; 64 72 130 Personenbezogene Daten, die Store-IT verarbeitet Store-IT verarbeitet Ihre personenbezogenen Daten, weil Sie [&hellip;]<\/p>\n","protected":false},"author":1,"featured_media":0,"parent":0,"menu_order":46,"comment_status":"closed","ping_status":"closed","template":"","meta":{"_acf_changed":false,"footnotes":""},"class_list":["post-1350","page","type-page","status-publish","hentry"],"acf":[],"yoast_head":"<!-- This site is optimized with the Yoast SEO plugin v27.4 - https:\/\/yoast.com\/product\/yoast-seo-wordpress\/ -->\n<title>Datenschutzrichtlinie &#8211; Store-IT<\/title>\n<meta name=\"robots\" content=\"index, follow, max-snippet:-1, max-image-preview:large, max-video-preview:-1\" \/>\n<link rel=\"canonical\" href=\"https:\/\/store-it.eu\/de\/datenschutzrichtlinie\/\" \/>\n<meta property=\"og:locale\" content=\"de_DE\" \/>\n<meta property=\"og:type\" content=\"article\" \/>\n<meta property=\"og:title\" content=\"Datenschutzrichtlinie &#8211; Store-IT\" \/>\n<meta property=\"og:description\" content=\"Letzte Aktualisierung: Juli 2025 Uniserve, handelnd unter dem Handelsnamen Store-IT, mit Sitz in der Korte Hogendijk 14, 1506 MA Zaandam, ist verantwortlich f\u00fcr die Verarbeitung personenbezogener Daten, wie in dieser Datenschutzerkl\u00e4rung beschrieben. Kontaktdaten www.store-it.euKorte Hogendijk 141506 MA Zaandam+31 (0)75 &#8211; 64 72 130 Personenbezogene Daten, die Store-IT verarbeitet Store-IT verarbeitet Ihre personenbezogenen Daten, weil Sie [&hellip;]\" \/>\n<meta property=\"og:url\" content=\"https:\/\/store-it.eu\/de\/datenschutzrichtlinie\/\" \/>\n<meta property=\"og:site_name\" content=\"Store-IT\" \/>\n<meta property=\"article:modified_time\" content=\"2026-02-20T10:16:38+00:00\" \/>\n<meta property=\"og:image\" content=\"https:\/\/store-it.eu\/wp-content\/uploads\/2025\/07\/StoreIT_Favicon.png\" \/>\n\t<meta property=\"og:image:width\" content=\"512\" \/>\n\t<meta property=\"og:image:height\" content=\"512\" \/>\n\t<meta property=\"og:image:type\" content=\"image\/png\" \/>\n<meta name=\"twitter:card\" content=\"summary_large_image\" \/>\n<meta name=\"twitter:label1\" content=\"Gesch\u00e4tzte Lesezeit\" \/>\n\t<meta name=\"twitter:data1\" content=\"4\u00a0Minuten\" \/>\n<script type=\"application\/ld+json\" class=\"yoast-schema-graph\">{\"@context\":\"https:\\\/\\\/schema.org\",\"@graph\":[{\"@type\":\"WebPage\",\"@id\":\"https:\\\/\\\/store-it.eu\\\/de\\\/datenschutzrichtlinie\\\/\",\"url\":\"https:\\\/\\\/store-it.eu\\\/de\\\/datenschutzrichtlinie\\\/\",\"name\":\"Datenschutzrichtlinie &#8211; Store-IT\",\"isPartOf\":{\"@id\":\"https:\\\/\\\/store-it.eu\\\/de\\\/#website\"},\"datePublished\":\"2025-03-27T08:24:08+00:00\",\"dateModified\":\"2026-02-20T10:16:38+00:00\",\"breadcrumb\":{\"@id\":\"https:\\\/\\\/store-it.eu\\\/de\\\/datenschutzrichtlinie\\\/#breadcrumb\"},\"inLanguage\":\"de\",\"potentialAction\":[{\"@type\":\"ReadAction\",\"target\":[\"https:\\\/\\\/store-it.eu\\\/de\\\/datenschutzrichtlinie\\\/\"]}]},{\"@type\":\"BreadcrumbList\",\"@id\":\"https:\\\/\\\/store-it.eu\\\/de\\\/datenschutzrichtlinie\\\/#breadcrumb\",\"itemListElement\":[{\"@type\":\"ListItem\",\"position\":1,\"name\":\"Home\",\"item\":\"https:\\\/\\\/store-it.eu\\\/de\\\/\"},{\"@type\":\"ListItem\",\"position\":2,\"name\":\"Datenschutzrichtlinie\"}]},{\"@type\":\"WebSite\",\"@id\":\"https:\\\/\\\/store-it.eu\\\/de\\\/#website\",\"url\":\"https:\\\/\\\/store-it.eu\\\/de\\\/\",\"name\":\"Store-IT\",\"description\":\"Specialist in self storage management software\",\"publisher\":{\"@id\":\"https:\\\/\\\/store-it.eu\\\/de\\\/#organization\"},\"potentialAction\":[{\"@type\":\"SearchAction\",\"target\":{\"@type\":\"EntryPoint\",\"urlTemplate\":\"https:\\\/\\\/store-it.eu\\\/de\\\/?s={search_term_string}\"},\"query-input\":{\"@type\":\"PropertyValueSpecification\",\"valueRequired\":true,\"valueName\":\"search_term_string\"}}],\"inLanguage\":\"de\"},{\"@type\":\"Organization\",\"@id\":\"https:\\\/\\\/store-it.eu\\\/de\\\/#organization\",\"name\":\"Store-IT\",\"url\":\"https:\\\/\\\/store-it.eu\\\/de\\\/\",\"logo\":{\"@type\":\"ImageObject\",\"inLanguage\":\"de\",\"@id\":\"https:\\\/\\\/store-it.eu\\\/de\\\/#\\\/schema\\\/logo\\\/image\\\/\",\"url\":\"https:\\\/\\\/store-it.eu\\\/wp-content\\\/uploads\\\/2025\\\/07\\\/StoreIT_Favicon.png\",\"contentUrl\":\"https:\\\/\\\/store-it.eu\\\/wp-content\\\/uploads\\\/2025\\\/07\\\/StoreIT_Favicon.png\",\"width\":512,\"height\":512,\"caption\":\"Store-IT\"},\"image\":{\"@id\":\"https:\\\/\\\/store-it.eu\\\/de\\\/#\\\/schema\\\/logo\\\/image\\\/\"}}]}<\/script>\n<!-- \/ Yoast SEO plugin. -->","yoast_head_json":{"title":"Datenschutzrichtlinie &#8211; Store-IT","robots":{"index":"index","follow":"follow","max-snippet":"max-snippet:-1","max-image-preview":"max-image-preview:large","max-video-preview":"max-video-preview:-1"},"canonical":"https:\/\/store-it.eu\/de\/datenschutzrichtlinie\/","og_locale":"de_DE","og_type":"article","og_title":"Datenschutzrichtlinie &#8211; Store-IT","og_description":"Letzte Aktualisierung: Juli 2025 Uniserve, handelnd unter dem Handelsnamen Store-IT, mit Sitz in der Korte Hogendijk 14, 1506 MA Zaandam, ist verantwortlich f\u00fcr die Verarbeitung personenbezogener Daten, wie in dieser Datenschutzerkl\u00e4rung beschrieben. Kontaktdaten www.store-it.euKorte Hogendijk 141506 MA Zaandam+31 (0)75 &#8211; 64 72 130 Personenbezogene Daten, die Store-IT verarbeitet Store-IT verarbeitet Ihre personenbezogenen Daten, weil Sie [&hellip;]","og_url":"https:\/\/store-it.eu\/de\/datenschutzrichtlinie\/","og_site_name":"Store-IT","article_modified_time":"2026-02-20T10:16:38+00:00","og_image":[{"width":512,"height":512,"url":"https:\/\/store-it.eu\/wp-content\/uploads\/2025\/07\/StoreIT_Favicon.png","type":"image\/png"}],"twitter_card":"summary_large_image","twitter_misc":{"Gesch\u00e4tzte Lesezeit":"4\u00a0Minuten"},"schema":{"@context":"https:\/\/schema.org","@graph":[{"@type":"WebPage","@id":"https:\/\/store-it.eu\/de\/datenschutzrichtlinie\/","url":"https:\/\/store-it.eu\/de\/datenschutzrichtlinie\/","name":"Datenschutzrichtlinie &#8211; Store-IT","isPartOf":{"@id":"https:\/\/store-it.eu\/de\/#website"},"datePublished":"2025-03-27T08:24:08+00:00","dateModified":"2026-02-20T10:16:38+00:00","breadcrumb":{"@id":"https:\/\/store-it.eu\/de\/datenschutzrichtlinie\/#breadcrumb"},"inLanguage":"de","potentialAction":[{"@type":"ReadAction","target":["https:\/\/store-it.eu\/de\/datenschutzrichtlinie\/"]}]},{"@type":"BreadcrumbList","@id":"https:\/\/store-it.eu\/de\/datenschutzrichtlinie\/#breadcrumb","itemListElement":[{"@type":"ListItem","position":1,"name":"Home","item":"https:\/\/store-it.eu\/de\/"},{"@type":"ListItem","position":2,"name":"Datenschutzrichtlinie"}]},{"@type":"WebSite","@id":"https:\/\/store-it.eu\/de\/#website","url":"https:\/\/store-it.eu\/de\/","name":"Store-IT","description":"Specialist in self storage management software","publisher":{"@id":"https:\/\/store-it.eu\/de\/#organization"},"potentialAction":[{"@type":"SearchAction","target":{"@type":"EntryPoint","urlTemplate":"https:\/\/store-it.eu\/de\/?s={search_term_string}"},"query-input":{"@type":"PropertyValueSpecification","valueRequired":true,"valueName":"search_term_string"}}],"inLanguage":"de"},{"@type":"Organization","@id":"https:\/\/store-it.eu\/de\/#organization","name":"Store-IT","url":"https:\/\/store-it.eu\/de\/","logo":{"@type":"ImageObject","inLanguage":"de","@id":"https:\/\/store-it.eu\/de\/#\/schema\/logo\/image\/","url":"https:\/\/store-it.eu\/wp-content\/uploads\/2025\/07\/StoreIT_Favicon.png","contentUrl":"https:\/\/store-it.eu\/wp-content\/uploads\/2025\/07\/StoreIT_Favicon.png","width":512,"height":512,"caption":"Store-IT"},"image":{"@id":"https:\/\/store-it.eu\/de\/#\/schema\/logo\/image\/"}}]}},"_links":{"self":[{"href":"https:\/\/store-it.eu\/de\/wp-json\/wp\/v2\/pages\/1350","targetHints":{"allow":["GET"]}}],"collection":[{"href":"https:\/\/store-it.eu\/de\/wp-json\/wp\/v2\/pages"}],"about":[{"href":"https:\/\/store-it.eu\/de\/wp-json\/wp\/v2\/types\/page"}],"author":[{"embeddable":true,"href":"https:\/\/store-it.eu\/de\/wp-json\/wp\/v2\/users\/1"}],"replies":[{"embeddable":true,"href":"https:\/\/store-it.eu\/de\/wp-json\/wp\/v2\/comments?post=1350"}],"version-history":[{"count":2,"href":"https:\/\/store-it.eu\/de\/wp-json\/wp\/v2\/pages\/1350\/revisions"}],"predecessor-version":[{"id":2181,"href":"https:\/\/store-it.eu\/de\/wp-json\/wp\/v2\/pages\/1350\/revisions\/2181"}],"wp:attachment":[{"href":"https:\/\/store-it.eu\/de\/wp-json\/wp\/v2\/media?parent=1350"}],"curies":[{"name":"wp","href":"https:\/\/api.w.org\/{rel}","templated":true}]}}