{"id":2259,"date":"2025-07-02T08:41:28","date_gmt":"2025-07-02T06:41:28","guid":{"rendered":"https:\/\/store-it.dev001.booom.digital\/sobre-nosotros\/"},"modified":"2026-04-20T13:43:36","modified_gmt":"2026-04-20T11:43:36","slug":"sobre-nosotros","status":"publish","type":"page","link":"https:\/\/store-it.eu\/es\/sobre-nosotros\/","title":{"rendered":"Sobre nosotros"},"content":{"rendered":"\n<div class=\"wp-block-group alignfull is-style-hero-container has-global-padding is-layout-constrained wp-block-group-is-layout-constrained\">\n<div class=\"wp-block-group alignfull is-style-hexagon has-background has-global-padding is-layout-constrained wp-block-group-is-layout-constrained\" style=\"border-radius:25px;background:linear-gradient(180deg,rgb(28,14,60) 1%,rgb(192,132,252) 100%);padding-top:var(--wp--preset--spacing--xxxxxxxxxl);padding-bottom:0\">\n<div class=\"wp-block-columns alignwide are-vertically-aligned-center is-layout-flex wp-container-core-columns-is-layout-39df6aaa wp-block-columns-is-layout-flex\" style=\"padding-top:var(--wp--preset--spacing--xxxxxxxxl);padding-bottom:var(--wp--preset--spacing--xxxxxxxxl)\">\n<div class=\"wp-block-column is-vertically-aligned-center is-layout-flow wp-block-column-is-layout-flow\">\n<div class=\"wp-block-group alignwide is-vertical is-layout-flex wp-container-core-group-is-layout-fe9cc265 wp-block-group-is-layout-flex\">\n<div class=\"wp-block-group alignwide has-global-padding is-content-justification-left is-layout-constrained wp-container-core-group-is-layout-b498b38b wp-block-group-is-layout-constrained\">\n<h1 class=\"wp-block-heading alignwide has-base-color has-text-color has-link-color wp-elements-0fac6b00833238d941059383f4316c8b\" style=\"margin-bottom:var(--wp--preset--spacing--md)\">Tienda-TI<\/h1>\n<\/div>\n\n\n\n<div class=\"wp-block-group has-base-color has-text-color has-link-color wp-elements-bc0b0419d986dacf290fb60c8c0819f6 has-global-padding is-layout-constrained wp-container-core-group-is-layout-7a1064c7 wp-block-group-is-layout-constrained\">\n<h2 class=\"wp-block-heading has-xxxl-font-size\">M\u00e1s de 25 a\u00f1os de innovaci\u00f3n en software para autoalmacenamiento.<\/h2>\n\n\n\n<p>Desde el a\u00f1o 2000, Store-IT es especialista en software de gesti\u00f3n de almacenes de autoalmacenamiento. Con nuestro software, ayudamos a operadores en m\u00e1s de 18 pa\u00edses a gestionar sus instalaciones de forma eficiente. El software Store-IT est\u00e1 disponible en 8 idiomas y se basa completamente en la nube, lo que garantiza el acceso a los datos de su negocio en cualquier momento y lugar.  <\/p>\n\n\n\n<div class=\"wp-block-buttons is-layout-flex wp-block-buttons-is-layout-flex\" style=\"margin-top:var(--wp--preset--spacing--xxxxl)\">\n<div class=\"wp-block-button\"><a class=\"wp-block-button__link has-border-color has-secondary-border-color wp-element-button\" href=\"https:\/\/store-it.eu\/es\/reserva-una-demostracion\/\">Reserva una demostraci\u00f3n<\/a><\/div>\n\n\n\n<div class=\"wp-block-button is-style-outline is-style-outline--1\"><a class=\"wp-block-button__link has-border-color has-base-border-color wp-element-button\" href=\"https:\/\/store-it.eu\/es\/nuestros-clientes\/\">Nuestros clientes<\/a><\/div>\n<\/div>\n<\/div>\n<\/div>\n<\/div>\n\n\n\n<div class=\"wp-block-column is-vertically-aligned-center is-layout-flow wp-block-column-is-layout-flow\">\n<figure style=\"\" class=\"wp-block-image size-large\"><img loading=\"lazy\" decoding=\"async\" width=\"1024\" height=\"683\" src=\"https:\/\/store-it.eu\/wp-content\/uploads\/2025\/12\/KANTOOR_6-1024x683.jpg\" alt=\"\" class=\"wp-image-1949\" style=\"aspect-ratio:4\/3;object-fit:cover\" srcset=\"https:\/\/store-it.eu\/wp-content\/uploads\/2025\/12\/KANTOOR_6-1024x683.jpg 1024w, https:\/\/store-it.eu\/wp-content\/uploads\/2025\/12\/KANTOOR_6-300x200.jpg 300w, https:\/\/store-it.eu\/wp-content\/uploads\/2025\/12\/KANTOOR_6-768x512.jpg 768w, https:\/\/store-it.eu\/wp-content\/uploads\/2025\/12\/KANTOOR_6-1536x1024.jpg 1536w, https:\/\/store-it.eu\/wp-content\/uploads\/2025\/12\/KANTOOR_6-2048x1365.jpg 2048w\" sizes=\"auto, (max-width: 1024px) 100vw, 1024px\" \/><\/figure>\n<\/div>\n<\/div>\n<\/div>\n<\/div>\n\n<div style=\"height:var(--wp--preset--spacing--xxxxxxxxxl)\" aria-hidden=\"true\" class=\"wp-block-spacer\"><\/div>\n\n<div class=\"wp-block-group alignwide has-global-padding is-layout-constrained wp-block-group-is-layout-constrained\">\n<div class=\"wp-block-columns alignfull is-layout-flex wp-container-core-columns-is-layout-0f3d37db wp-block-columns-is-layout-flex\">\n<div class=\"wp-block-column is-vertically-aligned-top is-layout-flow wp-block-column-is-layout-flow\">\n<figure style=\"\" class=\"wp-block-image size-large\"><img loading=\"lazy\" decoding=\"async\" width=\"1024\" height=\"683\" src=\"https:\/\/store-it.eu\/wp-content\/uploads\/2025\/12\/PROGRAMMEREN_2-1024x683.jpg\" alt=\"\" class=\"wp-image-1964\" style=\"aspect-ratio:4\/3;object-fit:cover\" srcset=\"https:\/\/store-it.eu\/wp-content\/uploads\/2025\/12\/PROGRAMMEREN_2-1024x683.jpg 1024w, https:\/\/store-it.eu\/wp-content\/uploads\/2025\/12\/PROGRAMMEREN_2-300x200.jpg 300w, https:\/\/store-it.eu\/wp-content\/uploads\/2025\/12\/PROGRAMMEREN_2-768x512.jpg 768w, https:\/\/store-it.eu\/wp-content\/uploads\/2025\/12\/PROGRAMMEREN_2-1536x1024.jpg 1536w, https:\/\/store-it.eu\/wp-content\/uploads\/2025\/12\/PROGRAMMEREN_2-2048x1365.jpg 2048w\" sizes=\"auto, (max-width: 1024px) 100vw, 1024px\" \/><\/figure>\n<\/div>\n\n\n\n<div class=\"wp-block-column is-vertically-aligned-top is-layout-flow wp-block-column-is-layout-flow\">\n<h2 class=\"wp-block-heading\">El poder de nuestro software<\/h2>\n\n\n\n<p>Todo comienza con una integraci\u00f3n sin complicaciones. El software Store-IT se puede integrar de m\u00faltiples maneras. <\/p>\n\n\n\n<ul style=\"padding-right:0;padding-left:0\" class=\"wp-block-list is-style-usp-list\">\n<li>Integraci\u00f3n completa con su sitio web para reservas en l\u00ednea y portal de clientes (a trav\u00e9s de la API REST o el m\u00f3dulo de reservas est\u00e1ndar).<\/li>\n\n\n\n<li>Integraci\u00f3n con software de terceros, como sistemas de control de acceso, programas de contabilidad, proveedores de pago y mucho m\u00e1s.<\/li>\n\n\n\n<li>Store-IT contin\u00faa desarroll\u00e1ndose en funci\u00f3n de sus deseos. Tambi\u00e9n programamos funcionalidades personalizadas para usted. <\/li>\n<\/ul>\n<\/div>\n<\/div>\n<\/div>\n\n<div style=\"height:var(--wp--preset--spacing--xxxxxxxxxl)\" aria-hidden=\"true\" class=\"wp-block-spacer\"><\/div>\n\n<div class=\"wp-block-group alignwide has-global-padding is-layout-constrained wp-block-group-is-layout-constrained\">\n<div class=\"wp-block-columns alignfull is-layout-flex wp-container-core-columns-is-layout-0f3d37db wp-block-columns-is-layout-flex\">\n<div class=\"wp-block-column is-vertically-aligned-top is-layout-flow wp-block-column-is-layout-flow\">\n<h2 class=\"wp-block-heading\">\u00bfQu\u00e9 nos impulsa?<\/h2>\n\n\n\n<p>Nuestra misi\u00f3n es ayudar a las empresas de autoalmacenamiento a optimizar sus procesos y aumentar la satisfacci\u00f3n del cliente. Creemos en ofrecer software fiable, seguro y f\u00e1cil de usar que se integre a la perfecci\u00f3n con los sistemas existentes, como el control de acceso, los programas de contabilidad y los proveedores de pago. <\/p>\n\n\n\n<ul style=\"padding-right:0;padding-left:0\" class=\"wp-block-list is-style-usp-list\">\n<li>Fiabilidad: Certificaci\u00f3n ISO 27001 para m\u00e1xima seguridad de los datos.<\/li>\n\n\n\n<li>Facilidad de uso: Interfaces intuitivas y automatizaci\u00f3n de tareas repetitivas.<\/li>\n\n\n\n<li>Flexibilidad: Integraciones mediante API REST con diversos sistemas externos.<\/li>\n\n\n\n<li>Soporte: Soporte gratuito ilimitado con un trato personalizado.<\/li>\n<\/ul>\n<\/div>\n\n\n\n<div class=\"wp-block-column is-vertically-aligned-top is-layout-flow wp-block-column-is-layout-flow\">\n<figure style=\"\" class=\"wp-block-image size-large\"><img loading=\"lazy\" decoding=\"async\" width=\"1024\" height=\"683\" src=\"https:\/\/store-it.eu\/wp-content\/uploads\/2025\/12\/KANTOOR_3-1024x683.jpg\" alt=\"\" class=\"wp-image-1939\" style=\"aspect-ratio:4\/3;object-fit:cover\" srcset=\"https:\/\/store-it.eu\/wp-content\/uploads\/2025\/12\/KANTOOR_3-1024x683.jpg 1024w, https:\/\/store-it.eu\/wp-content\/uploads\/2025\/12\/KANTOOR_3-300x200.jpg 300w, https:\/\/store-it.eu\/wp-content\/uploads\/2025\/12\/KANTOOR_3-768x512.jpg 768w, https:\/\/store-it.eu\/wp-content\/uploads\/2025\/12\/KANTOOR_3-1536x1024.jpg 1536w, https:\/\/store-it.eu\/wp-content\/uploads\/2025\/12\/KANTOOR_3-2048x1365.jpg 2048w\" sizes=\"auto, (max-width: 1024px) 100vw, 1024px\" \/><\/figure>\n<\/div>\n<\/div>\n<\/div>\n\n<div style=\"height:var(--wp--preset--spacing--xxxxxxxxxl)\" aria-hidden=\"true\" class=\"wp-block-spacer\"><\/div>\n\n<div class=\"wp-block-group alignwide has-global-padding is-layout-constrained wp-block-group-is-layout-constrained\">\n<div class=\"wp-block-group alignfull has-border-color has-primary-border-color has-tertiary-opacity-background-color has-background has-global-padding is-layout-constrained wp-container-core-group-is-layout-f9e58c4a wp-block-group-is-layout-constrained\" style=\"border-width:1px;border-radius:20px;padding-top:var(--wp--preset--spacing--xxxxxxxl);padding-right:var(--wp--preset--spacing--xxxxxl);padding-bottom:var(--wp--preset--spacing--xxxxxxxl);padding-left:var(--wp--preset--spacing--xxxxxl)\">\n<div class=\"wp-block-columns alignwide is-layout-flex wp-container-core-columns-is-layout-0f3d37db wp-block-columns-is-layout-flex\">\n<div class=\"wp-block-column is-layout-flow wp-block-column-is-layout-flow\">\n<figure style=\"\" class=\"wp-block-image size-large\"><img loading=\"lazy\" decoding=\"async\" width=\"1024\" height=\"683\" src=\"https:\/\/store-it.eu\/wp-content\/uploads\/2025\/12\/KANTOOR_5-1024x683.jpg\" alt=\"\" class=\"wp-image-1944\" style=\"aspect-ratio:4\/3;object-fit:cover\" srcset=\"https:\/\/store-it.eu\/wp-content\/uploads\/2025\/12\/KANTOOR_5-1024x683.jpg 1024w, https:\/\/store-it.eu\/wp-content\/uploads\/2025\/12\/KANTOOR_5-300x200.jpg 300w, https:\/\/store-it.eu\/wp-content\/uploads\/2025\/12\/KANTOOR_5-768x512.jpg 768w, https:\/\/store-it.eu\/wp-content\/uploads\/2025\/12\/KANTOOR_5-1536x1024.jpg 1536w, https:\/\/store-it.eu\/wp-content\/uploads\/2025\/12\/KANTOOR_5-2048x1365.jpg 2048w\" sizes=\"auto, (max-width: 1024px) 100vw, 1024px\" \/><\/figure>\n<\/div>\n\n\n\n<div class=\"wp-block-column is-layout-flow wp-block-column-is-layout-flow\">\n<h2 class=\"wp-block-heading\">Nuestros clientes<\/h2>\n\n\n\n<p>Desde emprendedores locales hasta cadenas internacionales, nuestros clientes aprecian la comodidad, la estabilidad y la escalabilidad de Store365. Estamos orgullosos de nuestras alianzas de larga data y de la confianza que han depositado en nosotros.  <a href=\"https:\/\/store-it.eu\/es\/nuestros-clientes\/\">Aqu\u00ed puede ver una selecci\u00f3n de los clientes a los que prestamos servicio.<\/a><\/p>\n\n\n\n<h3 class=\"wp-block-heading\">Reserve contratos con facilidad<\/h3>\n\n\n\n<p>Continuamos invirtiendo en innovaci\u00f3n para que nuestros clientes se mantengan a la vanguardia en un mercado en constante evoluci\u00f3n. Pensemos en an\u00e1lisis basados \u200b\u200ben IA, comunicaci\u00f3n automatizada y una mayor expansi\u00f3n de las capacidades de integraci\u00f3n. <\/p>\n<\/div>\n<\/div>\n<\/div>\n<\/div>\n\n<div style=\"height:var(--wp--preset--spacing--xxxxxxxxxl)\" aria-hidden=\"true\" class=\"wp-block-spacer\"><\/div>\n","protected":false},"excerpt":{"rendered":"<p>Tienda-TI M\u00e1s de 25 a\u00f1os de innovaci\u00f3n en software para autoalmacenamiento. Desde el a\u00f1o 2000, Store-IT es especialista en software de gesti\u00f3n de almacenes de autoalmacenamiento. Con nuestro software, ayudamos a operadores en m\u00e1s de 18 pa\u00edses a gestionar sus instalaciones de forma eficiente. El software Store-IT est\u00e1 disponible en 8 idiomas y se basa [&hellip;]<\/p>\n","protected":false},"author":1,"featured_media":0,"parent":0,"menu_order":41,"comment_status":"closed","ping_status":"closed","template":"","meta":{"_acf_changed":false,"footnotes":""},"class_list":["post-2259","page","type-page","status-publish","hentry"],"acf":[],"yoast_head":"<!-- This site is optimized with the Yoast SEO plugin v27.4 - https:\/\/yoast.com\/product\/yoast-seo-wordpress\/ -->\n<title>Sobre nosotros &#8211; Store-IT<\/title>\n<meta name=\"description\" content=\"Acerca de Store-IT: especialistas en software para autoalmacenamiento desde hace 25 a\u00f1os. Presentes en 18 pa\u00edses con soluciones innovadoras en la nube. \u00a1Descubre nuestra visi\u00f3n!\" \/>\n<meta name=\"robots\" content=\"index, follow, max-snippet:-1, max-image-preview:large, max-video-preview:-1\" \/>\n<link rel=\"canonical\" href=\"https:\/\/store-it.eu\/es\/sobre-nosotros\/\" \/>\n<meta property=\"og:locale\" content=\"es_ES\" \/>\n<meta property=\"og:type\" content=\"article\" \/>\n<meta property=\"og:title\" content=\"Sobre nosotros &#8211; Store-IT\" \/>\n<meta property=\"og:description\" content=\"Acerca de Store-IT: especialistas en software para autoalmacenamiento desde hace 25 a\u00f1os. Presentes en 18 pa\u00edses con soluciones innovadoras en la nube. \u00a1Descubre nuestra visi\u00f3n!\" \/>\n<meta property=\"og:url\" content=\"https:\/\/store-it.eu\/es\/sobre-nosotros\/\" \/>\n<meta property=\"og:site_name\" content=\"Store-IT\" \/>\n<meta property=\"article:modified_time\" content=\"2026-04-20T11:43:36+00:00\" \/>\n<meta property=\"og:image\" content=\"https:\/\/store-it.eu\/wp-content\/uploads\/2025\/12\/KANTOOR_6-scaled.jpg\" \/>\n\t<meta property=\"og:image:width\" content=\"2560\" \/>\n\t<meta property=\"og:image:height\" content=\"1707\" \/>\n\t<meta property=\"og:image:type\" content=\"image\/jpeg\" \/>\n<meta name=\"twitter:card\" content=\"summary_large_image\" \/>\n<meta name=\"twitter:label1\" content=\"Tiempo de lectura\" \/>\n\t<meta name=\"twitter:data1\" content=\"2 minuto\" \/>\n<script type=\"application\/ld+json\" class=\"yoast-schema-graph\">{\"@context\":\"https:\\\/\\\/schema.org\",\"@graph\":[{\"@type\":\"WebPage\",\"@id\":\"https:\\\/\\\/store-it.eu\\\/es\\\/sobre-nosotros\\\/\",\"url\":\"https:\\\/\\\/store-it.eu\\\/es\\\/sobre-nosotros\\\/\",\"name\":\"Sobre nosotros &#8211; Store-IT\",\"isPartOf\":{\"@id\":\"https:\\\/\\\/store-it.eu\\\/es\\\/#website\"},\"primaryImageOfPage\":{\"@id\":\"https:\\\/\\\/store-it.eu\\\/es\\\/sobre-nosotros\\\/#primaryimage\"},\"image\":{\"@id\":\"https:\\\/\\\/store-it.eu\\\/es\\\/sobre-nosotros\\\/#primaryimage\"},\"thumbnailUrl\":\"https:\\\/\\\/store-it.eu\\\/wp-content\\\/uploads\\\/2025\\\/12\\\/KANTOOR_6-1024x683.jpg\",\"datePublished\":\"2025-07-02T06:41:28+00:00\",\"dateModified\":\"2026-04-20T11:43:36+00:00\",\"description\":\"Acerca de Store-IT: especialistas en software para autoalmacenamiento desde hace 25 a\u00f1os. Presentes en 18 pa\u00edses con soluciones innovadoras en la nube. \u00a1Descubre nuestra visi\u00f3n!\",\"breadcrumb\":{\"@id\":\"https:\\\/\\\/store-it.eu\\\/es\\\/sobre-nosotros\\\/#breadcrumb\"},\"inLanguage\":\"es\",\"potentialAction\":[{\"@type\":\"ReadAction\",\"target\":[\"https:\\\/\\\/store-it.eu\\\/es\\\/sobre-nosotros\\\/\"]}]},{\"@type\":\"ImageObject\",\"inLanguage\":\"es\",\"@id\":\"https:\\\/\\\/store-it.eu\\\/es\\\/sobre-nosotros\\\/#primaryimage\",\"url\":\"https:\\\/\\\/store-it.eu\\\/wp-content\\\/uploads\\\/2025\\\/12\\\/KANTOOR_6-1024x683.jpg\",\"contentUrl\":\"https:\\\/\\\/store-it.eu\\\/wp-content\\\/uploads\\\/2025\\\/12\\\/KANTOOR_6-1024x683.jpg\"},{\"@type\":\"BreadcrumbList\",\"@id\":\"https:\\\/\\\/store-it.eu\\\/es\\\/sobre-nosotros\\\/#breadcrumb\",\"itemListElement\":[{\"@type\":\"ListItem\",\"position\":1,\"name\":\"Home\",\"item\":\"https:\\\/\\\/store-it.eu\\\/es\\\/\"},{\"@type\":\"ListItem\",\"position\":2,\"name\":\"Sobre nosotros\"}]},{\"@type\":\"WebSite\",\"@id\":\"https:\\\/\\\/store-it.eu\\\/es\\\/#website\",\"url\":\"https:\\\/\\\/store-it.eu\\\/es\\\/\",\"name\":\"Store-IT\",\"description\":\"Specialist in self storage management software\",\"publisher\":{\"@id\":\"https:\\\/\\\/store-it.eu\\\/es\\\/#organization\"},\"potentialAction\":[{\"@type\":\"SearchAction\",\"target\":{\"@type\":\"EntryPoint\",\"urlTemplate\":\"https:\\\/\\\/store-it.eu\\\/es\\\/?s={search_term_string}\"},\"query-input\":{\"@type\":\"PropertyValueSpecification\",\"valueRequired\":true,\"valueName\":\"search_term_string\"}}],\"inLanguage\":\"es\"},{\"@type\":\"Organization\",\"@id\":\"https:\\\/\\\/store-it.eu\\\/es\\\/#organization\",\"name\":\"Store-IT\",\"url\":\"https:\\\/\\\/store-it.eu\\\/es\\\/\",\"logo\":{\"@type\":\"ImageObject\",\"inLanguage\":\"es\",\"@id\":\"https:\\\/\\\/store-it.eu\\\/es\\\/#\\\/schema\\\/logo\\\/image\\\/\",\"url\":\"https:\\\/\\\/store-it.eu\\\/wp-content\\\/uploads\\\/2025\\\/07\\\/StoreIT_Favicon.png\",\"contentUrl\":\"https:\\\/\\\/store-it.eu\\\/wp-content\\\/uploads\\\/2025\\\/07\\\/StoreIT_Favicon.png\",\"width\":512,\"height\":512,\"caption\":\"Store-IT\"},\"image\":{\"@id\":\"https:\\\/\\\/store-it.eu\\\/es\\\/#\\\/schema\\\/logo\\\/image\\\/\"}}]}<\/script>\n<!-- \/ Yoast SEO plugin. -->","yoast_head_json":{"title":"Sobre nosotros &#8211; Store-IT","description":"Acerca de Store-IT: especialistas en software para autoalmacenamiento desde hace 25 a\u00f1os. Presentes en 18 pa\u00edses con soluciones innovadoras en la nube. \u00a1Descubre nuestra visi\u00f3n!","robots":{"index":"index","follow":"follow","max-snippet":"max-snippet:-1","max-image-preview":"max-image-preview:large","max-video-preview":"max-video-preview:-1"},"canonical":"https:\/\/store-it.eu\/es\/sobre-nosotros\/","og_locale":"es_ES","og_type":"article","og_title":"Sobre nosotros &#8211; Store-IT","og_description":"Acerca de Store-IT: especialistas en software para autoalmacenamiento desde hace 25 a\u00f1os. Presentes en 18 pa\u00edses con soluciones innovadoras en la nube. \u00a1Descubre nuestra visi\u00f3n!","og_url":"https:\/\/store-it.eu\/es\/sobre-nosotros\/","og_site_name":"Store-IT","article_modified_time":"2026-04-20T11:43:36+00:00","og_image":[{"width":2560,"height":1707,"url":"https:\/\/store-it.eu\/wp-content\/uploads\/2025\/12\/KANTOOR_6-scaled.jpg","type":"image\/jpeg"}],"twitter_card":"summary_large_image","twitter_misc":{"Tiempo de lectura":"2 minuto"},"schema":{"@context":"https:\/\/schema.org","@graph":[{"@type":"WebPage","@id":"https:\/\/store-it.eu\/es\/sobre-nosotros\/","url":"https:\/\/store-it.eu\/es\/sobre-nosotros\/","name":"Sobre nosotros &#8211; Store-IT","isPartOf":{"@id":"https:\/\/store-it.eu\/es\/#website"},"primaryImageOfPage":{"@id":"https:\/\/store-it.eu\/es\/sobre-nosotros\/#primaryimage"},"image":{"@id":"https:\/\/store-it.eu\/es\/sobre-nosotros\/#primaryimage"},"thumbnailUrl":"https:\/\/store-it.eu\/wp-content\/uploads\/2025\/12\/KANTOOR_6-1024x683.jpg","datePublished":"2025-07-02T06:41:28+00:00","dateModified":"2026-04-20T11:43:36+00:00","description":"Acerca de Store-IT: especialistas en software para autoalmacenamiento desde hace 25 a\u00f1os. Presentes en 18 pa\u00edses con soluciones innovadoras en la nube. \u00a1Descubre nuestra visi\u00f3n!","breadcrumb":{"@id":"https:\/\/store-it.eu\/es\/sobre-nosotros\/#breadcrumb"},"inLanguage":"es","potentialAction":[{"@type":"ReadAction","target":["https:\/\/store-it.eu\/es\/sobre-nosotros\/"]}]},{"@type":"ImageObject","inLanguage":"es","@id":"https:\/\/store-it.eu\/es\/sobre-nosotros\/#primaryimage","url":"https:\/\/store-it.eu\/wp-content\/uploads\/2025\/12\/KANTOOR_6-1024x683.jpg","contentUrl":"https:\/\/store-it.eu\/wp-content\/uploads\/2025\/12\/KANTOOR_6-1024x683.jpg"},{"@type":"BreadcrumbList","@id":"https:\/\/store-it.eu\/es\/sobre-nosotros\/#breadcrumb","itemListElement":[{"@type":"ListItem","position":1,"name":"Home","item":"https:\/\/store-it.eu\/es\/"},{"@type":"ListItem","position":2,"name":"Sobre nosotros"}]},{"@type":"WebSite","@id":"https:\/\/store-it.eu\/es\/#website","url":"https:\/\/store-it.eu\/es\/","name":"Store-IT","description":"Specialist in self storage management software","publisher":{"@id":"https:\/\/store-it.eu\/es\/#organization"},"potentialAction":[{"@type":"SearchAction","target":{"@type":"EntryPoint","urlTemplate":"https:\/\/store-it.eu\/es\/?s={search_term_string}"},"query-input":{"@type":"PropertyValueSpecification","valueRequired":true,"valueName":"search_term_string"}}],"inLanguage":"es"},{"@type":"Organization","@id":"https:\/\/store-it.eu\/es\/#organization","name":"Store-IT","url":"https:\/\/store-it.eu\/es\/","logo":{"@type":"ImageObject","inLanguage":"es","@id":"https:\/\/store-it.eu\/es\/#\/schema\/logo\/image\/","url":"https:\/\/store-it.eu\/wp-content\/uploads\/2025\/07\/StoreIT_Favicon.png","contentUrl":"https:\/\/store-it.eu\/wp-content\/uploads\/2025\/07\/StoreIT_Favicon.png","width":512,"height":512,"caption":"Store-IT"},"image":{"@id":"https:\/\/store-it.eu\/es\/#\/schema\/logo\/image\/"}}]}},"_links":{"self":[{"href":"https:\/\/store-it.eu\/es\/wp-json\/wp\/v2\/pages\/2259","targetHints":{"allow":["GET"]}}],"collection":[{"href":"https:\/\/store-it.eu\/es\/wp-json\/wp\/v2\/pages"}],"about":[{"href":"https:\/\/store-it.eu\/es\/wp-json\/wp\/v2\/types\/page"}],"author":[{"embeddable":true,"href":"https:\/\/store-it.eu\/es\/wp-json\/wp\/v2\/users\/1"}],"replies":[{"embeddable":true,"href":"https:\/\/store-it.eu\/es\/wp-json\/wp\/v2\/comments?post=2259"}],"version-history":[{"count":7,"href":"https:\/\/store-it.eu\/es\/wp-json\/wp\/v2\/pages\/2259\/revisions"}],"predecessor-version":[{"id":3102,"href":"https:\/\/store-it.eu\/es\/wp-json\/wp\/v2\/pages\/2259\/revisions\/3102"}],"wp:attachment":[{"href":"https:\/\/store-it.eu\/es\/wp-json\/wp\/v2\/media?parent=2259"}],"curies":[{"name":"wp","href":"https:\/\/api.w.org\/{rel}","templated":true}]}}