{"id":2270,"date":"2025-06-30T11:20:30","date_gmt":"2025-06-30T09:20:30","guid":{"rendered":"https:\/\/store-it.dev001.booom.digital\/nuestros-clientes\/"},"modified":"2026-04-20T13:43:34","modified_gmt":"2026-04-20T11:43:34","slug":"nuestros-clientes","status":"publish","type":"page","link":"https:\/\/store-it.eu\/es\/nuestros-clientes\/","title":{"rendered":"Nuestros clientes"},"content":{"rendered":"\n<div class=\"wp-block-group alignfull is-style-hero-container has-global-padding is-layout-constrained wp-block-group-is-layout-constrained\">\n<div class=\"wp-block-group alignfull is-style-hexagon has-background has-global-padding is-layout-constrained wp-block-group-is-layout-constrained\" style=\"border-radius:25px;background:linear-gradient(180deg,rgb(28,14,60) 1%,rgb(192,132,252) 100%);padding-top:var(--wp--preset--spacing--xxxxxxxxxl);padding-bottom:0\">\n<div class=\"wp-block-columns alignwide are-vertically-aligned-center is-layout-flex wp-container-core-columns-is-layout-39df6aaa wp-block-columns-is-layout-flex\" style=\"padding-top:var(--wp--preset--spacing--xxxxxxxxl);padding-bottom:var(--wp--preset--spacing--xxxxxxxxl)\">\n<div class=\"wp-block-column is-vertically-aligned-center is-layout-flow wp-block-column-is-layout-flow\">\n<div class=\"wp-block-group alignwide is-vertical is-layout-flex wp-container-core-group-is-layout-fe9cc265 wp-block-group-is-layout-flex\">\n<div class=\"wp-block-group alignwide has-global-padding is-content-justification-left is-layout-constrained wp-container-core-group-is-layout-b498b38b wp-block-group-is-layout-constrained\">\n<h1 class=\"wp-block-heading alignwide has-base-color has-text-color has-link-color wp-elements-be20eced7a7f2558f979fd6e0698ba0d\" style=\"margin-bottom:var(--wp--preset--spacing--md)\">Nuestros clientes<\/h1>\n<\/div>\n\n\n\n<div class=\"wp-block-group has-base-color has-text-color has-link-color wp-elements-0b5a57c64ed7667410ae262b95836d43 has-global-padding is-layout-constrained wp-container-core-group-is-layout-7a1064c7 wp-block-group-is-layout-constrained\">\n<p style=\"margin-bottom:var(--wp--preset--spacing--xxxl)\">Trabajamos con un gran n\u00famero de empresas de autoalmacenamiento en Europa. Desde peque\u00f1as hasta grandes cadenas. Desde una sola sucursal hasta m\u00e1s de 30 por operador. Ser\u00eda imposible mostrar a todos nuestros clientes. Aqu\u00ed les presentamos algunos de ellos en diferentes pa\u00edses.    <\/p>\n\n\n\n<div class=\"wp-block-buttons is-layout-flex wp-block-buttons-is-layout-flex\">\n<div class=\"wp-block-button\"><a class=\"wp-block-button__link has-border-color has-secondary-border-color wp-element-button\" href=\"https:\/\/store-it.eu\/es\/reserva-una-demostracion\/\">Reserva una demostraci\u00f3n<\/a><\/div>\n<\/div>\n<\/div>\n<\/div>\n<\/div>\n\n\n\n<div class=\"wp-block-column is-vertically-aligned-center is-layout-flow wp-block-column-is-layout-flow\">\n<figure style=\"\" class=\"wp-block-image size-large\"><img loading=\"lazy\" decoding=\"async\" width=\"1024\" height=\"683\" src=\"https:\/\/store-it.eu\/wp-content\/uploads\/2025\/12\/BAR_2-1024x683.jpg\" alt=\"\" class=\"wp-image-1919\" style=\"aspect-ratio:4\/3;object-fit:cover\" srcset=\"https:\/\/store-it.eu\/wp-content\/uploads\/2025\/12\/BAR_2-1024x683.jpg 1024w, https:\/\/store-it.eu\/wp-content\/uploads\/2025\/12\/BAR_2-300x200.jpg 300w, https:\/\/store-it.eu\/wp-content\/uploads\/2025\/12\/BAR_2-768x512.jpg 768w, https:\/\/store-it.eu\/wp-content\/uploads\/2025\/12\/BAR_2-1536x1024.jpg 1536w, https:\/\/store-it.eu\/wp-content\/uploads\/2025\/12\/BAR_2-2048x1365.jpg 2048w\" sizes=\"auto, (max-width: 1024px) 100vw, 1024px\" \/><\/figure>\n<\/div>\n<\/div>\n<\/div>\n<\/div>\n\n<div style=\"height:var(--wp--preset--spacing--xxxxxxxxl)\" aria-hidden=\"true\" class=\"wp-block-spacer\"><\/div>\n\n<div class=\"wp-block-group alignwide has-global-padding is-layout-constrained wp-block-group-is-layout-constrained\">\n<div class=\"wp-block-group alignfull is-layout-grid wp-container-core-group-is-layout-0e82c502 wp-block-group-is-layout-grid\">\n<div class=\"wp-block-group is-style-logo-card has-global-padding is-layout-constrained wp-block-group-is-layout-constrained\">\n<figure style=\"\" class=\"wp-block-image size-full is-style-default\"><img loading=\"lazy\" decoding=\"async\" width=\"156\" height=\"105\" src=\"https:\/\/store-it.eu\/wp-content\/uploads\/2025\/08\/1box-self-storage-logo.png\" alt=\"\" class=\"wp-image-1550\"\/><\/figure>\n<\/div>\n\n\n\n<div class=\"wp-block-group is-style-logo-card has-global-padding is-layout-constrained wp-block-group-is-layout-constrained\">\n<figure style=\"\" class=\"wp-block-image size-full is-style-default\"><img loading=\"lazy\" decoding=\"async\" width=\"395\" height=\"108\" src=\"https:\/\/store-it.eu\/wp-content\/uploads\/2025\/08\/beehive-self-storage-logo.png\" alt=\"\" class=\"wp-image-1545\" srcset=\"https:\/\/store-it.eu\/wp-content\/uploads\/2025\/08\/beehive-self-storage-logo.png 395w, https:\/\/store-it.eu\/wp-content\/uploads\/2025\/08\/beehive-self-storage-logo-300x82.png 300w\" sizes=\"auto, (max-width: 395px) 100vw, 395px\" \/><\/figure>\n<\/div>\n\n\n\n<div class=\"wp-block-group is-style-logo-card has-global-padding is-layout-constrained wp-block-group-is-layout-constrained\">\n<figure style=\"\" class=\"wp-block-image size-full is-style-default\"><img loading=\"lazy\" decoding=\"async\" width=\"263\" height=\"300\" src=\"https:\/\/store-it.eu\/wp-content\/uploads\/2025\/08\/box2lock-logo-1.png\" alt=\"\" class=\"wp-image-1535\"\/><\/figure>\n<\/div>\n\n\n\n<div class=\"wp-block-group is-style-logo-card has-global-padding is-layout-constrained wp-block-group-is-layout-constrained\">\n<figure style=\"\" class=\"wp-block-image size-full is-style-default\"><img loading=\"lazy\" decoding=\"async\" width=\"600\" height=\"279\" src=\"https:\/\/store-it.eu\/wp-content\/uploads\/2025\/08\/bluesky-lager-logo.png\" alt=\"\" class=\"wp-image-1540\" srcset=\"https:\/\/store-it.eu\/wp-content\/uploads\/2025\/08\/bluesky-lager-logo.png 600w, https:\/\/store-it.eu\/wp-content\/uploads\/2025\/08\/bluesky-lager-logo-300x140.png 300w\" sizes=\"auto, (max-width: 600px) 100vw, 600px\" \/><\/figure>\n<\/div>\n\n\n\n<div class=\"wp-block-group is-style-logo-card has-global-padding is-layout-constrained wp-block-group-is-layout-constrained\">\n<figure style=\"\" class=\"wp-block-image size-full is-style-default\"><img decoding=\"async\" src=\"https:\/\/store-it.eu\/wp-content\/uploads\/2025\/08\/zebrabox-logo.svg\" alt=\"\" class=\"wp-image-1528\"\/><\/figure>\n<\/div>\n\n\n\n<div class=\"wp-block-group is-style-logo-card has-global-padding is-layout-constrained wp-block-group-is-layout-constrained\">\n<figure style=\"\" class=\"wp-block-image size-full is-style-default\"><img decoding=\"async\" src=\"https:\/\/store-it.eu\/wp-content\/uploads\/2025\/08\/spacegenie-logo.svg\" alt=\"\" class=\"wp-image-1523\"\/><\/figure>\n<\/div>\n\n\n\n<div class=\"wp-block-group is-style-logo-card has-global-padding is-layout-constrained wp-block-group-is-layout-constrained\">\n<figure style=\"\" class=\"wp-block-image size-full\"><img decoding=\"async\" src=\"https:\/\/store-it.eu\/wp-content\/uploads\/2025\/08\/my-space-plus.svg\" alt=\"\" class=\"wp-image-1730\"\/><\/figure>\n<\/div>\n\n\n\n<div class=\"wp-block-group is-style-logo-card has-global-padding is-layout-constrained wp-block-group-is-layout-constrained\">\n<figure style=\"\" class=\"wp-block-image size-full is-style-default\"><img loading=\"lazy\" decoding=\"async\" width=\"195\" height=\"140\" src=\"https:\/\/store-it.eu\/wp-content\/uploads\/2025\/08\/planetspace-logo.png\" alt=\"\" class=\"wp-image-1513\"\/><\/figure>\n<\/div>\n\n\n\n<div class=\"wp-block-group is-style-logo-card has-global-padding is-layout-constrained wp-block-group-is-layout-constrained\">\n<figure style=\"\" class=\"wp-block-image size-full is-style-default\"><img loading=\"lazy\" decoding=\"async\" width=\"197\" height=\"98\" src=\"https:\/\/store-it.eu\/wp-content\/uploads\/2025\/08\/m2storage-logo.jpg\" alt=\"\" class=\"wp-image-1508\"\/><\/figure>\n<\/div>\n\n\n\n<div class=\"wp-block-group is-style-logo-card has-global-padding is-layout-constrained wp-block-group-is-layout-constrained\">\n<figure style=\"\" class=\"wp-block-image size-full is-style-default\"><img loading=\"lazy\" decoding=\"async\" width=\"511\" height=\"120\" src=\"https:\/\/store-it.eu\/wp-content\/uploads\/2025\/08\/loods038-logo.png\" alt=\"\" class=\"wp-image-1503\" srcset=\"https:\/\/store-it.eu\/wp-content\/uploads\/2025\/08\/loods038-logo.png 511w, https:\/\/store-it.eu\/wp-content\/uploads\/2025\/08\/loods038-logo-300x70.png 300w\" sizes=\"auto, (max-width: 511px) 100vw, 511px\" \/><\/figure>\n<\/div>\n\n\n\n<div class=\"wp-block-group is-style-logo-card has-global-padding is-layout-constrained wp-block-group-is-layout-constrained\">\n<figure style=\"\" class=\"wp-block-image size-full is-style-default\"><img loading=\"lazy\" decoding=\"async\" width=\"298\" height=\"291\" src=\"https:\/\/store-it.eu\/wp-content\/uploads\/2025\/08\/lagerking-logo.png\" alt=\"\" class=\"wp-image-1493\"\/><\/figure>\n<\/div>\n\n\n\n<div class=\"wp-block-group is-style-logo-card has-global-padding is-layout-constrained wp-block-group-is-layout-constrained\">\n<figure style=\"\" class=\"wp-block-image size-full is-style-default\"><img loading=\"lazy\" decoding=\"async\" width=\"284\" height=\"83\" src=\"https:\/\/store-it.eu\/wp-content\/uploads\/2025\/08\/flexoo-logo.png\" alt=\"\" class=\"wp-image-1488\"\/><\/figure>\n<\/div>\n<\/div>\n<\/div>\n\n<div style=\"height:var(--wp--preset--spacing--xxxxxxxl)\" aria-hidden=\"true\" class=\"wp-block-spacer\"><\/div>\n\n<div style=\"height:var(--wp--preset--spacing--xxxxxxxxxl)\" aria-hidden=\"true\" class=\"wp-block-spacer\"><\/div>\n","protected":false},"excerpt":{"rendered":"<p>Nuestros clientes Trabajamos con un gran n\u00famero de empresas de autoalmacenamiento en Europa. Desde peque\u00f1as hasta grandes cadenas. Desde una sola sucursal hasta m\u00e1s de 30 por operador. Ser\u00eda imposible mostrar a todos nuestros clientes. Aqu\u00ed les presentamos algunos de ellos en diferentes pa\u00edses.<\/p>\n","protected":false},"author":1,"featured_media":0,"parent":0,"menu_order":33,"comment_status":"closed","ping_status":"closed","template":"","meta":{"_acf_changed":false,"footnotes":""},"class_list":["post-2270","page","type-page","status-publish","hentry"],"acf":[],"yoast_head":"<!-- This site is optimized with the Yoast SEO plugin v27.4 - https:\/\/yoast.com\/product\/yoast-seo-wordpress\/ -->\n<title>Nuestros clientes &#8211; Store-IT<\/title>\n<meta name=\"robots\" content=\"index, follow, max-snippet:-1, max-image-preview:large, max-video-preview:-1\" \/>\n<link rel=\"canonical\" href=\"https:\/\/store-it.eu\/es\/nuestros-clientes\/\" \/>\n<meta property=\"og:locale\" content=\"es_ES\" \/>\n<meta property=\"og:type\" content=\"article\" \/>\n<meta property=\"og:title\" content=\"Nuestros clientes &#8211; Store-IT\" \/>\n<meta property=\"og:description\" content=\"Nuestros clientes Trabajamos con un gran n\u00famero de empresas de autoalmacenamiento en Europa. Desde peque\u00f1as hasta grandes cadenas. Desde una sola sucursal hasta m\u00e1s de 30 por operador. Ser\u00eda imposible mostrar a todos nuestros clientes. Aqu\u00ed les presentamos algunos de ellos en diferentes pa\u00edses.\" \/>\n<meta property=\"og:url\" content=\"https:\/\/store-it.eu\/es\/nuestros-clientes\/\" \/>\n<meta property=\"og:site_name\" content=\"Store-IT\" \/>\n<meta property=\"article:modified_time\" content=\"2026-04-20T11:43:34+00:00\" \/>\n<meta property=\"og:image\" content=\"https:\/\/store-it.eu\/wp-content\/uploads\/2025\/12\/BAR_2-scaled.jpg\" \/>\n\t<meta property=\"og:image:width\" content=\"2560\" \/>\n\t<meta property=\"og:image:height\" content=\"1707\" \/>\n\t<meta property=\"og:image:type\" content=\"image\/jpeg\" \/>\n<meta name=\"twitter:card\" content=\"summary_large_image\" \/>\n<script type=\"application\/ld+json\" class=\"yoast-schema-graph\">{\"@context\":\"https:\\\/\\\/schema.org\",\"@graph\":[{\"@type\":\"WebPage\",\"@id\":\"https:\\\/\\\/store-it.eu\\\/es\\\/nuestros-clientes\\\/\",\"url\":\"https:\\\/\\\/store-it.eu\\\/es\\\/nuestros-clientes\\\/\",\"name\":\"Nuestros clientes &#8211; Store-IT\",\"isPartOf\":{\"@id\":\"https:\\\/\\\/store-it.eu\\\/es\\\/#website\"},\"primaryImageOfPage\":{\"@id\":\"https:\\\/\\\/store-it.eu\\\/es\\\/nuestros-clientes\\\/#primaryimage\"},\"image\":{\"@id\":\"https:\\\/\\\/store-it.eu\\\/es\\\/nuestros-clientes\\\/#primaryimage\"},\"thumbnailUrl\":\"https:\\\/\\\/store-it.eu\\\/wp-content\\\/uploads\\\/2025\\\/12\\\/BAR_2-1024x683.jpg\",\"datePublished\":\"2025-06-30T09:20:30+00:00\",\"dateModified\":\"2026-04-20T11:43:34+00:00\",\"breadcrumb\":{\"@id\":\"https:\\\/\\\/store-it.eu\\\/es\\\/nuestros-clientes\\\/#breadcrumb\"},\"inLanguage\":\"es\",\"potentialAction\":[{\"@type\":\"ReadAction\",\"target\":[\"https:\\\/\\\/store-it.eu\\\/es\\\/nuestros-clientes\\\/\"]}]},{\"@type\":\"ImageObject\",\"inLanguage\":\"es\",\"@id\":\"https:\\\/\\\/store-it.eu\\\/es\\\/nuestros-clientes\\\/#primaryimage\",\"url\":\"https:\\\/\\\/store-it.eu\\\/wp-content\\\/uploads\\\/2025\\\/12\\\/BAR_2-1024x683.jpg\",\"contentUrl\":\"https:\\\/\\\/store-it.eu\\\/wp-content\\\/uploads\\\/2025\\\/12\\\/BAR_2-1024x683.jpg\"},{\"@type\":\"BreadcrumbList\",\"@id\":\"https:\\\/\\\/store-it.eu\\\/es\\\/nuestros-clientes\\\/#breadcrumb\",\"itemListElement\":[{\"@type\":\"ListItem\",\"position\":1,\"name\":\"Home\",\"item\":\"https:\\\/\\\/store-it.eu\\\/es\\\/\"},{\"@type\":\"ListItem\",\"position\":2,\"name\":\"Nuestros clientes\"}]},{\"@type\":\"WebSite\",\"@id\":\"https:\\\/\\\/store-it.eu\\\/es\\\/#website\",\"url\":\"https:\\\/\\\/store-it.eu\\\/es\\\/\",\"name\":\"Store-IT\",\"description\":\"Specialist in self storage management software\",\"publisher\":{\"@id\":\"https:\\\/\\\/store-it.eu\\\/es\\\/#organization\"},\"potentialAction\":[{\"@type\":\"SearchAction\",\"target\":{\"@type\":\"EntryPoint\",\"urlTemplate\":\"https:\\\/\\\/store-it.eu\\\/es\\\/?s={search_term_string}\"},\"query-input\":{\"@type\":\"PropertyValueSpecification\",\"valueRequired\":true,\"valueName\":\"search_term_string\"}}],\"inLanguage\":\"es\"},{\"@type\":\"Organization\",\"@id\":\"https:\\\/\\\/store-it.eu\\\/es\\\/#organization\",\"name\":\"Store-IT\",\"url\":\"https:\\\/\\\/store-it.eu\\\/es\\\/\",\"logo\":{\"@type\":\"ImageObject\",\"inLanguage\":\"es\",\"@id\":\"https:\\\/\\\/store-it.eu\\\/es\\\/#\\\/schema\\\/logo\\\/image\\\/\",\"url\":\"https:\\\/\\\/store-it.eu\\\/wp-content\\\/uploads\\\/2025\\\/07\\\/StoreIT_Favicon.png\",\"contentUrl\":\"https:\\\/\\\/store-it.eu\\\/wp-content\\\/uploads\\\/2025\\\/07\\\/StoreIT_Favicon.png\",\"width\":512,\"height\":512,\"caption\":\"Store-IT\"},\"image\":{\"@id\":\"https:\\\/\\\/store-it.eu\\\/es\\\/#\\\/schema\\\/logo\\\/image\\\/\"}}]}<\/script>\n<!-- \/ Yoast SEO plugin. -->","yoast_head_json":{"title":"Nuestros clientes &#8211; Store-IT","robots":{"index":"index","follow":"follow","max-snippet":"max-snippet:-1","max-image-preview":"max-image-preview:large","max-video-preview":"max-video-preview:-1"},"canonical":"https:\/\/store-it.eu\/es\/nuestros-clientes\/","og_locale":"es_ES","og_type":"article","og_title":"Nuestros clientes &#8211; Store-IT","og_description":"Nuestros clientes Trabajamos con un gran n\u00famero de empresas de autoalmacenamiento en Europa. Desde peque\u00f1as hasta grandes cadenas. Desde una sola sucursal hasta m\u00e1s de 30 por operador. Ser\u00eda imposible mostrar a todos nuestros clientes. Aqu\u00ed les presentamos algunos de ellos en diferentes pa\u00edses.","og_url":"https:\/\/store-it.eu\/es\/nuestros-clientes\/","og_site_name":"Store-IT","article_modified_time":"2026-04-20T11:43:34+00:00","og_image":[{"width":2560,"height":1707,"url":"https:\/\/store-it.eu\/wp-content\/uploads\/2025\/12\/BAR_2-scaled.jpg","type":"image\/jpeg"}],"twitter_card":"summary_large_image","schema":{"@context":"https:\/\/schema.org","@graph":[{"@type":"WebPage","@id":"https:\/\/store-it.eu\/es\/nuestros-clientes\/","url":"https:\/\/store-it.eu\/es\/nuestros-clientes\/","name":"Nuestros clientes &#8211; Store-IT","isPartOf":{"@id":"https:\/\/store-it.eu\/es\/#website"},"primaryImageOfPage":{"@id":"https:\/\/store-it.eu\/es\/nuestros-clientes\/#primaryimage"},"image":{"@id":"https:\/\/store-it.eu\/es\/nuestros-clientes\/#primaryimage"},"thumbnailUrl":"https:\/\/store-it.eu\/wp-content\/uploads\/2025\/12\/BAR_2-1024x683.jpg","datePublished":"2025-06-30T09:20:30+00:00","dateModified":"2026-04-20T11:43:34+00:00","breadcrumb":{"@id":"https:\/\/store-it.eu\/es\/nuestros-clientes\/#breadcrumb"},"inLanguage":"es","potentialAction":[{"@type":"ReadAction","target":["https:\/\/store-it.eu\/es\/nuestros-clientes\/"]}]},{"@type":"ImageObject","inLanguage":"es","@id":"https:\/\/store-it.eu\/es\/nuestros-clientes\/#primaryimage","url":"https:\/\/store-it.eu\/wp-content\/uploads\/2025\/12\/BAR_2-1024x683.jpg","contentUrl":"https:\/\/store-it.eu\/wp-content\/uploads\/2025\/12\/BAR_2-1024x683.jpg"},{"@type":"BreadcrumbList","@id":"https:\/\/store-it.eu\/es\/nuestros-clientes\/#breadcrumb","itemListElement":[{"@type":"ListItem","position":1,"name":"Home","item":"https:\/\/store-it.eu\/es\/"},{"@type":"ListItem","position":2,"name":"Nuestros clientes"}]},{"@type":"WebSite","@id":"https:\/\/store-it.eu\/es\/#website","url":"https:\/\/store-it.eu\/es\/","name":"Store-IT","description":"Specialist in self storage management software","publisher":{"@id":"https:\/\/store-it.eu\/es\/#organization"},"potentialAction":[{"@type":"SearchAction","target":{"@type":"EntryPoint","urlTemplate":"https:\/\/store-it.eu\/es\/?s={search_term_string}"},"query-input":{"@type":"PropertyValueSpecification","valueRequired":true,"valueName":"search_term_string"}}],"inLanguage":"es"},{"@type":"Organization","@id":"https:\/\/store-it.eu\/es\/#organization","name":"Store-IT","url":"https:\/\/store-it.eu\/es\/","logo":{"@type":"ImageObject","inLanguage":"es","@id":"https:\/\/store-it.eu\/es\/#\/schema\/logo\/image\/","url":"https:\/\/store-it.eu\/wp-content\/uploads\/2025\/07\/StoreIT_Favicon.png","contentUrl":"https:\/\/store-it.eu\/wp-content\/uploads\/2025\/07\/StoreIT_Favicon.png","width":512,"height":512,"caption":"Store-IT"},"image":{"@id":"https:\/\/store-it.eu\/es\/#\/schema\/logo\/image\/"}}]}},"_links":{"self":[{"href":"https:\/\/store-it.eu\/es\/wp-json\/wp\/v2\/pages\/2270","targetHints":{"allow":["GET"]}}],"collection":[{"href":"https:\/\/store-it.eu\/es\/wp-json\/wp\/v2\/pages"}],"about":[{"href":"https:\/\/store-it.eu\/es\/wp-json\/wp\/v2\/types\/page"}],"author":[{"embeddable":true,"href":"https:\/\/store-it.eu\/es\/wp-json\/wp\/v2\/users\/1"}],"replies":[{"embeddable":true,"href":"https:\/\/store-it.eu\/es\/wp-json\/wp\/v2\/comments?post=2270"}],"version-history":[{"count":5,"href":"https:\/\/store-it.eu\/es\/wp-json\/wp\/v2\/pages\/2270\/revisions"}],"predecessor-version":[{"id":2309,"href":"https:\/\/store-it.eu\/es\/wp-json\/wp\/v2\/pages\/2270\/revisions\/2309"}],"wp:attachment":[{"href":"https:\/\/store-it.eu\/es\/wp-json\/wp\/v2\/media?parent=2270"}],"curies":[{"name":"wp","href":"https:\/\/api.w.org\/{rel}","templated":true}]}}