{"id":2277,"date":"2025-06-27T13:22:43","date_gmt":"2025-06-27T11:22:43","guid":{"rendered":"https:\/\/store-it.dev001.booom.digital\/apoyo\/"},"modified":"2026-04-22T14:31:19","modified_gmt":"2026-04-22T12:31:19","slug":"apoyo","status":"publish","type":"page","link":"https:\/\/store-it.eu\/es\/apoyo\/","title":{"rendered":"Apoyo"},"content":{"rendered":"\n<div class=\"wp-block-group alignfull is-style-hero-container has-global-padding is-layout-constrained wp-block-group-is-layout-constrained\">\n<div class=\"wp-block-group alignfull is-style-hexagon has-background has-global-padding is-layout-constrained wp-block-group-is-layout-constrained\" style=\"border-radius:25px;background:linear-gradient(180deg,rgb(28,14,60) 1%,rgb(192,132,252) 100%);padding-top:var(--wp--preset--spacing--xxxxxxxxxl);padding-bottom:0\">\n<div class=\"wp-block-columns alignwide are-vertically-aligned-top is-layout-flex wp-container-core-columns-is-layout-39df6aaa wp-block-columns-is-layout-flex\" style=\"padding-top:var(--wp--preset--spacing--xxxxxxxxl);padding-bottom:var(--wp--preset--spacing--xxxxxxxxl)\">\n<div class=\"wp-block-column is-vertically-aligned-top is-layout-flow wp-block-column-is-layout-flow\">\n<div class=\"wp-block-group alignwide is-vertical is-layout-flex wp-container-core-group-is-layout-fe9cc265 wp-block-group-is-layout-flex\">\n<div class=\"wp-block-group has-base-color has-text-color has-link-color wp-elements-c829f7ad27b1c6599850f06803922bbe is-vertical is-layout-flex wp-container-core-group-is-layout-a20d6259 wp-block-group-is-layout-flex\">\n<div class=\"wp-block-group alignwide has-global-padding is-layout-constrained wp-block-group-is-layout-constrained\">\n<h1 class=\"wp-block-heading alignwide has-base-color has-text-color has-link-color wp-elements-c93e4c83ecd188936db75e9a35ca099d\" style=\"margin-bottom:var(--wp--preset--spacing--md)\">Apoyo<\/h1>\n\n\n\n<p style=\"margin-bottom:var(--wp--preset--spacing--xxxl)\">En Store-IT, ofrecemos soporte gratuito ilimitado para nuestros clientes. Somos conocidos por nuestro excelente servicio al cliente y nuestro trato personalizado, \u00a1y estamos deseosos de mantener esa reputaci\u00f3n!  <br><br>Nuestro equipo de soporte est\u00e1 disponible de lunes a viernes de 9:00 a 17:30. Adem\u00e1s, ofrecemos soporte fuera de horario; solo para emergencias, tambi\u00e9n le asistimos por las noches, los fines de semana y los d\u00edas festivos. <\/p>\n<\/div>\n\n\n\n<div class=\"wp-block-group has-global-padding is-layout-constrained wp-block-group-is-layout-constrained\">\n<div class=\"wp-block-group is-layout-flex wp-block-group-is-layout-flex\">\n<div class=\"wp-block-buttons is-layout-flex wp-block-buttons-is-layout-flex\">\n<div class=\"wp-block-button\"><a class=\"wp-block-button__link has-border-color has-secondary-border-color wp-element-button\" href=\"https:\/\/store-it.atlassian.net\/servicedesk\/customer\/portal\/3\">crear ticket<\/a><\/div>\n<\/div>\n\n\n\n<div class=\"wp-block-group is-vertical is-layout-flex wp-container-core-group-is-layout-ccbee36c wp-block-group-is-layout-flex\">\n<h4 class=\"wp-block-heading has-secondary-color has-text-color has-link-color wp-elements-e12a1ea732cf0998d938751f6c677a61\">Tel\u00e9fono<\/h4>\n\n\n\n<p style=\"text-decoration:none\"><a href=\"tel:+310756472130\">+31 (0)75 647 2130<\/a><\/p>\n<\/div>\n\n\n\n<div class=\"wp-block-group is-vertical is-layout-flex wp-container-core-group-is-layout-ccbee36c wp-block-group-is-layout-flex\">\n<h4 class=\"wp-block-heading has-secondary-color has-text-color has-link-color wp-elements-ce18e5a1c2e2fde84431ad7708c0ca5c\">Correo electr\u00f3nico<\/h4>\n\n\n\n<p style=\"text-decoration:none\"><a href=\"mailto:support@store-it.eu\">soporte@store-it.eu<\/a><\/p>\n<\/div>\n<\/div>\n<\/div>\n\n\n\n<div class=\"wp-block-group is-vertical is-layout-flex wp-container-core-group-is-layout-ccbee36c wp-block-group-is-layout-flex\">\n<div class=\"wp-block-group is-nowrap is-layout-flex wp-container-core-group-is-layout-6c531013 wp-block-group-is-layout-flex\">\n<div class=\"wp-block-group is-vertical is-layout-flex wp-container-core-group-is-layout-4b827052 wp-block-group-is-layout-flex\">\n<h4 class=\"wp-block-heading has-secondary-color has-text-color has-link-color wp-elements-7f7369484e7085fd84f3673828efb926\">Soporte remoto<\/h4>\n\n\n\n<p class=\"has-md-font-size\">Elige tu plataforma:<\/p>\n<\/div>\n\n\n\n<div class=\"wp-block-group is-nowrap is-layout-flex wp-container-core-group-is-layout-430243b9 wp-block-group-is-layout-flex\">\n<div class=\"wp-block-outermost-icon-block supportitem\"><a class=\"icon-container\" href=\"https:\/\/lb3.pcvisit.de\/v1\/hosted\/jumplink?func=download&amp;topic=guestSetup&amp;destname=pcvisit_Kunden-Modul&amp;os=osWin32\" style=\"width:40px;transform:rotate(0deg) scaleX(1) scaleY(1)\"><svg xmlns=\"http:\/\/www.w3.org\/2000\/svg\" width=\"50\" height=\"50\" viewBox=\"0 0 50 50\" fill=\"none\"><path fill-rule=\"evenodd\" clip-rule=\"evenodd\" d=\"M22.8647 26.0852C22.8772 31.0825 22.8922 39.573 22.9048 46.1719C31.9398 47.3937 40.9749 48.6533 49.995 50C49.995 42.1218 50.005 34.2781 49.995 26.7822C40.9524 26.7822 31.9123 26.0852 22.8647 26.0852ZM0 26.0876V43.0542C6.81454 43.9737 13.6291 44.8525 20.4311 45.8569C20.4436 39.2931 20.4261 32.7272 20.4261 26.1633C13.6165 26.1758 6.80952 26.0652 0 26.0876ZM0 7.10815V24.0271C6.81454 24.0446 13.6291 23.9415 20.4436 23.949C20.4386 17.4001 20.4386 10.8592 20.4311 4.3103C13.6115 5.16233 6.79198 6.06373 0 7.10815ZM50 23.6792C40.9699 23.7142 31.9398 23.8519 22.9048 23.8794C22.8997 17.223 22.8997 10.5747 22.9048 3.92334C31.9223 2.54659 40.9599 1.2518 49.995 0C50 7.89565 49.995 15.7835 50 23.6792Z\" fill=\"#FAF8FF\"><\/path><\/svg><\/a><\/div>\n\n\n\n<div class=\"wp-block-outermost-icon-block supportitem\"><a class=\"icon-container\" href=\"https:\/\/lb3.pcvisit.de\/v1\/hosted\/jumplink?func=download&amp;topic=guestSetup&amp;destname=pcvisit_Kunden-Modul&amp;os=osMacOSx\" style=\"width:40px;transform:rotate(0deg) scaleX(1) scaleY(1)\"><svg xmlns=\"http:\/\/www.w3.org\/2000\/svg\" width=\"50\" height=\"59\" viewBox=\"0 0 50 59\" fill=\"none\"><path fill-rule=\"evenodd\" clip-rule=\"evenodd\" d=\"M34.032 9.3908C36.1764 6.90553 37.6218 3.44406 37.2262 0C34.1361 0.117647 30.3977 1.97396 28.182 4.45628C26.1923 6.6592 24.4554 10.1791 24.9223 13.5555C28.3693 13.8114 31.8877 11.879 34.032 9.3908ZM41.7617 31.25C41.848 40.1528 49.9108 43.1143 50 43.1526C49.9346 43.3614 48.7122 47.3724 45.753 51.5194C43.1923 55.1017 40.5364 58.6695 36.3518 58.746C32.2416 58.8195 30.9181 56.4109 26.2161 56.4109C21.517 56.4109 20.0478 58.6692 16.1576 58.8192C12.1188 58.9633 9.0406 54.9435 6.46205 51.3729C1.18598 44.0701 -2.84393 30.7356 2.56895 21.7357C5.25754 17.2681 10.0607 14.4347 15.2773 14.3641C19.2418 14.2906 22.9862 16.9204 25.4101 16.9204C27.834 16.9204 32.3844 13.7586 37.1667 14.2233C39.1683 14.3028 44.7894 14.9966 48.397 20.0583C48.1055 20.2318 41.6903 23.8089 41.7617 31.25Z\" fill=\"#FAF8FF\"><\/path><\/svg><\/a><\/div>\n<\/div>\n<\/div>\n<\/div>\n<\/div>\n<\/div>\n<\/div>\n\n\n\n<div class=\"wp-block-column is-vertically-aligned-top is-layout-flow wp-block-column-is-layout-flow\">\n<figure style=\"\" class=\"wp-block-image size-large\"><img loading=\"lazy\" decoding=\"async\" width=\"1024\" height=\"683\" src=\"https:\/\/store-it.eu\/wp-content\/uploads\/2025\/12\/SUPPORT_1_mirr-1024x683.jpg\" alt=\"\" class=\"wp-image-1990\" style=\"aspect-ratio:4\/3;object-fit:cover\" srcset=\"https:\/\/store-it.eu\/wp-content\/uploads\/2025\/12\/SUPPORT_1_mirr-1024x683.jpg 1024w, https:\/\/store-it.eu\/wp-content\/uploads\/2025\/12\/SUPPORT_1_mirr-300x200.jpg 300w, https:\/\/store-it.eu\/wp-content\/uploads\/2025\/12\/SUPPORT_1_mirr-768x512.jpg 768w, https:\/\/store-it.eu\/wp-content\/uploads\/2025\/12\/SUPPORT_1_mirr-1536x1024.jpg 1536w, https:\/\/store-it.eu\/wp-content\/uploads\/2025\/12\/SUPPORT_1_mirr-2048x1365.jpg 2048w\" sizes=\"auto, (max-width: 1024px) 100vw, 1024px\" \/><\/figure>\n<\/div>\n<\/div>\n<\/div>\n<\/div>\n\n\n\n<div style=\"height:var(--wp--preset--spacing--xxxxxxxxxl)\" aria-hidden=\"true\" class=\"wp-block-spacer\"><\/div>\n\n\n\n<div class=\"wp-block-group alignwide is-layout-flow wp-block-group-is-layout-flow\">\n<div class=\"wp-block-group has-border-color has-senary-border-color has-tertiary-opacity-background-color has-background has-global-padding is-layout-constrained wp-container-core-group-is-layout-5375c5fd wp-block-group-is-layout-constrained\" style=\"border-width:1px;border-radius:20px;padding-top:var(--wp--preset--spacing--xxxxxxxl);padding-right:var(--wp--preset--spacing--lg);padding-bottom:var(--wp--preset--spacing--xxxxxxxl);padding-left:var(--wp--preset--spacing--lg)\">\n<h2 class=\"wp-block-heading has-text-align-center\" style=\"margin-bottom:var(--wp--preset--spacing--xxxxxl)\">Preguntas frecuentes<\/h2>\n\n\n\n<div class=\"wp-block-group alignwide has-global-padding is-layout-constrained wp-container-core-group-is-layout-704e782a wp-block-group-is-layout-constrained\">\n<div class=\"wp-block-columns is-layout-flex wp-container-core-columns-is-layout-28f84493 wp-block-columns-is-layout-flex\">\n<div class=\"wp-block-column is-layout-flow wp-block-column-is-layout-flow\">\n<details class=\"wp-block-details is-style-custom has-md-font-size is-layout-flow wp-block-details-is-layout-flow\"><summary>\u00bfPuedo convertir a mis clientes actuales a Store IT?<\/summary>\n<p>S\u00ed. Podemos importar datos de clientes a Store IT. <br><\/p>\n<\/details>\n\n\n\n<details class=\"wp-block-details is-style-custom has-md-font-size is-layout-flow wp-block-details-is-layout-flow\"><summary>\u00bfCon qu\u00e9 sistemas de control de acceso puedo conectarme con Store IT?<\/summary>\n<p>Tenemos conexi\u00f3n con los sistemas de control de acceso m\u00e1s comunes. Piensa en las soluciones de Sedisto, Noke, Sentinel, PTI y SC.  <a href=\"\/es\/integraciones\">Vea todas las integraciones aqu\u00ed.<\/a><\/p>\n<\/details>\n\n\n\n<details class=\"wp-block-details is-style-custom has-md-font-size is-layout-flow wp-block-details-is-layout-flow\"><summary>\u00bfPuedo alquilar plazas de aparcamiento, oficinas, etc. a trav\u00e9s de Store IT?<\/summary>\n<p>S\u00ed, es posible. Se pueden crear varios tipos de alquiler, lo que permite utilizar diferentes contratos. <\/p>\n<\/details>\n\n\n\n<details class=\"wp-block-details is-style-custom has-md-font-size is-layout-flow wp-block-details-is-layout-flow\"><summary>\u00bfPuedo usar Store IT en cualquier PC, port\u00e1til o tableta?<\/summary>\n<p>Store IT se puede utilizar en ordenadores Windows o Apple, incluyendo port\u00e1tiles y tabletas.<\/p>\n<\/details>\n\n\n\n<details class=\"wp-block-details is-style-custom has-md-font-size is-layout-flow wp-block-details-is-layout-flow\"><summary>\u00bfC\u00f3mo puedo procesar pagos en Store IT?<\/summary>\n<p>Los pagos pueden procesarse a trav\u00e9s de diversos proveedores de pago, mediante un lote de domiciliaci\u00f3n bancaria SEPA o manualmente. Tambi\u00e9n se puede procesar un archivo CAMT. <\/p>\n<\/details>\n<\/div>\n<\/div>\n<\/div>\n<\/div>\n<\/div>\n\n\n\n<div style=\"height:var(--wp--preset--spacing--xxxxxxxxxl)\" aria-hidden=\"true\" class=\"wp-block-spacer\"><\/div>\n\n\n\n<div class=\"wp-block-group alignwide has-global-padding is-layout-constrained wp-block-group-is-layout-constrained\">\n<div class=\"wp-block-cover alignwide has-custom-content-position is-position-center-left\" style=\"border-radius:20px;padding-top:var(--wp--preset--spacing--xxxxxxxxxl);padding-right:var(--wp--preset--spacing--xxxxxxl);padding-bottom:var(--wp--preset--spacing--xxxxxxxxxl);padding-left:var(--wp--preset--spacing--xxxxxxl)\"><img loading=\"lazy\" decoding=\"async\" width=\"1024\" height=\"683\" class=\"wp-block-cover__image-background wp-image-1995 size-large\" alt=\"\" src=\"https:\/\/store-it.eu\/wp-content\/uploads\/2025\/12\/SUPPORT_2_mirr-1024x683.jpg\" style=\"object-position:50% 24%\" data-object-fit=\"cover\" data-object-position=\"50% 24%\" srcset=\"https:\/\/store-it.eu\/wp-content\/uploads\/2025\/12\/SUPPORT_2_mirr-1024x683.jpg 1024w, https:\/\/store-it.eu\/wp-content\/uploads\/2025\/12\/SUPPORT_2_mirr-300x200.jpg 300w, https:\/\/store-it.eu\/wp-content\/uploads\/2025\/12\/SUPPORT_2_mirr-768x512.jpg 768w, https:\/\/store-it.eu\/wp-content\/uploads\/2025\/12\/SUPPORT_2_mirr-1536x1024.jpg 1536w, https:\/\/store-it.eu\/wp-content\/uploads\/2025\/12\/SUPPORT_2_mirr-2048x1365.jpg 2048w\" sizes=\"auto, (max-width: 1024px) 100vw, 1024px\" \/><span aria-hidden=\"true\" class=\"wp-block-cover__background has-contrast-background-color has-background-dim-70 has-background-dim\"><\/span><div class=\"wp-block-cover__inner-container has-global-padding is-layout-constrained wp-container-core-cover-is-layout-07be7e57 wp-block-cover-is-layout-constrained\">\n<div class=\"wp-block-group alignwide has-global-padding is-layout-constrained wp-container-core-group-is-layout-bdbfdc43 wp-block-group-is-layout-constrained\">\n<div class=\"wp-block-group is-layout-flow wp-block-group-is-layout-flow\">\n<h2 class=\"wp-block-heading\" style=\"font-style:normal;font-weight:700\">\u00bfPreparados para un futuro seguro?<\/h2>\n\n\n\n<p>Elija la soluci\u00f3n de software para autoalmacenamiento m\u00e1s segura y profesional de Europa. Cont\u00e1ctenos hoy mismo para una presentaci\u00f3n sin compromiso o una demostraci\u00f3n de nuestra plataforma. <\/p>\n\n\n\n<div class=\"wp-block-buttons is-layout-flex wp-block-buttons-is-layout-flex\">\n<div class=\"wp-block-button\"><a class=\"wp-block-button__link wp-element-button\" href=\"https:\/\/store-it.eu\/es\/reserva-una-demostracion\/\">Reserva una demostraci\u00f3n<\/a><\/div>\n<\/div>\n<\/div>\n<\/div>\n<\/div><\/div>\n<\/div>\n\n\n\n<div style=\"height:var(--wp--preset--spacing--xxxxxxxxl)\" aria-hidden=\"true\" class=\"wp-block-spacer\"><\/div>\n","protected":false},"excerpt":{"rendered":"<p>Apoyo En Store-IT, ofrecemos soporte gratuito ilimitado para nuestros clientes. Somos conocidos por nuestro excelente servicio al cliente y nuestro trato personalizado, \u00a1y estamos deseosos de mantener esa reputaci\u00f3n! Nuestro equipo de soporte est\u00e1 disponible de lunes a viernes de 9:00 a 17:30. Adem\u00e1s, ofrecemos soporte fuera de horario; solo para emergencias, tambi\u00e9n le asistimos [&hellip;]<\/p>\n","protected":false},"author":1,"featured_media":0,"parent":0,"menu_order":52,"comment_status":"closed","ping_status":"closed","template":"","meta":{"_acf_changed":false,"footnotes":""},"class_list":["post-2277","page","type-page","status-publish","hentry"],"acf":[],"yoast_head":"<!-- This site is optimized with the Yoast SEO plugin v27.4 - https:\/\/yoast.com\/product\/yoast-seo-wordpress\/ -->\n<title>Apoyo &#8211; Store-IT<\/title>\n<meta name=\"description\" content=\"\u00bfTienes preguntas? Obt\u00e9n asistencia gratuita para tu software de almacenamiento. Estamos disponibles todos los d\u00edas laborables, con asistencia adicional para emergencias los fines de semana.\" \/>\n<meta name=\"robots\" content=\"index, follow, max-snippet:-1, max-image-preview:large, max-video-preview:-1\" \/>\n<link rel=\"canonical\" href=\"https:\/\/store-it.eu\/es\/apoyo\/\" \/>\n<meta property=\"og:locale\" content=\"es_ES\" \/>\n<meta property=\"og:type\" content=\"article\" \/>\n<meta property=\"og:title\" content=\"Apoyo &#8211; Store-IT\" \/>\n<meta property=\"og:description\" content=\"\u00bfTienes preguntas? Obt\u00e9n asistencia gratuita para tu software de almacenamiento. Estamos disponibles todos los d\u00edas laborables, con asistencia adicional para emergencias los fines de semana.\" \/>\n<meta property=\"og:url\" content=\"https:\/\/store-it.eu\/es\/apoyo\/\" \/>\n<meta property=\"og:site_name\" content=\"Store-IT\" \/>\n<meta property=\"article:modified_time\" content=\"2026-04-22T12:31:19+00:00\" \/>\n<meta property=\"og:image\" content=\"https:\/\/store-it.eu\/wp-content\/uploads\/2025\/12\/SUPPORT_1_mirr-scaled.jpg\" \/>\n\t<meta property=\"og:image:width\" content=\"2560\" \/>\n\t<meta property=\"og:image:height\" content=\"1707\" \/>\n\t<meta property=\"og:image:type\" content=\"image\/jpeg\" \/>\n<meta name=\"twitter:card\" content=\"summary_large_image\" \/>\n<meta name=\"twitter:label1\" content=\"Tiempo de lectura\" \/>\n\t<meta name=\"twitter:data1\" content=\"2 minuto\" \/>\n<script type=\"application\/ld+json\" class=\"yoast-schema-graph\">{\"@context\":\"https:\\\/\\\/schema.org\",\"@graph\":[{\"@type\":\"WebPage\",\"@id\":\"https:\\\/\\\/store-it.eu\\\/es\\\/apoyo\\\/\",\"url\":\"https:\\\/\\\/store-it.eu\\\/es\\\/apoyo\\\/\",\"name\":\"Apoyo &#8211; Store-IT\",\"isPartOf\":{\"@id\":\"https:\\\/\\\/store-it.eu\\\/es\\\/#website\"},\"primaryImageOfPage\":{\"@id\":\"https:\\\/\\\/store-it.eu\\\/es\\\/apoyo\\\/#primaryimage\"},\"image\":{\"@id\":\"https:\\\/\\\/store-it.eu\\\/es\\\/apoyo\\\/#primaryimage\"},\"thumbnailUrl\":\"https:\\\/\\\/store-it.eu\\\/wp-content\\\/uploads\\\/2025\\\/12\\\/SUPPORT_1_mirr-1024x683.jpg\",\"datePublished\":\"2025-06-27T11:22:43+00:00\",\"dateModified\":\"2026-04-22T12:31:19+00:00\",\"description\":\"\u00bfTienes preguntas? Obt\u00e9n asistencia gratuita para tu software de almacenamiento. Estamos disponibles todos los d\u00edas laborables, con asistencia adicional para emergencias los fines de semana.\",\"breadcrumb\":{\"@id\":\"https:\\\/\\\/store-it.eu\\\/es\\\/apoyo\\\/#breadcrumb\"},\"inLanguage\":\"es\",\"potentialAction\":[{\"@type\":\"ReadAction\",\"target\":[\"https:\\\/\\\/store-it.eu\\\/es\\\/apoyo\\\/\"]}]},{\"@type\":\"ImageObject\",\"inLanguage\":\"es\",\"@id\":\"https:\\\/\\\/store-it.eu\\\/es\\\/apoyo\\\/#primaryimage\",\"url\":\"https:\\\/\\\/store-it.eu\\\/wp-content\\\/uploads\\\/2025\\\/12\\\/SUPPORT_1_mirr-1024x683.jpg\",\"contentUrl\":\"https:\\\/\\\/store-it.eu\\\/wp-content\\\/uploads\\\/2025\\\/12\\\/SUPPORT_1_mirr-1024x683.jpg\"},{\"@type\":\"BreadcrumbList\",\"@id\":\"https:\\\/\\\/store-it.eu\\\/es\\\/apoyo\\\/#breadcrumb\",\"itemListElement\":[{\"@type\":\"ListItem\",\"position\":1,\"name\":\"Home\",\"item\":\"https:\\\/\\\/store-it.eu\\\/es\\\/\"},{\"@type\":\"ListItem\",\"position\":2,\"name\":\"Apoyo\"}]},{\"@type\":\"WebSite\",\"@id\":\"https:\\\/\\\/store-it.eu\\\/es\\\/#website\",\"url\":\"https:\\\/\\\/store-it.eu\\\/es\\\/\",\"name\":\"Store-IT\",\"description\":\"Specialist in self storage management software\",\"publisher\":{\"@id\":\"https:\\\/\\\/store-it.eu\\\/es\\\/#organization\"},\"potentialAction\":[{\"@type\":\"SearchAction\",\"target\":{\"@type\":\"EntryPoint\",\"urlTemplate\":\"https:\\\/\\\/store-it.eu\\\/es\\\/?s={search_term_string}\"},\"query-input\":{\"@type\":\"PropertyValueSpecification\",\"valueRequired\":true,\"valueName\":\"search_term_string\"}}],\"inLanguage\":\"es\"},{\"@type\":\"Organization\",\"@id\":\"https:\\\/\\\/store-it.eu\\\/es\\\/#organization\",\"name\":\"Store-IT\",\"url\":\"https:\\\/\\\/store-it.eu\\\/es\\\/\",\"logo\":{\"@type\":\"ImageObject\",\"inLanguage\":\"es\",\"@id\":\"https:\\\/\\\/store-it.eu\\\/es\\\/#\\\/schema\\\/logo\\\/image\\\/\",\"url\":\"https:\\\/\\\/store-it.eu\\\/wp-content\\\/uploads\\\/2025\\\/07\\\/StoreIT_Favicon.png\",\"contentUrl\":\"https:\\\/\\\/store-it.eu\\\/wp-content\\\/uploads\\\/2025\\\/07\\\/StoreIT_Favicon.png\",\"width\":512,\"height\":512,\"caption\":\"Store-IT\"},\"image\":{\"@id\":\"https:\\\/\\\/store-it.eu\\\/es\\\/#\\\/schema\\\/logo\\\/image\\\/\"}}]}<\/script>\n<!-- \/ Yoast SEO plugin. -->","yoast_head_json":{"title":"Apoyo &#8211; Store-IT","description":"\u00bfTienes preguntas? Obt\u00e9n asistencia gratuita para tu software de almacenamiento. Estamos disponibles todos los d\u00edas laborables, con asistencia adicional para emergencias los fines de semana.","robots":{"index":"index","follow":"follow","max-snippet":"max-snippet:-1","max-image-preview":"max-image-preview:large","max-video-preview":"max-video-preview:-1"},"canonical":"https:\/\/store-it.eu\/es\/apoyo\/","og_locale":"es_ES","og_type":"article","og_title":"Apoyo &#8211; Store-IT","og_description":"\u00bfTienes preguntas? Obt\u00e9n asistencia gratuita para tu software de almacenamiento. Estamos disponibles todos los d\u00edas laborables, con asistencia adicional para emergencias los fines de semana.","og_url":"https:\/\/store-it.eu\/es\/apoyo\/","og_site_name":"Store-IT","article_modified_time":"2026-04-22T12:31:19+00:00","og_image":[{"width":2560,"height":1707,"url":"https:\/\/store-it.eu\/wp-content\/uploads\/2025\/12\/SUPPORT_1_mirr-scaled.jpg","type":"image\/jpeg"}],"twitter_card":"summary_large_image","twitter_misc":{"Tiempo de lectura":"2 minuto"},"schema":{"@context":"https:\/\/schema.org","@graph":[{"@type":"WebPage","@id":"https:\/\/store-it.eu\/es\/apoyo\/","url":"https:\/\/store-it.eu\/es\/apoyo\/","name":"Apoyo &#8211; Store-IT","isPartOf":{"@id":"https:\/\/store-it.eu\/es\/#website"},"primaryImageOfPage":{"@id":"https:\/\/store-it.eu\/es\/apoyo\/#primaryimage"},"image":{"@id":"https:\/\/store-it.eu\/es\/apoyo\/#primaryimage"},"thumbnailUrl":"https:\/\/store-it.eu\/wp-content\/uploads\/2025\/12\/SUPPORT_1_mirr-1024x683.jpg","datePublished":"2025-06-27T11:22:43+00:00","dateModified":"2026-04-22T12:31:19+00:00","description":"\u00bfTienes preguntas? Obt\u00e9n asistencia gratuita para tu software de almacenamiento. Estamos disponibles todos los d\u00edas laborables, con asistencia adicional para emergencias los fines de semana.","breadcrumb":{"@id":"https:\/\/store-it.eu\/es\/apoyo\/#breadcrumb"},"inLanguage":"es","potentialAction":[{"@type":"ReadAction","target":["https:\/\/store-it.eu\/es\/apoyo\/"]}]},{"@type":"ImageObject","inLanguage":"es","@id":"https:\/\/store-it.eu\/es\/apoyo\/#primaryimage","url":"https:\/\/store-it.eu\/wp-content\/uploads\/2025\/12\/SUPPORT_1_mirr-1024x683.jpg","contentUrl":"https:\/\/store-it.eu\/wp-content\/uploads\/2025\/12\/SUPPORT_1_mirr-1024x683.jpg"},{"@type":"BreadcrumbList","@id":"https:\/\/store-it.eu\/es\/apoyo\/#breadcrumb","itemListElement":[{"@type":"ListItem","position":1,"name":"Home","item":"https:\/\/store-it.eu\/es\/"},{"@type":"ListItem","position":2,"name":"Apoyo"}]},{"@type":"WebSite","@id":"https:\/\/store-it.eu\/es\/#website","url":"https:\/\/store-it.eu\/es\/","name":"Store-IT","description":"Specialist in self storage management software","publisher":{"@id":"https:\/\/store-it.eu\/es\/#organization"},"potentialAction":[{"@type":"SearchAction","target":{"@type":"EntryPoint","urlTemplate":"https:\/\/store-it.eu\/es\/?s={search_term_string}"},"query-input":{"@type":"PropertyValueSpecification","valueRequired":true,"valueName":"search_term_string"}}],"inLanguage":"es"},{"@type":"Organization","@id":"https:\/\/store-it.eu\/es\/#organization","name":"Store-IT","url":"https:\/\/store-it.eu\/es\/","logo":{"@type":"ImageObject","inLanguage":"es","@id":"https:\/\/store-it.eu\/es\/#\/schema\/logo\/image\/","url":"https:\/\/store-it.eu\/wp-content\/uploads\/2025\/07\/StoreIT_Favicon.png","contentUrl":"https:\/\/store-it.eu\/wp-content\/uploads\/2025\/07\/StoreIT_Favicon.png","width":512,"height":512,"caption":"Store-IT"},"image":{"@id":"https:\/\/store-it.eu\/es\/#\/schema\/logo\/image\/"}}]}},"_links":{"self":[{"href":"https:\/\/store-it.eu\/es\/wp-json\/wp\/v2\/pages\/2277","targetHints":{"allow":["GET"]}}],"collection":[{"href":"https:\/\/store-it.eu\/es\/wp-json\/wp\/v2\/pages"}],"about":[{"href":"https:\/\/store-it.eu\/es\/wp-json\/wp\/v2\/types\/page"}],"author":[{"embeddable":true,"href":"https:\/\/store-it.eu\/es\/wp-json\/wp\/v2\/users\/1"}],"replies":[{"embeddable":true,"href":"https:\/\/store-it.eu\/es\/wp-json\/wp\/v2\/comments?post=2277"}],"version-history":[{"count":8,"href":"https:\/\/store-it.eu\/es\/wp-json\/wp\/v2\/pages\/2277\/revisions"}],"predecessor-version":[{"id":3151,"href":"https:\/\/store-it.eu\/es\/wp-json\/wp\/v2\/pages\/2277\/revisions\/3151"}],"wp:attachment":[{"href":"https:\/\/store-it.eu\/es\/wp-json\/wp\/v2\/media?parent=2277"}],"curies":[{"name":"wp","href":"https:\/\/api.w.org\/{rel}","templated":true}]}}