{"id":2888,"date":"2025-03-27T09:24:08","date_gmt":"2025-03-27T08:24:08","guid":{"rendered":"https:\/\/store-it.dev001.booom.digital\/?page_id=2888"},"modified":"2026-04-15T14:13:16","modified_gmt":"2026-04-15T12:13:16","slug":"declaracion-de-privacidad-2","status":"publish","type":"page","link":"https:\/\/store-it.eu\/es\/declaracion-de-privacidad-2\/","title":{"rendered":"Declaracion de Privacidad"},"content":{"rendered":"\n<div class=\"wp-block-group alignfull is-style-hexagon has-background has-global-padding is-layout-constrained wp-block-group-is-layout-constrained\" style=\"border-radius:25px;background:linear-gradient(180deg,rgb(28,14,60) 1%,rgb(192,132,252) 100%);padding-top:var(--wp--preset--spacing--xxxxxxxxxl);padding-bottom:0\">\n<div class=\"wp-block-columns alignwide are-vertically-aligned-center is-layout-flex wp-container-core-columns-is-layout-39df6aaa wp-block-columns-is-layout-flex\" style=\"padding-top:var(--wp--preset--spacing--xxxxxxxxl);padding-bottom:var(--wp--preset--spacing--xxxxxxxxl)\">\n<div class=\"wp-block-column is-vertically-aligned-center is-layout-flow wp-block-column-is-layout-flow\">\n<div class=\"wp-block-group alignwide is-vertical is-layout-flex wp-container-core-group-is-layout-fe9cc265 wp-block-group-is-layout-flex\">\n<div class=\"wp-block-group alignwide has-global-padding is-content-justification-left is-layout-constrained wp-container-core-group-is-layout-b498b38b wp-block-group-is-layout-constrained\"><h1 class=\"has-link-color wp-elements-1f73820135701125b82a0d4162906c6e wp-block-post-title has-text-color has-base-color\">Declaracion de Privacidad<\/h1>\n\n\n<p class=\"has-secondary-color has-text-color has-link-color wp-elements-b18a73da748b6669048f46304590c138\">Actualizado: <strong>julio 2025<\/strong><\/p>\n\n\n\n<div class=\"wp-block-buttons is-layout-flex wp-block-buttons-is-layout-flex\">\n<div class=\"wp-block-button\"><a class=\"wp-block-button__link wp-element-button\" href=\"https:\/\/store-it.eu\/wp-content\/uploads\/2026\/02\/Declaracion-de-Privacidad_Store-IT_ES.pdf\" style=\"border-style:none;border-width:0px\">Desc\u00e1rgalo aqu\u00ed (PDF)<\/a><\/div>\n<\/div>\n<\/div>\n<\/div>\n<\/div>\n<\/div>\n<\/div>\n\n\n\n<div class=\"wp-block-group alignfull has-global-padding is-layout-constrained wp-container-core-group-is-layout-f39c6573 wp-block-group-is-layout-constrained\" style=\"padding-top:var(--wp--preset--spacing--xxxxxxxxxl);padding-bottom:var(--wp--preset--spacing--xxxxxxxxxl)\">\n<div class=\"wp-block-group alignwide is-layout-flow wp-container-core-group-is-layout-a6c217b2 wp-block-group-is-layout-flow\">\n<div class=\"wp-block-group is-layout-flow wp-block-group-is-layout-flow\">\n<p>Uniserve, que opera bajo el nombre comercial Store-IT, con domicilio en Korte Hogendijk 14,<br>1506 MA Zaandam, es responsable del tratamiento de los datos personales tal como se<br>describe en la presente declaraci\u00f3n de privacidad.<\/p>\n\n\n\n<h2 class=\"wp-block-heading\">Datos de contacto<\/h2>\n\n\n\n<p>www.store-it.eu<br>Korte Hogendijk 14<br>1506 MA Zaandam<br>+31 (0)75 &#8211; 64 72 130<\/p>\n<\/div>\n\n\n\n<div class=\"wp-block-group is-layout-flow wp-block-group-is-layout-flow\">\n<h2 class=\"wp-block-heading\">Datos personales que procesa Store-IT<\/h2>\n\n\n\n<p>Store-IT procesa sus datos personales porque usted utiliza nuestros servicios y\/o porque nos<br>los proporciona a trav\u00e9s de nuestro sitio web. A continuaci\u00f3n encontrar\u00e1 un resumen de los<br>datos personales que procesamos:<\/p>\n\n\n\n<ul class=\"wp-block-list\">\n<li>N\u00famero de tel\u00e9fono<\/li>\n\n\n\n<li>Direcci\u00f3n de correo electr\u00f3nico<\/li>\n\n\n\n<li>Direcci\u00f3n IP<\/li>\n<\/ul>\n<\/div>\n\n\n\n<div class=\"wp-block-group is-layout-flow wp-block-group-is-layout-flow\">\n<h2 class=\"wp-block-heading\">Datos personales especiales y\/o sensibles que procesamos<\/h2>\n\n\n\n<p>Nuestro sitio web y\/o servicio no tiene la intenci\u00f3n de recopilar datos de visitantes menores de<br>16 a\u00f1os, salvo que cuenten con el consentimiento de sus padres o tutores legales. No<br>obstante, no podemos verificar si un visitante es mayor de 16 a\u00f1os. Por ello, recomendamos a<br>los padres que supervisen las actividades en l\u00ednea de sus hijos para evitar que se recopilen<br>datos sin el consentimiento correspondiente.<\/p>\n\n\n\n<p>Si est\u00e1 convencido de que hemos recopilado datos personales de un menor sin dicho<br>consentimiento, p\u00f3ngase en contacto con nosotros a trav\u00e9s de support@store-it.eu y<br>eliminaremos esta informaci\u00f3n.<\/p>\n<\/div>\n\n\n\n<div class=\"wp-block-group is-layout-flow wp-block-group-is-layout-flow\">\n<h2 class=\"wp-block-heading\">Finalidad del tratamiento de los datos personales<\/h2>\n\n\n\n<p>Store-IT procesa sus datos personales para los siguientes fines:<\/p>\n\n\n\n<p>Contactarle por tel\u00e9fono o correo electr\u00f3nico en respuesta a su consulta<\/p>\n\n\n\n<p>Contactarle por tel\u00e9fono o correo electr\u00f3nico cuando sea necesario para prestar<br>nuestros servicios<\/p>\n<\/div>\n\n\n\n<div class=\"wp-block-group is-layout-flow wp-block-group-is-layout-flow\">\n<h2 class=\"wp-block-heading\">Toma de decisiones automatizada<\/h2>\n\n\n\n<p>Store-IT no utiliza procesos de toma de decisiones automatizada.<\/p>\n<\/div>\n\n\n\n<div class=\"wp-block-group is-layout-flow wp-block-group-is-layout-flow\">\n<h2 class=\"wp-block-heading\">Plazo de conservaci\u00f3n de los datos personales<\/h2>\n\n\n\n<p>Store-IT no conserva sus datos personales durante m\u00e1s tiempo del estrictamente necesario<br>para cumplir los fines para los que fueron recopilados:<\/p>\n\n\n\n<p>Datos relacionados con una solicitud de informaci\u00f3n: hasta que la consulta haya sido<br>atendida. <\/p>\n\n\n\n<p>Datos necesarios para la prestaci\u00f3n de nuestros servicios: hasta un a\u00f1o despu\u00e9s de la<br>finalizaci\u00f3n del encargo<\/p>\n<\/div>\n\n\n\n<div class=\"wp-block-group is-layout-flow wp-block-group-is-layout-flow\">\n<h2 class=\"wp-block-heading\">Cesi\u00f3n de datos personales a terceros<\/h2>\n\n\n\n<p>Store-IT solo facilita datos personales a terceros cuando sea necesario para la ejecuci\u00f3n de<br>nuestro contrato con usted o para cumplir con una obligaci\u00f3n legal.<\/p>\n<\/div>\n\n\n\n<div class=\"wp-block-group is-layout-flow wp-block-group-is-layout-flow\">\n<h2 class=\"wp-block-heading\">Cookies u otras tecnolog\u00edas similares utilizadas por Store-IT<\/h2>\n\n\n\n<p>Store-IT utiliza cookies t\u00e9cnicas y funcionales. Una cookie es un peque\u00f1o archivo de texto que<br>se almacena en su ordenador, tableta o smartphone cuando visita este sitio web por primera<br>vez.<\/p>\n\n\n\n<p>Las cookies que utilizamos son necesarias para el funcionamiento t\u00e9cnico del sitio web y para<br>su comodidad como usuario. Garantizan que el sitio funcione correctamente y, por ejemplo,<br>recuerdan sus preferencias. Tambi\u00e9n nos permiten optimizar nuestro sitio web.<\/p>\n\n\n\n<p>Puede desactivar las cookies configurando su navegador para que no almacene cookies.<br>Adem\u00e1s, puede eliminar toda la informaci\u00f3n previamente almacenada a trav\u00e9s de la<br>configuraci\u00f3n de su navegador.<\/p>\n<\/div>\n\n\n\n<div class=\"wp-block-group is-layout-flow wp-block-group-is-layout-flow\">\n<h2 class=\"wp-block-heading\">reCAPTCHA<\/h2>\n\n\n\n<p>Store-IT utiliza el servicio reCAPTCHA de Google Inc. (Google) para proteger nuestro sitio web<br>contra el spam y el uso indebido.<\/p>\n\n\n\n<p>Para que Google reCAPTCHA funcione, se recopilan la direcci\u00f3n IP del visitante, los<br>movimientos del rat\u00f3n y posiblemente otros datos. Esta informaci\u00f3n se env\u00eda a Google y es<br>procesada por dicha empresa. Al analizar estos datos, Google puede determinar si se trata de<br>un visitante real o de un robot.<\/p>\n\n\n\n<p>Para m\u00e1s informaci\u00f3n, consulte la pol\u00edtica de privacidad de Google.<\/p>\n<\/div>\n\n\n\n<div class=\"wp-block-group is-layout-flow wp-block-group-is-layout-flow\">\n<h2 class=\"wp-block-heading\">Google Analytics<\/h2>\n\n\n\n<p>Store-IT utiliza Google Analytics para obtener informaci\u00f3n sobre el uso de nuestro sitio web y<br>as\u00ed poder mejorar continuamente su dise\u00f1o y funcionalidad. Google Analytics ha sido<br>configurado de la manera m\u00e1s respetuosa posible con la privacidad.<\/p>\n\n\n\n<p>Para m\u00e1s informaci\u00f3n, consulte la pol\u00edtica de privacidad de Google.<\/p>\n<\/div>\n\n\n\n<div class=\"wp-block-group is-layout-flow wp-block-group-is-layout-flow\">\n<h2 class=\"wp-block-heading\">Acceso, modificaci\u00f3n o eliminaci\u00f3n de datos<\/h2>\n\n\n\n<p>Usted tiene derecho a acceder, rectificar o eliminar sus datos personales. Asimismo, tiene<br>derecho a retirar su consentimiento para el tratamiento de datos o a oponerse al tratamiento de<br>sus datos personales por parte de Store-IT, as\u00ed como el derecho a la portabilidad de los datos.<br>Esto significa que puede solicitarnos que le enviemos los datos personales que tenemos sobre<br>usted en un archivo inform\u00e1tico, ya sea a usted o a otra organizaci\u00f3n que usted indique.<\/p>\n\n\n\n<p>Puede enviar una solicitud de acceso, rectificaci\u00f3n, eliminaci\u00f3n o transferencia de sus datos<br>personales, as\u00ed como una solicitud para retirar su consentimiento u oponerse al tratamiento, a<br><a href=\"mailto:support@store-it.eu\">support@store-it.eu<\/a>.<\/p>\n\n\n\n<p>Para asegurarnos de que la solicitud de acceso haya sido presentada por usted, le pedimos que<br>adjunte una copia de su documento de identidad. En dicha copia, debe ocultar su fotograf\u00eda, la<br>MRZ (zona de lectura mec\u00e1nica, la franja con n\u00fameros en la parte inferior del pasaporte), el<br>n\u00famero de pasaporte y el n\u00famero de identificaci\u00f3n personal (BSN). Esto con el fin de proteger<br>su privacidad. Responderemos a su solicitud lo antes posible y, en cualquier caso, dentro de un plazo m\u00e1ximo<br>de cuatro semanas.<\/p>\n\n\n\n<p>Store-IT tambi\u00e9n le informa que tiene derecho a presentar una reclamaci\u00f3n ante la autoridad<br>nacional de control, la Autoridad Neerlandesa de Protecci\u00f3n de Datos (Autoriteit<br>Persoonsgegevens). <\/p>\n\n\n\n<p>Puede hacerlo a trav\u00e9s del siguiente enlace:<br><a href=\"https:\/\/autoriteitpersoonsgegevens.nl\/nl\/contact-met-de-autoriteit-persoonsgegevens\/tip-ons\">https:\/\/autoriteitpersoonsgegevens.nl\/nl\/contact-met-de-autoriteit-persoonsgegevens\/tip-ons<\/a><\/p>\n<\/div>\n\n\n\n<div class=\"wp-block-group is-layout-flow wp-block-group-is-layout-flow\">\n<h2 class=\"wp-block-heading\">C\u00f3mo protege Store-IT los datos personales<\/h2>\n\n\n\n<p>Store-IT se toma muy en serio la protecci\u00f3n de sus datos y adopta las medidas organizativas y<br>t\u00e9cnicas adecuadas para evitar el uso indebido, la p\u00e9rdida, el acceso no autorizado, la<br>divulgaci\u00f3n no deseada y la modificaci\u00f3n no autorizada.<\/p>\n\n\n\n<p>Si considera que sus datos no est\u00e1n debidamente protegidos o existen indicios de uso<br>indebido, p\u00f3ngase en contacto con nosotros en <a href=\"mailto:support@store-it.eu\">support@store-it.eu<\/a><\/p>\n<\/div>\n<\/div>\n<\/div>\n","protected":false},"excerpt":{"rendered":"<p>Actualizado: julio 2025 Uniserve, que opera bajo el nombre comercial Store-IT, con domicilio en Korte Hogendijk 14,1506 MA Zaandam, es responsable del tratamiento de los datos personales tal como sedescribe en la presente declaraci\u00f3n de privacidad. Datos de contacto www.store-it.euKorte Hogendijk 141506 MA Zaandam+31 (0)75 &#8211; 64 72 130 Datos personales que procesa Store-IT Store-IT [&hellip;]<\/p>\n","protected":false},"author":1,"featured_media":0,"parent":0,"menu_order":44,"comment_status":"closed","ping_status":"closed","template":"","meta":{"_acf_changed":false,"footnotes":""},"class_list":["post-2888","page","type-page","status-publish","hentry"],"acf":[],"yoast_head":"<!-- This site is optimized with the Yoast SEO plugin v27.4 - https:\/\/yoast.com\/product\/yoast-seo-wordpress\/ -->\n<title>Declaracion de Privacidad &#8211; Store-IT<\/title>\n<meta name=\"robots\" content=\"index, follow, max-snippet:-1, max-image-preview:large, max-video-preview:-1\" \/>\n<link rel=\"canonical\" href=\"https:\/\/store-it.eu\/es\/declaracion-de-privacidad-2\/\" \/>\n<meta property=\"og:locale\" content=\"es_ES\" \/>\n<meta property=\"og:type\" content=\"article\" \/>\n<meta property=\"og:title\" content=\"Declaracion de Privacidad &#8211; Store-IT\" \/>\n<meta property=\"og:description\" content=\"Actualizado: julio 2025 Uniserve, que opera bajo el nombre comercial Store-IT, con domicilio en Korte Hogendijk 14,1506 MA Zaandam, es responsable del tratamiento de los datos personales tal como sedescribe en la presente declaraci\u00f3n de privacidad. Datos de contacto www.store-it.euKorte Hogendijk 141506 MA Zaandam+31 (0)75 &#8211; 64 72 130 Datos personales que procesa Store-IT Store-IT [&hellip;]\" \/>\n<meta property=\"og:url\" content=\"https:\/\/store-it.eu\/es\/declaracion-de-privacidad-2\/\" \/>\n<meta property=\"og:site_name\" content=\"Store-IT\" \/>\n<meta property=\"article:modified_time\" content=\"2026-04-15T12:13:16+00:00\" \/>\n<meta property=\"og:image\" content=\"https:\/\/store-it.eu\/wp-content\/uploads\/2025\/07\/StoreIT_Favicon.png\" \/>\n\t<meta property=\"og:image:width\" content=\"512\" \/>\n\t<meta property=\"og:image:height\" content=\"512\" \/>\n\t<meta property=\"og:image:type\" content=\"image\/png\" \/>\n<meta name=\"twitter:card\" content=\"summary_large_image\" \/>\n<meta name=\"twitter:label1\" content=\"Tiempo de lectura\" \/>\n\t<meta name=\"twitter:data1\" content=\"5 minuto\" \/>\n<script type=\"application\/ld+json\" class=\"yoast-schema-graph\">{\"@context\":\"https:\\\/\\\/schema.org\",\"@graph\":[{\"@type\":\"WebPage\",\"@id\":\"https:\\\/\\\/store-it.eu\\\/es\\\/declaracion-de-privacidad-2\\\/\",\"url\":\"https:\\\/\\\/store-it.eu\\\/es\\\/declaracion-de-privacidad-2\\\/\",\"name\":\"Declaracion de Privacidad &#8211; Store-IT\",\"isPartOf\":{\"@id\":\"https:\\\/\\\/store-it.eu\\\/es\\\/#website\"},\"datePublished\":\"2025-03-27T08:24:08+00:00\",\"dateModified\":\"2026-04-15T12:13:16+00:00\",\"breadcrumb\":{\"@id\":\"https:\\\/\\\/store-it.eu\\\/es\\\/declaracion-de-privacidad-2\\\/#breadcrumb\"},\"inLanguage\":\"es\",\"potentialAction\":[{\"@type\":\"ReadAction\",\"target\":[\"https:\\\/\\\/store-it.eu\\\/es\\\/declaracion-de-privacidad-2\\\/\"]}]},{\"@type\":\"BreadcrumbList\",\"@id\":\"https:\\\/\\\/store-it.eu\\\/es\\\/declaracion-de-privacidad-2\\\/#breadcrumb\",\"itemListElement\":[{\"@type\":\"ListItem\",\"position\":1,\"name\":\"Home\",\"item\":\"https:\\\/\\\/store-it.eu\\\/es\\\/\"},{\"@type\":\"ListItem\",\"position\":2,\"name\":\"Declaracion de Privacidad\"}]},{\"@type\":\"WebSite\",\"@id\":\"https:\\\/\\\/store-it.eu\\\/es\\\/#website\",\"url\":\"https:\\\/\\\/store-it.eu\\\/es\\\/\",\"name\":\"Store-IT\",\"description\":\"Specialist in self storage management software\",\"publisher\":{\"@id\":\"https:\\\/\\\/store-it.eu\\\/es\\\/#organization\"},\"potentialAction\":[{\"@type\":\"SearchAction\",\"target\":{\"@type\":\"EntryPoint\",\"urlTemplate\":\"https:\\\/\\\/store-it.eu\\\/es\\\/?s={search_term_string}\"},\"query-input\":{\"@type\":\"PropertyValueSpecification\",\"valueRequired\":true,\"valueName\":\"search_term_string\"}}],\"inLanguage\":\"es\"},{\"@type\":\"Organization\",\"@id\":\"https:\\\/\\\/store-it.eu\\\/es\\\/#organization\",\"name\":\"Store-IT\",\"url\":\"https:\\\/\\\/store-it.eu\\\/es\\\/\",\"logo\":{\"@type\":\"ImageObject\",\"inLanguage\":\"es\",\"@id\":\"https:\\\/\\\/store-it.eu\\\/es\\\/#\\\/schema\\\/logo\\\/image\\\/\",\"url\":\"https:\\\/\\\/store-it.eu\\\/wp-content\\\/uploads\\\/2025\\\/07\\\/StoreIT_Favicon.png\",\"contentUrl\":\"https:\\\/\\\/store-it.eu\\\/wp-content\\\/uploads\\\/2025\\\/07\\\/StoreIT_Favicon.png\",\"width\":512,\"height\":512,\"caption\":\"Store-IT\"},\"image\":{\"@id\":\"https:\\\/\\\/store-it.eu\\\/es\\\/#\\\/schema\\\/logo\\\/image\\\/\"}}]}<\/script>\n<!-- \/ Yoast SEO plugin. -->","yoast_head_json":{"title":"Declaracion de Privacidad &#8211; Store-IT","robots":{"index":"index","follow":"follow","max-snippet":"max-snippet:-1","max-image-preview":"max-image-preview:large","max-video-preview":"max-video-preview:-1"},"canonical":"https:\/\/store-it.eu\/es\/declaracion-de-privacidad-2\/","og_locale":"es_ES","og_type":"article","og_title":"Declaracion de Privacidad &#8211; Store-IT","og_description":"Actualizado: julio 2025 Uniserve, que opera bajo el nombre comercial Store-IT, con domicilio en Korte Hogendijk 14,1506 MA Zaandam, es responsable del tratamiento de los datos personales tal como sedescribe en la presente declaraci\u00f3n de privacidad. Datos de contacto www.store-it.euKorte Hogendijk 141506 MA Zaandam+31 (0)75 &#8211; 64 72 130 Datos personales que procesa Store-IT Store-IT [&hellip;]","og_url":"https:\/\/store-it.eu\/es\/declaracion-de-privacidad-2\/","og_site_name":"Store-IT","article_modified_time":"2026-04-15T12:13:16+00:00","og_image":[{"width":512,"height":512,"url":"https:\/\/store-it.eu\/wp-content\/uploads\/2025\/07\/StoreIT_Favicon.png","type":"image\/png"}],"twitter_card":"summary_large_image","twitter_misc":{"Tiempo de lectura":"5 minuto"},"schema":{"@context":"https:\/\/schema.org","@graph":[{"@type":"WebPage","@id":"https:\/\/store-it.eu\/es\/declaracion-de-privacidad-2\/","url":"https:\/\/store-it.eu\/es\/declaracion-de-privacidad-2\/","name":"Declaracion de Privacidad &#8211; Store-IT","isPartOf":{"@id":"https:\/\/store-it.eu\/es\/#website"},"datePublished":"2025-03-27T08:24:08+00:00","dateModified":"2026-04-15T12:13:16+00:00","breadcrumb":{"@id":"https:\/\/store-it.eu\/es\/declaracion-de-privacidad-2\/#breadcrumb"},"inLanguage":"es","potentialAction":[{"@type":"ReadAction","target":["https:\/\/store-it.eu\/es\/declaracion-de-privacidad-2\/"]}]},{"@type":"BreadcrumbList","@id":"https:\/\/store-it.eu\/es\/declaracion-de-privacidad-2\/#breadcrumb","itemListElement":[{"@type":"ListItem","position":1,"name":"Home","item":"https:\/\/store-it.eu\/es\/"},{"@type":"ListItem","position":2,"name":"Declaracion de Privacidad"}]},{"@type":"WebSite","@id":"https:\/\/store-it.eu\/es\/#website","url":"https:\/\/store-it.eu\/es\/","name":"Store-IT","description":"Specialist in self storage management software","publisher":{"@id":"https:\/\/store-it.eu\/es\/#organization"},"potentialAction":[{"@type":"SearchAction","target":{"@type":"EntryPoint","urlTemplate":"https:\/\/store-it.eu\/es\/?s={search_term_string}"},"query-input":{"@type":"PropertyValueSpecification","valueRequired":true,"valueName":"search_term_string"}}],"inLanguage":"es"},{"@type":"Organization","@id":"https:\/\/store-it.eu\/es\/#organization","name":"Store-IT","url":"https:\/\/store-it.eu\/es\/","logo":{"@type":"ImageObject","inLanguage":"es","@id":"https:\/\/store-it.eu\/es\/#\/schema\/logo\/image\/","url":"https:\/\/store-it.eu\/wp-content\/uploads\/2025\/07\/StoreIT_Favicon.png","contentUrl":"https:\/\/store-it.eu\/wp-content\/uploads\/2025\/07\/StoreIT_Favicon.png","width":512,"height":512,"caption":"Store-IT"},"image":{"@id":"https:\/\/store-it.eu\/es\/#\/schema\/logo\/image\/"}}]}},"_links":{"self":[{"href":"https:\/\/store-it.eu\/es\/wp-json\/wp\/v2\/pages\/2888","targetHints":{"allow":["GET"]}}],"collection":[{"href":"https:\/\/store-it.eu\/es\/wp-json\/wp\/v2\/pages"}],"about":[{"href":"https:\/\/store-it.eu\/es\/wp-json\/wp\/v2\/types\/page"}],"author":[{"embeddable":true,"href":"https:\/\/store-it.eu\/es\/wp-json\/wp\/v2\/users\/1"}],"replies":[{"embeddable":true,"href":"https:\/\/store-it.eu\/es\/wp-json\/wp\/v2\/comments?post=2888"}],"version-history":[{"count":1,"href":"https:\/\/store-it.eu\/es\/wp-json\/wp\/v2\/pages\/2888\/revisions"}],"predecessor-version":[{"id":2889,"href":"https:\/\/store-it.eu\/es\/wp-json\/wp\/v2\/pages\/2888\/revisions\/2889"}],"wp:attachment":[{"href":"https:\/\/store-it.eu\/es\/wp-json\/wp\/v2\/media?parent=2888"}],"curies":[{"name":"wp","href":"https:\/\/api.w.org\/{rel}","templated":true}]}}