{"id":1335,"date":"2025-06-27T13:22:43","date_gmt":"2025-06-27T11:22:43","guid":{"rendered":"https:\/\/store-it.dev001.booom.digital\/?page_id=1335"},"modified":"2026-04-22T14:27:05","modified_gmt":"2026-04-22T12:27:05","slug":"soutien","status":"publish","type":"page","link":"https:\/\/store-it.eu\/fr\/soutien\/","title":{"rendered":"Soutien"},"content":{"rendered":"\n<div class=\"wp-block-group alignfull is-style-hero-container has-global-padding is-layout-constrained wp-block-group-is-layout-constrained\">\n<div class=\"wp-block-group alignfull is-style-hexagon has-background has-global-padding is-layout-constrained wp-block-group-is-layout-constrained\" style=\"border-radius:25px;background:linear-gradient(180deg,rgb(28,14,60) 1%,rgb(192,132,252) 100%);padding-top:var(--wp--preset--spacing--xxxxxxxxxl);padding-bottom:0\">\n<div class=\"wp-block-columns alignwide are-vertically-aligned-top is-layout-flex wp-container-core-columns-is-layout-39df6aaa wp-block-columns-is-layout-flex\" style=\"padding-top:var(--wp--preset--spacing--xxxxxxxxl);padding-bottom:var(--wp--preset--spacing--xxxxxxxxl)\">\n<div class=\"wp-block-column is-vertically-aligned-top is-layout-flow wp-block-column-is-layout-flow\">\n<div class=\"wp-block-group alignwide is-vertical is-layout-flex wp-container-core-group-is-layout-fe9cc265 wp-block-group-is-layout-flex\">\n<div class=\"wp-block-group has-base-color has-text-color has-link-color wp-elements-c979aadb839dec492a2b148dd94f8eae is-vertical is-layout-flex wp-container-core-group-is-layout-a20d6259 wp-block-group-is-layout-flex\">\n<div class=\"wp-block-group alignwide has-global-padding is-layout-constrained wp-block-group-is-layout-constrained\">\n<h1 class=\"wp-block-heading alignwide has-base-color has-text-color has-link-color wp-elements-c791ec530f32932a875db5d5bb04c12d\" style=\"margin-bottom:var(--wp--preset--spacing--md)\">Soutien<\/h1>\n\n\n\n<p style=\"margin-bottom:var(--wp--preset--spacing--xxxl)\">Chez Store-IT, nous offrons un support gratuit et illimit\u00e9 \u00e0 nos clients. Nous sommes reconnus pour notre excellent service client et notre approche personnalis\u00e9e, et nous tenons \u00e0 pr\u00e9server cette r\u00e9putation&nbsp;!   <br><br>Notre \u00e9quipe d&rsquo;assistance est disponible en semaine (du lundi au vendredi de 9h00 \u00e0 17h30). Un service d&rsquo;assistance en dehors de ces horaires est \u00e9galement disponible&nbsp;; uniquement en cas d&rsquo;urgence, nous vous assistons aussi le soir, le week-end et les jours f\u00e9ri\u00e9s. <\/p>\n<\/div>\n\n\n\n<div class=\"wp-block-group has-global-padding is-layout-constrained wp-block-group-is-layout-constrained\">\n<div class=\"wp-block-group is-layout-flex wp-block-group-is-layout-flex\">\n<div class=\"wp-block-buttons is-layout-flex wp-block-buttons-is-layout-flex\">\n<div class=\"wp-block-button\"><a class=\"wp-block-button__link has-border-color has-secondary-border-color wp-element-button\" href=\"https:\/\/store-it.atlassian.net\/servicedesk\/customer\/portal\/3\">cr\u00e9er un ticket<\/a><\/div>\n<\/div>\n\n\n\n<div class=\"wp-block-group is-vertical is-layout-flex wp-container-core-group-is-layout-ccbee36c wp-block-group-is-layout-flex\">\n<h4 class=\"wp-block-heading has-secondary-color has-text-color has-link-color wp-elements-038b78e81c4b3e3aae3af83fc4ba2ef9\">T\u00e9l\u00e9phone<\/h4>\n\n\n\n<p style=\"text-decoration:none\"><a href=\"tel:+310756472130\">+31 (0)75 647 2130<\/a><\/p>\n<\/div>\n\n\n\n<div class=\"wp-block-group is-vertical is-layout-flex wp-container-core-group-is-layout-ccbee36c wp-block-group-is-layout-flex\">\n<h4 class=\"wp-block-heading has-secondary-color has-text-color has-link-color wp-elements-e12d524f328d16fbff425915d55b5920\">E-mail<\/h4>\n\n\n\n<p style=\"text-decoration:none\"><a href=\"mailto:support@store-it.eu\">support@store-it.eu<\/a><\/p>\n<\/div>\n<\/div>\n<\/div>\n\n\n\n<div class=\"wp-block-group is-vertical is-layout-flex wp-container-core-group-is-layout-ccbee36c wp-block-group-is-layout-flex\">\n<div class=\"wp-block-group is-nowrap is-layout-flex wp-container-core-group-is-layout-6c531013 wp-block-group-is-layout-flex\">\n<div class=\"wp-block-group is-vertical is-layout-flex wp-container-core-group-is-layout-4b827052 wp-block-group-is-layout-flex\">\n<h4 class=\"wp-block-heading has-secondary-color has-text-color has-link-color wp-elements-6a15ae64062d3765b1b57fb2970fc983\">Assistance \u00e0 distance<\/h4>\n\n\n\n<p class=\"has-md-font-size\">Choisissez votre plateforme&nbsp;:<\/p>\n<\/div>\n\n\n\n<div class=\"wp-block-group is-nowrap is-layout-flex wp-container-core-group-is-layout-430243b9 wp-block-group-is-layout-flex\">\n<div class=\"wp-block-outermost-icon-block supportitem\"><a class=\"icon-container\" href=\"https:\/\/lb3.pcvisit.de\/v1\/hosted\/jumplink?func=download&amp;topic=guestSetup&amp;destname=pcvisit_Kunden-Modul&amp;os=osWin32\" style=\"width:40px;transform:rotate(0deg) scaleX(1) scaleY(1)\"><svg xmlns=\"http:\/\/www.w3.org\/2000\/svg\" width=\"50\" height=\"50\" viewBox=\"0 0 50 50\" fill=\"none\"><path fill-rule=\"evenodd\" clip-rule=\"evenodd\" d=\"M22.8647 26.0852C22.8772 31.0825 22.8922 39.573 22.9048 46.1719C31.9398 47.3937 40.9749 48.6533 49.995 50C49.995 42.1218 50.005 34.2781 49.995 26.7822C40.9524 26.7822 31.9123 26.0852 22.8647 26.0852ZM0 26.0876V43.0542C6.81454 43.9737 13.6291 44.8525 20.4311 45.8569C20.4436 39.2931 20.4261 32.7272 20.4261 26.1633C13.6165 26.1758 6.80952 26.0652 0 26.0876ZM0 7.10815V24.0271C6.81454 24.0446 13.6291 23.9415 20.4436 23.949C20.4386 17.4001 20.4386 10.8592 20.4311 4.3103C13.6115 5.16233 6.79198 6.06373 0 7.10815ZM50 23.6792C40.9699 23.7142 31.9398 23.8519 22.9048 23.8794C22.8997 17.223 22.8997 10.5747 22.9048 3.92334C31.9223 2.54659 40.9599 1.2518 49.995 0C50 7.89565 49.995 15.7835 50 23.6792Z\" fill=\"#FAF8FF\"><\/path><\/svg><\/a><\/div>\n\n\n\n<div class=\"wp-block-outermost-icon-block supportitem\"><a class=\"icon-container\" href=\"https:\/\/lb3.pcvisit.de\/v1\/hosted\/jumplink?func=download&amp;topic=guestSetup&amp;destname=pcvisit_Kunden-Modul&amp;os=osMacOSx\" style=\"width:40px;transform:rotate(0deg) scaleX(1) scaleY(1)\"><svg xmlns=\"http:\/\/www.w3.org\/2000\/svg\" width=\"50\" height=\"59\" viewBox=\"0 0 50 59\" fill=\"none\"><path fill-rule=\"evenodd\" clip-rule=\"evenodd\" d=\"M34.032 9.3908C36.1764 6.90553 37.6218 3.44406 37.2262 0C34.1361 0.117647 30.3977 1.97396 28.182 4.45628C26.1923 6.6592 24.4554 10.1791 24.9223 13.5555C28.3693 13.8114 31.8877 11.879 34.032 9.3908ZM41.7617 31.25C41.848 40.1528 49.9108 43.1143 50 43.1526C49.9346 43.3614 48.7122 47.3724 45.753 51.5194C43.1923 55.1017 40.5364 58.6695 36.3518 58.746C32.2416 58.8195 30.9181 56.4109 26.2161 56.4109C21.517 56.4109 20.0478 58.6692 16.1576 58.8192C12.1188 58.9633 9.0406 54.9435 6.46205 51.3729C1.18598 44.0701 -2.84393 30.7356 2.56895 21.7357C5.25754 17.2681 10.0607 14.4347 15.2773 14.3641C19.2418 14.2906 22.9862 16.9204 25.4101 16.9204C27.834 16.9204 32.3844 13.7586 37.1667 14.2233C39.1683 14.3028 44.7894 14.9966 48.397 20.0583C48.1055 20.2318 41.6903 23.8089 41.7617 31.25Z\" fill=\"#FAF8FF\"><\/path><\/svg><\/a><\/div>\n<\/div>\n<\/div>\n<\/div>\n<\/div>\n<\/div>\n<\/div>\n\n\n\n<div class=\"wp-block-column is-vertically-aligned-top is-layout-flow wp-block-column-is-layout-flow\">\n<figure style=\"\" class=\"wp-block-image size-large\"><img loading=\"lazy\" decoding=\"async\" width=\"1024\" height=\"683\" src=\"https:\/\/store-it.eu\/wp-content\/uploads\/2025\/12\/SUPPORT_1_mirr-1024x683.jpg\" alt=\"\" class=\"wp-image-1990\" style=\"aspect-ratio:4\/3;object-fit:cover\" srcset=\"https:\/\/store-it.eu\/wp-content\/uploads\/2025\/12\/SUPPORT_1_mirr-1024x683.jpg 1024w, https:\/\/store-it.eu\/wp-content\/uploads\/2025\/12\/SUPPORT_1_mirr-300x200.jpg 300w, https:\/\/store-it.eu\/wp-content\/uploads\/2025\/12\/SUPPORT_1_mirr-768x512.jpg 768w, https:\/\/store-it.eu\/wp-content\/uploads\/2025\/12\/SUPPORT_1_mirr-1536x1024.jpg 1536w, https:\/\/store-it.eu\/wp-content\/uploads\/2025\/12\/SUPPORT_1_mirr-2048x1365.jpg 2048w\" sizes=\"auto, (max-width: 1024px) 100vw, 1024px\" \/><\/figure>\n<\/div>\n<\/div>\n<\/div>\n<\/div>\n\n\n\n<div style=\"height:var(--wp--preset--spacing--xxxxxxxxxl)\" aria-hidden=\"true\" class=\"wp-block-spacer\"><\/div>\n\n\n\n<div class=\"wp-block-group alignwide is-layout-flow wp-block-group-is-layout-flow\">\n<div class=\"wp-block-group has-border-color has-senary-border-color has-tertiary-opacity-background-color has-background has-global-padding is-layout-constrained wp-container-core-group-is-layout-5375c5fd wp-block-group-is-layout-constrained\" style=\"border-width:1px;border-radius:20px;padding-top:var(--wp--preset--spacing--xxxxxxxl);padding-right:var(--wp--preset--spacing--lg);padding-bottom:var(--wp--preset--spacing--xxxxxxxl);padding-left:var(--wp--preset--spacing--lg)\">\n<h2 class=\"wp-block-heading has-text-align-center\" style=\"margin-bottom:var(--wp--preset--spacing--xxxxxl)\">Foire aux questions<\/h2>\n\n\n\n<div class=\"wp-block-group alignwide has-global-padding is-layout-constrained wp-container-core-group-is-layout-704e782a wp-block-group-is-layout-constrained\">\n<div class=\"wp-block-columns is-layout-flex wp-container-core-columns-is-layout-28f84493 wp-block-columns-is-layout-flex\">\n<div class=\"wp-block-column is-layout-flow wp-block-column-is-layout-flow\">\n<details class=\"wp-block-details is-style-custom has-md-font-size is-layout-flow wp-block-details-is-layout-flow\"><summary>Puis-je convertir mes clients actuels \u00e0 Store IT&nbsp;?<\/summary>\n<p>Oui. Nous pouvons importer les donn\u00e9es clients dans Store IT. <br><\/p>\n<\/details>\n\n\n\n<details class=\"wp-block-details is-style-custom has-md-font-size is-layout-flow wp-block-details-is-layout-flow\"><summary>Quels syst\u00e8mes de contr\u00f4le d&rsquo;acc\u00e8s puis-je connecter \u00e0 Store IT&nbsp;?<\/summary>\n<p>Nous proposons une int\u00e9gration avec les syst\u00e8mes de contr\u00f4le d&rsquo;acc\u00e8s les plus courants, tels que Sedisto, Noke, Sentinel, PTI et SC Solutions.   <a href=\"\/fr\/integrations\">Voir toutes les int\u00e9grations ici<\/a><\/p>\n<\/details>\n\n\n\n<details class=\"wp-block-details is-style-custom has-md-font-size is-layout-flow wp-block-details-is-layout-flow\"><summary>Puis-je louer des places de parking, des bureaux, etc. via Store IT&nbsp;?<\/summary>\n<p>Oui, c&rsquo;est possible. Il est possible de cr\u00e9er plusieurs types de location, ce qui vous permet d&rsquo;utiliser diff\u00e9rents types de contrats. <\/p>\n<\/details>\n\n\n\n<details class=\"wp-block-details is-style-custom has-md-font-size is-layout-flow wp-block-details-is-layout-flow\"><summary>Puis-je utiliser Store IT sur n&rsquo;importe quel PC, ordinateur portable et tablette&nbsp;?<\/summary>\n<p>Store IT peut \u00eatre utilis\u00e9 sur les ordinateurs Windows ou Apple, y compris les ordinateurs portables et les tablettes.<\/p>\n<\/details>\n\n\n\n<details class=\"wp-block-details is-style-custom has-md-font-size is-layout-flow wp-block-details-is-layout-flow\"><summary>Comment puis-je traiter les paiements dans Store IT&nbsp;?<\/summary>\n<p>Les paiements peuvent \u00eatre trait\u00e9s par diff\u00e9rents prestataires de services de paiement, par pr\u00e9l\u00e8vement SEPA group\u00e9 ou manuellement. Un fichier CAMT peut \u00e9galement \u00eatre trait\u00e9. <\/p>\n<\/details>\n<\/div>\n<\/div>\n<\/div>\n<\/div>\n<\/div>\n\n\n\n<div style=\"height:var(--wp--preset--spacing--xxxxxxxxxl)\" aria-hidden=\"true\" class=\"wp-block-spacer\"><\/div>\n\n\n\n<div class=\"wp-block-group alignwide has-global-padding is-layout-constrained wp-block-group-is-layout-constrained\">\n<div class=\"wp-block-cover alignwide has-custom-content-position is-position-center-left\" style=\"border-radius:20px;padding-top:var(--wp--preset--spacing--xxxxxxxxxl);padding-right:var(--wp--preset--spacing--xxxxxxl);padding-bottom:var(--wp--preset--spacing--xxxxxxxxxl);padding-left:var(--wp--preset--spacing--xxxxxxl)\"><img loading=\"lazy\" decoding=\"async\" width=\"1024\" height=\"683\" class=\"wp-block-cover__image-background wp-image-1995 size-large\" alt=\"\" src=\"https:\/\/store-it.eu\/wp-content\/uploads\/2025\/12\/SUPPORT_2_mirr-1024x683.jpg\" style=\"object-position:50% 24%\" data-object-fit=\"cover\" data-object-position=\"50% 24%\" srcset=\"https:\/\/store-it.eu\/wp-content\/uploads\/2025\/12\/SUPPORT_2_mirr-1024x683.jpg 1024w, https:\/\/store-it.eu\/wp-content\/uploads\/2025\/12\/SUPPORT_2_mirr-300x200.jpg 300w, https:\/\/store-it.eu\/wp-content\/uploads\/2025\/12\/SUPPORT_2_mirr-768x512.jpg 768w, https:\/\/store-it.eu\/wp-content\/uploads\/2025\/12\/SUPPORT_2_mirr-1536x1024.jpg 1536w, https:\/\/store-it.eu\/wp-content\/uploads\/2025\/12\/SUPPORT_2_mirr-2048x1365.jpg 2048w\" sizes=\"auto, (max-width: 1024px) 100vw, 1024px\" \/><span aria-hidden=\"true\" class=\"wp-block-cover__background has-contrast-background-color has-background-dim-70 has-background-dim\"><\/span><div class=\"wp-block-cover__inner-container has-global-padding is-layout-constrained wp-container-core-cover-is-layout-07be7e57 wp-block-cover-is-layout-constrained\">\n<div class=\"wp-block-group alignwide has-global-padding is-layout-constrained wp-container-core-group-is-layout-bdbfdc43 wp-block-group-is-layout-constrained\">\n<div class=\"wp-block-group is-layout-flow wp-block-group-is-layout-flow\">\n<h2 class=\"wp-block-heading\" style=\"font-style:normal;font-weight:700\">Pr\u00eats pour un avenir s\u00fbr ?<\/h2>\n\n\n\n<p>Choisissez la solution logicielle de self-stockage la plus s\u00e9curis\u00e9e et professionnelle d&rsquo;Europe. Contactez-nous d\u00e8s aujourd&rsquo;hui pour une pr\u00e9sentation ou une d\u00e9monstration gratuite de notre plateforme. <\/p>\n\n\n\n<div class=\"wp-block-buttons is-layout-flex wp-block-buttons-is-layout-flex\">\n<div class=\"wp-block-button\"><a class=\"wp-block-button__link wp-element-button\" href=\"https:\/\/store-it.eu\/fr\/reservez-une-demo\/\">R\u00e9servez une d\u00e9mo<\/a><\/div>\n<\/div>\n<\/div>\n<\/div>\n<\/div><\/div>\n<\/div>\n\n\n\n<div style=\"height:var(--wp--preset--spacing--xxxxxxxxl)\" aria-hidden=\"true\" class=\"wp-block-spacer\"><\/div>\n","protected":false},"excerpt":{"rendered":"<p>Soutien Chez Store-IT, nous offrons un support gratuit et illimit\u00e9 \u00e0 nos clients. Nous sommes reconnus pour notre excellent service client et notre approche personnalis\u00e9e, et nous tenons \u00e0 pr\u00e9server cette r\u00e9putation&nbsp;! Notre \u00e9quipe d&rsquo;assistance est disponible en semaine (du lundi au vendredi de 9h00 \u00e0 17h30). Un service d&rsquo;assistance en dehors de ces horaires [&hellip;]<\/p>\n","protected":false},"author":1,"featured_media":0,"parent":0,"menu_order":52,"comment_status":"closed","ping_status":"closed","template":"","meta":{"_acf_changed":false,"footnotes":""},"class_list":["post-1335","page","type-page","status-publish","hentry"],"acf":[],"yoast_head":"<!-- This site is optimized with the Yoast SEO plugin v27.4 - https:\/\/yoast.com\/product\/yoast-seo-wordpress\/ -->\n<title>Soutien &#8211; Store-IT<\/title>\n<meta name=\"description\" content=\"Des questions\u00a0? B\u00e9n\u00e9ficiez d\u2019une assistance gratuite pour votre logiciel de garde-meubles. Nous sommes disponibles tous les jours ouvrables, avec une assistance renforc\u00e9e le week-end en cas d\u2019urgence.\" \/>\n<meta name=\"robots\" content=\"index, follow, max-snippet:-1, max-image-preview:large, max-video-preview:-1\" \/>\n<link rel=\"canonical\" href=\"https:\/\/store-it.eu\/fr\/soutien\/\" \/>\n<meta property=\"og:locale\" content=\"fr_FR\" \/>\n<meta property=\"og:type\" content=\"article\" \/>\n<meta property=\"og:title\" content=\"Soutien &#8211; Store-IT\" \/>\n<meta property=\"og:description\" content=\"Des questions\u00a0? B\u00e9n\u00e9ficiez d\u2019une assistance gratuite pour votre logiciel de garde-meubles. Nous sommes disponibles tous les jours ouvrables, avec une assistance renforc\u00e9e le week-end en cas d\u2019urgence.\" \/>\n<meta property=\"og:url\" content=\"https:\/\/store-it.eu\/fr\/soutien\/\" \/>\n<meta property=\"og:site_name\" content=\"Store-IT\" \/>\n<meta property=\"article:modified_time\" content=\"2026-04-22T12:27:05+00:00\" \/>\n<meta property=\"og:image\" content=\"https:\/\/store-it.eu\/wp-content\/uploads\/2025\/12\/SUPPORT_1_mirr-scaled.jpg\" \/>\n\t<meta property=\"og:image:width\" content=\"2560\" \/>\n\t<meta property=\"og:image:height\" content=\"1707\" \/>\n\t<meta property=\"og:image:type\" content=\"image\/jpeg\" \/>\n<meta name=\"twitter:card\" content=\"summary_large_image\" \/>\n<meta name=\"twitter:label1\" content=\"Dur\u00e9e de lecture estim\u00e9e\" \/>\n\t<meta name=\"twitter:data1\" content=\"2 minutes\" \/>\n<script type=\"application\/ld+json\" class=\"yoast-schema-graph\">{\"@context\":\"https:\\\/\\\/schema.org\",\"@graph\":[{\"@type\":\"WebPage\",\"@id\":\"https:\\\/\\\/store-it.eu\\\/fr\\\/soutien\\\/\",\"url\":\"https:\\\/\\\/store-it.eu\\\/fr\\\/soutien\\\/\",\"name\":\"Soutien &#8211; Store-IT\",\"isPartOf\":{\"@id\":\"https:\\\/\\\/store-it.eu\\\/fr\\\/#website\"},\"primaryImageOfPage\":{\"@id\":\"https:\\\/\\\/store-it.eu\\\/fr\\\/soutien\\\/#primaryimage\"},\"image\":{\"@id\":\"https:\\\/\\\/store-it.eu\\\/fr\\\/soutien\\\/#primaryimage\"},\"thumbnailUrl\":\"https:\\\/\\\/store-it.eu\\\/wp-content\\\/uploads\\\/2025\\\/12\\\/SUPPORT_1_mirr-1024x683.jpg\",\"datePublished\":\"2025-06-27T11:22:43+00:00\",\"dateModified\":\"2026-04-22T12:27:05+00:00\",\"description\":\"Des questions\u00a0? B\u00e9n\u00e9ficiez d\u2019une assistance gratuite pour votre logiciel de garde-meubles. Nous sommes disponibles tous les jours ouvrables, avec une assistance renforc\u00e9e le week-end en cas d\u2019urgence.\",\"breadcrumb\":{\"@id\":\"https:\\\/\\\/store-it.eu\\\/fr\\\/soutien\\\/#breadcrumb\"},\"inLanguage\":\"fr-FR\",\"potentialAction\":[{\"@type\":\"ReadAction\",\"target\":[\"https:\\\/\\\/store-it.eu\\\/fr\\\/soutien\\\/\"]}]},{\"@type\":\"ImageObject\",\"inLanguage\":\"fr-FR\",\"@id\":\"https:\\\/\\\/store-it.eu\\\/fr\\\/soutien\\\/#primaryimage\",\"url\":\"https:\\\/\\\/store-it.eu\\\/wp-content\\\/uploads\\\/2025\\\/12\\\/SUPPORT_1_mirr-1024x683.jpg\",\"contentUrl\":\"https:\\\/\\\/store-it.eu\\\/wp-content\\\/uploads\\\/2025\\\/12\\\/SUPPORT_1_mirr-1024x683.jpg\"},{\"@type\":\"BreadcrumbList\",\"@id\":\"https:\\\/\\\/store-it.eu\\\/fr\\\/soutien\\\/#breadcrumb\",\"itemListElement\":[{\"@type\":\"ListItem\",\"position\":1,\"name\":\"Home\",\"item\":\"https:\\\/\\\/store-it.eu\\\/fr\\\/\"},{\"@type\":\"ListItem\",\"position\":2,\"name\":\"Soutien\"}]},{\"@type\":\"WebSite\",\"@id\":\"https:\\\/\\\/store-it.eu\\\/fr\\\/#website\",\"url\":\"https:\\\/\\\/store-it.eu\\\/fr\\\/\",\"name\":\"Store-IT\",\"description\":\"Specialist in self storage management software\",\"publisher\":{\"@id\":\"https:\\\/\\\/store-it.eu\\\/fr\\\/#organization\"},\"potentialAction\":[{\"@type\":\"SearchAction\",\"target\":{\"@type\":\"EntryPoint\",\"urlTemplate\":\"https:\\\/\\\/store-it.eu\\\/fr\\\/?s={search_term_string}\"},\"query-input\":{\"@type\":\"PropertyValueSpecification\",\"valueRequired\":true,\"valueName\":\"search_term_string\"}}],\"inLanguage\":\"fr-FR\"},{\"@type\":\"Organization\",\"@id\":\"https:\\\/\\\/store-it.eu\\\/fr\\\/#organization\",\"name\":\"Store-IT\",\"url\":\"https:\\\/\\\/store-it.eu\\\/fr\\\/\",\"logo\":{\"@type\":\"ImageObject\",\"inLanguage\":\"fr-FR\",\"@id\":\"https:\\\/\\\/store-it.eu\\\/fr\\\/#\\\/schema\\\/logo\\\/image\\\/\",\"url\":\"https:\\\/\\\/store-it.eu\\\/wp-content\\\/uploads\\\/2025\\\/07\\\/StoreIT_Favicon.png\",\"contentUrl\":\"https:\\\/\\\/store-it.eu\\\/wp-content\\\/uploads\\\/2025\\\/07\\\/StoreIT_Favicon.png\",\"width\":512,\"height\":512,\"caption\":\"Store-IT\"},\"image\":{\"@id\":\"https:\\\/\\\/store-it.eu\\\/fr\\\/#\\\/schema\\\/logo\\\/image\\\/\"}}]}<\/script>\n<!-- \/ Yoast SEO plugin. -->","yoast_head_json":{"title":"Soutien &#8211; Store-IT","description":"Des questions\u00a0? B\u00e9n\u00e9ficiez d\u2019une assistance gratuite pour votre logiciel de garde-meubles. Nous sommes disponibles tous les jours ouvrables, avec une assistance renforc\u00e9e le week-end en cas d\u2019urgence.","robots":{"index":"index","follow":"follow","max-snippet":"max-snippet:-1","max-image-preview":"max-image-preview:large","max-video-preview":"max-video-preview:-1"},"canonical":"https:\/\/store-it.eu\/fr\/soutien\/","og_locale":"fr_FR","og_type":"article","og_title":"Soutien &#8211; Store-IT","og_description":"Des questions\u00a0? B\u00e9n\u00e9ficiez d\u2019une assistance gratuite pour votre logiciel de garde-meubles. Nous sommes disponibles tous les jours ouvrables, avec une assistance renforc\u00e9e le week-end en cas d\u2019urgence.","og_url":"https:\/\/store-it.eu\/fr\/soutien\/","og_site_name":"Store-IT","article_modified_time":"2026-04-22T12:27:05+00:00","og_image":[{"width":2560,"height":1707,"url":"https:\/\/store-it.eu\/wp-content\/uploads\/2025\/12\/SUPPORT_1_mirr-scaled.jpg","type":"image\/jpeg"}],"twitter_card":"summary_large_image","twitter_misc":{"Dur\u00e9e de lecture estim\u00e9e":"2 minutes"},"schema":{"@context":"https:\/\/schema.org","@graph":[{"@type":"WebPage","@id":"https:\/\/store-it.eu\/fr\/soutien\/","url":"https:\/\/store-it.eu\/fr\/soutien\/","name":"Soutien &#8211; Store-IT","isPartOf":{"@id":"https:\/\/store-it.eu\/fr\/#website"},"primaryImageOfPage":{"@id":"https:\/\/store-it.eu\/fr\/soutien\/#primaryimage"},"image":{"@id":"https:\/\/store-it.eu\/fr\/soutien\/#primaryimage"},"thumbnailUrl":"https:\/\/store-it.eu\/wp-content\/uploads\/2025\/12\/SUPPORT_1_mirr-1024x683.jpg","datePublished":"2025-06-27T11:22:43+00:00","dateModified":"2026-04-22T12:27:05+00:00","description":"Des questions\u00a0? B\u00e9n\u00e9ficiez d\u2019une assistance gratuite pour votre logiciel de garde-meubles. Nous sommes disponibles tous les jours ouvrables, avec une assistance renforc\u00e9e le week-end en cas d\u2019urgence.","breadcrumb":{"@id":"https:\/\/store-it.eu\/fr\/soutien\/#breadcrumb"},"inLanguage":"fr-FR","potentialAction":[{"@type":"ReadAction","target":["https:\/\/store-it.eu\/fr\/soutien\/"]}]},{"@type":"ImageObject","inLanguage":"fr-FR","@id":"https:\/\/store-it.eu\/fr\/soutien\/#primaryimage","url":"https:\/\/store-it.eu\/wp-content\/uploads\/2025\/12\/SUPPORT_1_mirr-1024x683.jpg","contentUrl":"https:\/\/store-it.eu\/wp-content\/uploads\/2025\/12\/SUPPORT_1_mirr-1024x683.jpg"},{"@type":"BreadcrumbList","@id":"https:\/\/store-it.eu\/fr\/soutien\/#breadcrumb","itemListElement":[{"@type":"ListItem","position":1,"name":"Home","item":"https:\/\/store-it.eu\/fr\/"},{"@type":"ListItem","position":2,"name":"Soutien"}]},{"@type":"WebSite","@id":"https:\/\/store-it.eu\/fr\/#website","url":"https:\/\/store-it.eu\/fr\/","name":"Store-IT","description":"Specialist in self storage management software","publisher":{"@id":"https:\/\/store-it.eu\/fr\/#organization"},"potentialAction":[{"@type":"SearchAction","target":{"@type":"EntryPoint","urlTemplate":"https:\/\/store-it.eu\/fr\/?s={search_term_string}"},"query-input":{"@type":"PropertyValueSpecification","valueRequired":true,"valueName":"search_term_string"}}],"inLanguage":"fr-FR"},{"@type":"Organization","@id":"https:\/\/store-it.eu\/fr\/#organization","name":"Store-IT","url":"https:\/\/store-it.eu\/fr\/","logo":{"@type":"ImageObject","inLanguage":"fr-FR","@id":"https:\/\/store-it.eu\/fr\/#\/schema\/logo\/image\/","url":"https:\/\/store-it.eu\/wp-content\/uploads\/2025\/07\/StoreIT_Favicon.png","contentUrl":"https:\/\/store-it.eu\/wp-content\/uploads\/2025\/07\/StoreIT_Favicon.png","width":512,"height":512,"caption":"Store-IT"},"image":{"@id":"https:\/\/store-it.eu\/fr\/#\/schema\/logo\/image\/"}}]}},"_links":{"self":[{"href":"https:\/\/store-it.eu\/fr\/wp-json\/wp\/v2\/pages\/1335","targetHints":{"allow":["GET"]}}],"collection":[{"href":"https:\/\/store-it.eu\/fr\/wp-json\/wp\/v2\/pages"}],"about":[{"href":"https:\/\/store-it.eu\/fr\/wp-json\/wp\/v2\/types\/page"}],"author":[{"embeddable":true,"href":"https:\/\/store-it.eu\/fr\/wp-json\/wp\/v2\/users\/1"}],"replies":[{"embeddable":true,"href":"https:\/\/store-it.eu\/fr\/wp-json\/wp\/v2\/comments?post=1335"}],"version-history":[{"count":9,"href":"https:\/\/store-it.eu\/fr\/wp-json\/wp\/v2\/pages\/1335\/revisions"}],"predecessor-version":[{"id":3148,"href":"https:\/\/store-it.eu\/fr\/wp-json\/wp\/v2\/pages\/1335\/revisions\/3148"}],"wp:attachment":[{"href":"https:\/\/store-it.eu\/fr\/wp-json\/wp\/v2\/media?parent=1335"}],"curies":[{"name":"wp","href":"https:\/\/api.w.org\/{rel}","templated":true}]}}