{"id":1341,"date":"2025-07-02T08:41:28","date_gmt":"2025-07-02T06:41:28","guid":{"rendered":"https:\/\/store-it.dev001.booom.digital\/?page_id=1341"},"modified":"2026-04-20T13:53:46","modified_gmt":"2026-04-20T11:53:46","slug":"a-propos-de-nous","status":"publish","type":"page","link":"https:\/\/store-it.eu\/fr\/a-propos-de-nous\/","title":{"rendered":"\u00c0 propos de nous"},"content":{"rendered":"\n<div class=\"wp-block-group alignfull is-style-hero-container has-global-padding is-layout-constrained wp-block-group-is-layout-constrained\">\n<div class=\"wp-block-group alignfull is-style-hexagon has-background has-global-padding is-layout-constrained wp-block-group-is-layout-constrained\" style=\"border-radius:25px;background:linear-gradient(180deg,rgb(28,14,60) 1%,rgb(192,132,252) 100%);padding-top:var(--wp--preset--spacing--xxxxxxxxxl);padding-bottom:0\">\n<div class=\"wp-block-columns alignwide are-vertically-aligned-center is-layout-flex wp-container-core-columns-is-layout-39df6aaa wp-block-columns-is-layout-flex\" style=\"padding-top:var(--wp--preset--spacing--xxxxxxxxl);padding-bottom:var(--wp--preset--spacing--xxxxxxxxl)\">\n<div class=\"wp-block-column is-vertically-aligned-center is-layout-flow wp-block-column-is-layout-flow\">\n<div class=\"wp-block-group alignwide is-vertical is-layout-flex wp-container-core-group-is-layout-fe9cc265 wp-block-group-is-layout-flex\">\n<div class=\"wp-block-group alignwide has-global-padding is-content-justification-left is-layout-constrained wp-container-core-group-is-layout-b498b38b wp-block-group-is-layout-constrained\">\n<h1 class=\"wp-block-heading alignwide has-base-color has-text-color has-link-color wp-elements-4bbc10c10556f200beab2da3ecc58cc6\" style=\"margin-bottom:var(--wp--preset--spacing--md)\">Store-IT<\/h1>\n<\/div>\n\n\n\n<div class=\"wp-block-group has-base-color has-text-color has-link-color wp-elements-b15c61a6a5fbfe85ce4a4bed641e1da8 has-global-padding is-layout-constrained wp-container-core-group-is-layout-7a1064c7 wp-block-group-is-layout-constrained\">\n<h2 class=\"wp-block-heading has-xxxl-font-size\">Plus de 25 ans d&rsquo;innovation dans le domaine des logiciels de self-stockage<\/h2>\n\n\n\n<p>Depuis 2000, Store-IT est le sp\u00e9cialiste des logiciels de gestion pour le self-stockage. Gr\u00e2ce \u00e0 notre logiciel, nous aidons les exploitants de plus de 18 pays \u00e0 g\u00e9rer efficacement leurs sites de stockage. Notre logiciel Store-IT est disponible en 8 langues et enti\u00e8rement h\u00e9berg\u00e9 dans le cloud, vous garantissant un acc\u00e8s permanent \u00e0 vos donn\u00e9es, o\u00f9 que vous soyez.  <\/p>\n\n\n\n<div class=\"wp-block-buttons is-layout-flex wp-block-buttons-is-layout-flex\" style=\"margin-top:var(--wp--preset--spacing--xxxxl)\">\n<div class=\"wp-block-button\"><a class=\"wp-block-button__link has-border-color has-secondary-border-color wp-element-button\" href=\"https:\/\/store-it.eu\/fr\/reservez-une-demo\/\">R\u00e9servez une d\u00e9mo<\/a><\/div>\n\n\n\n<div class=\"wp-block-button is-style-outline is-style-outline--1\"><a class=\"wp-block-button__link has-border-color has-base-border-color wp-element-button\" href=\"https:\/\/store-it.eu\/fr\/nos-clients\/\">Nos clients<\/a><\/div>\n<\/div>\n<\/div>\n<\/div>\n<\/div>\n\n\n\n<div class=\"wp-block-column is-vertically-aligned-center is-layout-flow wp-block-column-is-layout-flow\">\n<figure style=\"\" class=\"wp-block-image size-large\"><img loading=\"lazy\" decoding=\"async\" width=\"1024\" height=\"683\" src=\"https:\/\/store-it.eu\/wp-content\/uploads\/2025\/12\/KANTOOR_6-1024x683.jpg\" alt=\"\" class=\"wp-image-1949\" style=\"aspect-ratio:4\/3;object-fit:cover\" srcset=\"https:\/\/store-it.eu\/wp-content\/uploads\/2025\/12\/KANTOOR_6-1024x683.jpg 1024w, https:\/\/store-it.eu\/wp-content\/uploads\/2025\/12\/KANTOOR_6-300x200.jpg 300w, https:\/\/store-it.eu\/wp-content\/uploads\/2025\/12\/KANTOOR_6-768x512.jpg 768w, https:\/\/store-it.eu\/wp-content\/uploads\/2025\/12\/KANTOOR_6-1536x1024.jpg 1536w, https:\/\/store-it.eu\/wp-content\/uploads\/2025\/12\/KANTOOR_6-2048x1365.jpg 2048w\" sizes=\"auto, (max-width: 1024px) 100vw, 1024px\" \/><\/figure>\n<\/div>\n<\/div>\n<\/div>\n<\/div>\n\n<div style=\"height:var(--wp--preset--spacing--xxxxxxxxxl)\" aria-hidden=\"true\" class=\"wp-block-spacer\"><\/div>\n\n<div class=\"wp-block-group alignwide has-global-padding is-layout-constrained wp-block-group-is-layout-constrained\">\n<div class=\"wp-block-columns alignfull is-layout-flex wp-container-core-columns-is-layout-0f3d37db wp-block-columns-is-layout-flex\">\n<div class=\"wp-block-column is-vertically-aligned-top is-layout-flow wp-block-column-is-layout-flow\">\n<figure style=\"\" class=\"wp-block-image size-large\"><img loading=\"lazy\" decoding=\"async\" width=\"1024\" height=\"683\" src=\"https:\/\/store-it.eu\/wp-content\/uploads\/2025\/12\/PROGRAMMEREN_2-1024x683.jpg\" alt=\"\" class=\"wp-image-1964\" style=\"aspect-ratio:4\/3;object-fit:cover\" srcset=\"https:\/\/store-it.eu\/wp-content\/uploads\/2025\/12\/PROGRAMMEREN_2-1024x683.jpg 1024w, https:\/\/store-it.eu\/wp-content\/uploads\/2025\/12\/PROGRAMMEREN_2-300x200.jpg 300w, https:\/\/store-it.eu\/wp-content\/uploads\/2025\/12\/PROGRAMMEREN_2-768x512.jpg 768w, https:\/\/store-it.eu\/wp-content\/uploads\/2025\/12\/PROGRAMMEREN_2-1536x1024.jpg 1536w, https:\/\/store-it.eu\/wp-content\/uploads\/2025\/12\/PROGRAMMEREN_2-2048x1365.jpg 2048w\" sizes=\"auto, (max-width: 1024px) 100vw, 1024px\" \/><\/figure>\n<\/div>\n\n\n\n<div class=\"wp-block-column is-vertically-aligned-top is-layout-flow wp-block-column-is-layout-flow\">\n<h2 class=\"wp-block-heading\">La puissance de notre logiciel<\/h2>\n\n\n\n<p>Tout commence par une int\u00e9gration sans tracas. Le logiciel Store-IT peut \u00eatre int\u00e9gr\u00e9 de multiples fa\u00e7ons. <\/p>\n\n\n\n<ul style=\"padding-right:0;padding-left:0\" class=\"wp-block-list is-style-usp-list\">\n<li>Int\u00e9gration compl\u00e8te avec votre site web pour la r\u00e9servation en ligne et le portail client (via API REST ou module de r\u00e9servation standard).<\/li>\n\n\n\n<li>Int\u00e9gration avec des logiciels tiers tels que les syst\u00e8mes de contr\u00f4le d&rsquo;acc\u00e8s, les programmes de comptabilit\u00e9, les fournisseurs de services de paiement, et bien plus encore.<\/li>\n\n\n\n<li>Store-IT continue d&rsquo;\u00e9voluer en fonction de vos souhaits. Nous d\u00e9veloppons \u00e9galement des fonctionnalit\u00e9s personnalis\u00e9es pour vous. <\/li>\n<\/ul>\n<\/div>\n<\/div>\n<\/div>\n\n<div style=\"height:var(--wp--preset--spacing--xxxxxxxxxl)\" aria-hidden=\"true\" class=\"wp-block-spacer\"><\/div>\n\n<div class=\"wp-block-group alignwide has-global-padding is-layout-constrained wp-block-group-is-layout-constrained\">\n<div class=\"wp-block-columns alignfull is-layout-flex wp-container-core-columns-is-layout-0f3d37db wp-block-columns-is-layout-flex\">\n<div class=\"wp-block-column is-vertically-aligned-top is-layout-flow wp-block-column-is-layout-flow\">\n<h2 class=\"wp-block-heading\">Ce qui nous motive<\/h2>\n\n\n\n<p>Notre mission est d&rsquo;aider les entreprises de self-stockage \u00e0 optimiser leurs processus et \u00e0 accro\u00eetre la satisfaction de leurs clients. Nous proposons des logiciels fiables, s\u00e9curis\u00e9s et intuitifs qui s&rsquo;int\u00e8grent parfaitement aux syst\u00e8mes existants, tels que les syst\u00e8mes de contr\u00f4le d&rsquo;acc\u00e8s, les logiciels de comptabilit\u00e9 et les plateformes de paiement. <\/p>\n\n\n\n<ul style=\"padding-right:0;padding-left:0\" class=\"wp-block-list is-style-usp-list\">\n<li>Fiabilit\u00e9 : Certifi\u00e9 ISO 27001 pour une s\u00e9curit\u00e9 maximale des donn\u00e9es.<\/li>\n\n\n\n<li>Facilit\u00e9 d&rsquo;utilisation\u00a0: interfaces intuitives et automatisation des t\u00e2ches r\u00e9p\u00e9titives.<\/li>\n\n\n\n<li>Flexibilit\u00e9 : Int\u00e9grations via API REST avec divers syst\u00e8mes externes.<\/li>\n\n\n\n<li>Assistance : Assistance gratuite et illimit\u00e9e avec une approche personnalis\u00e9e.<\/li>\n<\/ul>\n<\/div>\n\n\n\n<div class=\"wp-block-column is-vertically-aligned-top is-layout-flow wp-block-column-is-layout-flow\">\n<figure style=\"\" class=\"wp-block-image size-large\"><img loading=\"lazy\" decoding=\"async\" width=\"1024\" height=\"683\" src=\"https:\/\/store-it.eu\/wp-content\/uploads\/2025\/12\/KANTOOR_3-1024x683.jpg\" alt=\"\" class=\"wp-image-1939\" style=\"aspect-ratio:4\/3;object-fit:cover\" srcset=\"https:\/\/store-it.eu\/wp-content\/uploads\/2025\/12\/KANTOOR_3-1024x683.jpg 1024w, https:\/\/store-it.eu\/wp-content\/uploads\/2025\/12\/KANTOOR_3-300x200.jpg 300w, https:\/\/store-it.eu\/wp-content\/uploads\/2025\/12\/KANTOOR_3-768x512.jpg 768w, https:\/\/store-it.eu\/wp-content\/uploads\/2025\/12\/KANTOOR_3-1536x1024.jpg 1536w, https:\/\/store-it.eu\/wp-content\/uploads\/2025\/12\/KANTOOR_3-2048x1365.jpg 2048w\" sizes=\"auto, (max-width: 1024px) 100vw, 1024px\" \/><\/figure>\n<\/div>\n<\/div>\n<\/div>\n\n<div style=\"height:var(--wp--preset--spacing--xxxxxxxxxl)\" aria-hidden=\"true\" class=\"wp-block-spacer\"><\/div>\n\n<div class=\"wp-block-group alignwide has-global-padding is-layout-constrained wp-block-group-is-layout-constrained\">\n<div class=\"wp-block-group alignfull has-border-color has-primary-border-color has-tertiary-opacity-background-color has-background has-global-padding is-layout-constrained wp-container-core-group-is-layout-f9e58c4a wp-block-group-is-layout-constrained\" style=\"border-width:1px;border-radius:20px;padding-top:var(--wp--preset--spacing--xxxxxxxl);padding-right:var(--wp--preset--spacing--xxxxxl);padding-bottom:var(--wp--preset--spacing--xxxxxxxl);padding-left:var(--wp--preset--spacing--xxxxxl)\">\n<div class=\"wp-block-columns alignwide is-layout-flex wp-container-core-columns-is-layout-0f3d37db wp-block-columns-is-layout-flex\">\n<div class=\"wp-block-column is-layout-flow wp-block-column-is-layout-flow\">\n<figure style=\"\" class=\"wp-block-image size-large\"><img loading=\"lazy\" decoding=\"async\" width=\"1024\" height=\"683\" src=\"https:\/\/store-it.eu\/wp-content\/uploads\/2025\/12\/KANTOOR_5-1024x683.jpg\" alt=\"\" class=\"wp-image-1944\" style=\"aspect-ratio:4\/3;object-fit:cover\" srcset=\"https:\/\/store-it.eu\/wp-content\/uploads\/2025\/12\/KANTOOR_5-1024x683.jpg 1024w, https:\/\/store-it.eu\/wp-content\/uploads\/2025\/12\/KANTOOR_5-300x200.jpg 300w, https:\/\/store-it.eu\/wp-content\/uploads\/2025\/12\/KANTOOR_5-768x512.jpg 768w, https:\/\/store-it.eu\/wp-content\/uploads\/2025\/12\/KANTOOR_5-1536x1024.jpg 1536w, https:\/\/store-it.eu\/wp-content\/uploads\/2025\/12\/KANTOOR_5-2048x1365.jpg 2048w\" sizes=\"auto, (max-width: 1024px) 100vw, 1024px\" \/><\/figure>\n<\/div>\n\n\n\n<div class=\"wp-block-column is-layout-flow wp-block-column-is-layout-flow\">\n<h2 class=\"wp-block-heading\">Nos clients<\/h2>\n\n\n\n<p>Des entrepreneurs locaux aux cha\u00eenes internationales, nos clients appr\u00e9cient la praticit\u00e9, la stabilit\u00e9 et l&rsquo;\u00e9volutivit\u00e9 de Store365. Nous sommes fiers de nos partenariats de longue date et de la confiance qu&rsquo;ils nous t\u00e9moignent.   <a href=\"https:\/\/store-it.eu\/fr\/nos-clients\/\">D\u00e9couvrez ici une s\u00e9lection de nos clients.<\/a><\/p>\n\n\n\n<h3 class=\"wp-block-heading\">R\u00e9servez des contrats en toute simplicit\u00e9<\/h3>\n\n\n\n<p>Nous continuons d&rsquo;investir dans l&rsquo;innovation pour permettre \u00e0 nos clients de garder une longueur d&rsquo;avance sur un march\u00e9 en constante \u00e9volution. Citons par exemple l&rsquo;analyse de donn\u00e9es pilot\u00e9e par l&rsquo;IA, la communication automatis\u00e9e et le d\u00e9veloppement accru de nos capacit\u00e9s d&rsquo;int\u00e9gration. <\/p>\n<\/div>\n<\/div>\n<\/div>\n<\/div>\n\n<div style=\"height:var(--wp--preset--spacing--xxxxxxxxxl)\" aria-hidden=\"true\" class=\"wp-block-spacer\"><\/div>\n","protected":false},"excerpt":{"rendered":"<p>Store-IT Plus de 25 ans d&rsquo;innovation dans le domaine des logiciels de self-stockage Depuis 2000, Store-IT est le sp\u00e9cialiste des logiciels de gestion pour le self-stockage. Gr\u00e2ce \u00e0 notre logiciel, nous aidons les exploitants de plus de 18 pays \u00e0 g\u00e9rer efficacement leurs sites de stockage. Notre logiciel Store-IT est disponible en 8 langues et [&hellip;]<\/p>\n","protected":false},"author":1,"featured_media":0,"parent":0,"menu_order":41,"comment_status":"closed","ping_status":"closed","template":"","meta":{"_acf_changed":false,"footnotes":""},"class_list":["post-1341","page","type-page","status-publish","hentry"],"acf":[],"yoast_head":"<!-- This site is optimized with the Yoast SEO plugin v27.4 - https:\/\/yoast.com\/product\/yoast-seo-wordpress\/ -->\n<title>\u00c0 propos de nous &#8211; Store-IT<\/title>\n<meta name=\"description\" content=\"\u00c0 propos de Store-IT\u00a0: sp\u00e9cialiste des logiciels de self-stockage depuis 25\u00a0ans. Pr\u00e9sent dans 18\u00a0pays, nous proposons des solutions cloud innovantes. D\u00e9couvrez notre vision\u00a0!\" \/>\n<meta name=\"robots\" content=\"index, follow, max-snippet:-1, max-image-preview:large, max-video-preview:-1\" \/>\n<link rel=\"canonical\" href=\"https:\/\/store-it.eu\/fr\/a-propos-de-nous\/\" \/>\n<meta property=\"og:locale\" content=\"fr_FR\" \/>\n<meta property=\"og:type\" content=\"article\" \/>\n<meta property=\"og:title\" content=\"\u00c0 propos de nous &#8211; Store-IT\" \/>\n<meta property=\"og:description\" content=\"\u00c0 propos de Store-IT\u00a0: sp\u00e9cialiste des logiciels de self-stockage depuis 25\u00a0ans. Pr\u00e9sent dans 18\u00a0pays, nous proposons des solutions cloud innovantes. D\u00e9couvrez notre vision\u00a0!\" \/>\n<meta property=\"og:url\" content=\"https:\/\/store-it.eu\/fr\/a-propos-de-nous\/\" \/>\n<meta property=\"og:site_name\" content=\"Store-IT\" \/>\n<meta property=\"article:modified_time\" content=\"2026-04-20T11:53:46+00:00\" \/>\n<meta property=\"og:image\" content=\"https:\/\/store-it.eu\/wp-content\/uploads\/2025\/12\/KANTOOR_6-scaled.jpg\" \/>\n\t<meta property=\"og:image:width\" content=\"2560\" \/>\n\t<meta property=\"og:image:height\" content=\"1707\" \/>\n\t<meta property=\"og:image:type\" content=\"image\/jpeg\" \/>\n<meta name=\"twitter:card\" content=\"summary_large_image\" \/>\n<meta name=\"twitter:label1\" content=\"Dur\u00e9e de lecture estim\u00e9e\" \/>\n\t<meta name=\"twitter:data1\" content=\"2 minutes\" \/>\n<script type=\"application\/ld+json\" class=\"yoast-schema-graph\">{\"@context\":\"https:\\\/\\\/schema.org\",\"@graph\":[{\"@type\":\"WebPage\",\"@id\":\"https:\\\/\\\/store-it.eu\\\/fr\\\/a-propos-de-nous\\\/\",\"url\":\"https:\\\/\\\/store-it.eu\\\/fr\\\/a-propos-de-nous\\\/\",\"name\":\"\u00c0 propos de nous &#8211; Store-IT\",\"isPartOf\":{\"@id\":\"https:\\\/\\\/store-it.eu\\\/fr\\\/#website\"},\"primaryImageOfPage\":{\"@id\":\"https:\\\/\\\/store-it.eu\\\/fr\\\/a-propos-de-nous\\\/#primaryimage\"},\"image\":{\"@id\":\"https:\\\/\\\/store-it.eu\\\/fr\\\/a-propos-de-nous\\\/#primaryimage\"},\"thumbnailUrl\":\"https:\\\/\\\/store-it.eu\\\/wp-content\\\/uploads\\\/2025\\\/12\\\/KANTOOR_6-1024x683.jpg\",\"datePublished\":\"2025-07-02T06:41:28+00:00\",\"dateModified\":\"2026-04-20T11:53:46+00:00\",\"description\":\"\u00c0 propos de Store-IT\u00a0: sp\u00e9cialiste des logiciels de self-stockage depuis 25\u00a0ans. Pr\u00e9sent dans 18\u00a0pays, nous proposons des solutions cloud innovantes. D\u00e9couvrez notre vision\u00a0!\",\"breadcrumb\":{\"@id\":\"https:\\\/\\\/store-it.eu\\\/fr\\\/a-propos-de-nous\\\/#breadcrumb\"},\"inLanguage\":\"fr-FR\",\"potentialAction\":[{\"@type\":\"ReadAction\",\"target\":[\"https:\\\/\\\/store-it.eu\\\/fr\\\/a-propos-de-nous\\\/\"]}]},{\"@type\":\"ImageObject\",\"inLanguage\":\"fr-FR\",\"@id\":\"https:\\\/\\\/store-it.eu\\\/fr\\\/a-propos-de-nous\\\/#primaryimage\",\"url\":\"https:\\\/\\\/store-it.eu\\\/wp-content\\\/uploads\\\/2025\\\/12\\\/KANTOOR_6-1024x683.jpg\",\"contentUrl\":\"https:\\\/\\\/store-it.eu\\\/wp-content\\\/uploads\\\/2025\\\/12\\\/KANTOOR_6-1024x683.jpg\"},{\"@type\":\"BreadcrumbList\",\"@id\":\"https:\\\/\\\/store-it.eu\\\/fr\\\/a-propos-de-nous\\\/#breadcrumb\",\"itemListElement\":[{\"@type\":\"ListItem\",\"position\":1,\"name\":\"Home\",\"item\":\"https:\\\/\\\/store-it.eu\\\/fr\\\/\"},{\"@type\":\"ListItem\",\"position\":2,\"name\":\"\u00c0 propos de nous\"}]},{\"@type\":\"WebSite\",\"@id\":\"https:\\\/\\\/store-it.eu\\\/fr\\\/#website\",\"url\":\"https:\\\/\\\/store-it.eu\\\/fr\\\/\",\"name\":\"Store-IT\",\"description\":\"Specialist in self storage management software\",\"publisher\":{\"@id\":\"https:\\\/\\\/store-it.eu\\\/fr\\\/#organization\"},\"potentialAction\":[{\"@type\":\"SearchAction\",\"target\":{\"@type\":\"EntryPoint\",\"urlTemplate\":\"https:\\\/\\\/store-it.eu\\\/fr\\\/?s={search_term_string}\"},\"query-input\":{\"@type\":\"PropertyValueSpecification\",\"valueRequired\":true,\"valueName\":\"search_term_string\"}}],\"inLanguage\":\"fr-FR\"},{\"@type\":\"Organization\",\"@id\":\"https:\\\/\\\/store-it.eu\\\/fr\\\/#organization\",\"name\":\"Store-IT\",\"url\":\"https:\\\/\\\/store-it.eu\\\/fr\\\/\",\"logo\":{\"@type\":\"ImageObject\",\"inLanguage\":\"fr-FR\",\"@id\":\"https:\\\/\\\/store-it.eu\\\/fr\\\/#\\\/schema\\\/logo\\\/image\\\/\",\"url\":\"https:\\\/\\\/store-it.eu\\\/wp-content\\\/uploads\\\/2025\\\/07\\\/StoreIT_Favicon.png\",\"contentUrl\":\"https:\\\/\\\/store-it.eu\\\/wp-content\\\/uploads\\\/2025\\\/07\\\/StoreIT_Favicon.png\",\"width\":512,\"height\":512,\"caption\":\"Store-IT\"},\"image\":{\"@id\":\"https:\\\/\\\/store-it.eu\\\/fr\\\/#\\\/schema\\\/logo\\\/image\\\/\"}}]}<\/script>\n<!-- \/ Yoast SEO plugin. -->","yoast_head_json":{"title":"\u00c0 propos de nous &#8211; Store-IT","description":"\u00c0 propos de Store-IT\u00a0: sp\u00e9cialiste des logiciels de self-stockage depuis 25\u00a0ans. Pr\u00e9sent dans 18\u00a0pays, nous proposons des solutions cloud innovantes. D\u00e9couvrez notre vision\u00a0!","robots":{"index":"index","follow":"follow","max-snippet":"max-snippet:-1","max-image-preview":"max-image-preview:large","max-video-preview":"max-video-preview:-1"},"canonical":"https:\/\/store-it.eu\/fr\/a-propos-de-nous\/","og_locale":"fr_FR","og_type":"article","og_title":"\u00c0 propos de nous &#8211; Store-IT","og_description":"\u00c0 propos de Store-IT\u00a0: sp\u00e9cialiste des logiciels de self-stockage depuis 25\u00a0ans. Pr\u00e9sent dans 18\u00a0pays, nous proposons des solutions cloud innovantes. D\u00e9couvrez notre vision\u00a0!","og_url":"https:\/\/store-it.eu\/fr\/a-propos-de-nous\/","og_site_name":"Store-IT","article_modified_time":"2026-04-20T11:53:46+00:00","og_image":[{"width":2560,"height":1707,"url":"https:\/\/store-it.eu\/wp-content\/uploads\/2025\/12\/KANTOOR_6-scaled.jpg","type":"image\/jpeg"}],"twitter_card":"summary_large_image","twitter_misc":{"Dur\u00e9e de lecture estim\u00e9e":"2 minutes"},"schema":{"@context":"https:\/\/schema.org","@graph":[{"@type":"WebPage","@id":"https:\/\/store-it.eu\/fr\/a-propos-de-nous\/","url":"https:\/\/store-it.eu\/fr\/a-propos-de-nous\/","name":"\u00c0 propos de nous &#8211; Store-IT","isPartOf":{"@id":"https:\/\/store-it.eu\/fr\/#website"},"primaryImageOfPage":{"@id":"https:\/\/store-it.eu\/fr\/a-propos-de-nous\/#primaryimage"},"image":{"@id":"https:\/\/store-it.eu\/fr\/a-propos-de-nous\/#primaryimage"},"thumbnailUrl":"https:\/\/store-it.eu\/wp-content\/uploads\/2025\/12\/KANTOOR_6-1024x683.jpg","datePublished":"2025-07-02T06:41:28+00:00","dateModified":"2026-04-20T11:53:46+00:00","description":"\u00c0 propos de Store-IT\u00a0: sp\u00e9cialiste des logiciels de self-stockage depuis 25\u00a0ans. Pr\u00e9sent dans 18\u00a0pays, nous proposons des solutions cloud innovantes. D\u00e9couvrez notre vision\u00a0!","breadcrumb":{"@id":"https:\/\/store-it.eu\/fr\/a-propos-de-nous\/#breadcrumb"},"inLanguage":"fr-FR","potentialAction":[{"@type":"ReadAction","target":["https:\/\/store-it.eu\/fr\/a-propos-de-nous\/"]}]},{"@type":"ImageObject","inLanguage":"fr-FR","@id":"https:\/\/store-it.eu\/fr\/a-propos-de-nous\/#primaryimage","url":"https:\/\/store-it.eu\/wp-content\/uploads\/2025\/12\/KANTOOR_6-1024x683.jpg","contentUrl":"https:\/\/store-it.eu\/wp-content\/uploads\/2025\/12\/KANTOOR_6-1024x683.jpg"},{"@type":"BreadcrumbList","@id":"https:\/\/store-it.eu\/fr\/a-propos-de-nous\/#breadcrumb","itemListElement":[{"@type":"ListItem","position":1,"name":"Home","item":"https:\/\/store-it.eu\/fr\/"},{"@type":"ListItem","position":2,"name":"\u00c0 propos de nous"}]},{"@type":"WebSite","@id":"https:\/\/store-it.eu\/fr\/#website","url":"https:\/\/store-it.eu\/fr\/","name":"Store-IT","description":"Specialist in self storage management software","publisher":{"@id":"https:\/\/store-it.eu\/fr\/#organization"},"potentialAction":[{"@type":"SearchAction","target":{"@type":"EntryPoint","urlTemplate":"https:\/\/store-it.eu\/fr\/?s={search_term_string}"},"query-input":{"@type":"PropertyValueSpecification","valueRequired":true,"valueName":"search_term_string"}}],"inLanguage":"fr-FR"},{"@type":"Organization","@id":"https:\/\/store-it.eu\/fr\/#organization","name":"Store-IT","url":"https:\/\/store-it.eu\/fr\/","logo":{"@type":"ImageObject","inLanguage":"fr-FR","@id":"https:\/\/store-it.eu\/fr\/#\/schema\/logo\/image\/","url":"https:\/\/store-it.eu\/wp-content\/uploads\/2025\/07\/StoreIT_Favicon.png","contentUrl":"https:\/\/store-it.eu\/wp-content\/uploads\/2025\/07\/StoreIT_Favicon.png","width":512,"height":512,"caption":"Store-IT"},"image":{"@id":"https:\/\/store-it.eu\/fr\/#\/schema\/logo\/image\/"}}]}},"_links":{"self":[{"href":"https:\/\/store-it.eu\/fr\/wp-json\/wp\/v2\/pages\/1341","targetHints":{"allow":["GET"]}}],"collection":[{"href":"https:\/\/store-it.eu\/fr\/wp-json\/wp\/v2\/pages"}],"about":[{"href":"https:\/\/store-it.eu\/fr\/wp-json\/wp\/v2\/types\/page"}],"author":[{"embeddable":true,"href":"https:\/\/store-it.eu\/fr\/wp-json\/wp\/v2\/users\/1"}],"replies":[{"embeddable":true,"href":"https:\/\/store-it.eu\/fr\/wp-json\/wp\/v2\/comments?post=1341"}],"version-history":[{"count":7,"href":"https:\/\/store-it.eu\/fr\/wp-json\/wp\/v2\/pages\/1341\/revisions"}],"predecessor-version":[{"id":3116,"href":"https:\/\/store-it.eu\/fr\/wp-json\/wp\/v2\/pages\/1341\/revisions\/3116"}],"wp:attachment":[{"href":"https:\/\/store-it.eu\/fr\/wp-json\/wp\/v2\/media?parent=1341"}],"curies":[{"name":"wp","href":"https:\/\/api.w.org\/{rel}","templated":true}]}}