{"id":1349,"date":"2025-03-27T09:24:08","date_gmt":"2025-03-27T08:24:08","guid":{"rendered":"https:\/\/store-it.dev001.booom.digital\/?page_id=1349"},"modified":"2026-02-20T11:12:31","modified_gmt":"2026-02-20T10:12:31","slug":"politique-de-confidentialite","status":"publish","type":"page","link":"https:\/\/store-it.eu\/fr\/politique-de-confidentialite\/","title":{"rendered":"Politique de confidentialit\u00e9"},"content":{"rendered":"\n<div class=\"wp-block-group alignfull is-style-hexagon has-background has-global-padding is-layout-constrained wp-block-group-is-layout-constrained\" style=\"border-radius:25px;background:linear-gradient(180deg,rgb(28,14,60) 1%,rgb(192,132,252) 100%);padding-top:var(--wp--preset--spacing--xxxxxxxxxl);padding-bottom:0\">\n<div class=\"wp-block-columns alignwide are-vertically-aligned-center is-layout-flex wp-container-core-columns-is-layout-39df6aaa wp-block-columns-is-layout-flex\" style=\"padding-top:var(--wp--preset--spacing--xxxxxxxxl);padding-bottom:var(--wp--preset--spacing--xxxxxxxxl)\">\n<div class=\"wp-block-column is-vertically-aligned-center is-layout-flow wp-block-column-is-layout-flow\">\n<div class=\"wp-block-group alignwide is-vertical is-layout-flex wp-container-core-group-is-layout-fe9cc265 wp-block-group-is-layout-flex\">\n<div class=\"wp-block-group alignwide has-global-padding is-content-justification-left is-layout-constrained wp-container-core-group-is-layout-b498b38b wp-block-group-is-layout-constrained\"><h1 class=\"has-link-color wp-elements-1f73820135701125b82a0d4162906c6e wp-block-post-title has-text-color has-base-color\">Politique de confidentialit\u00e9<\/h1>\n\n\n<p class=\"has-secondary-color has-text-color has-link-color wp-elements-4a1dd1f90c60a19ac0e083915e16cdb5\">Derni\u00e8re mise \u00e0 jour : juillet 2025<\/p>\n\n\n\n<div class=\"wp-block-buttons is-layout-flex wp-block-buttons-is-layout-flex\">\n<div class=\"wp-block-button\"><a class=\"wp-block-button__link wp-element-button\" href=\"https:\/\/store-it.eu\/wp-content\/uploads\/2026\/02\/Declaration-de-confidentialite_Store-IT_FR.pdf\" style=\"border-style:none;border-width:0px\">Download PDF<\/a><\/div>\n<\/div>\n<\/div>\n<\/div>\n<\/div>\n<\/div>\n<\/div>\n\n\n\n<div class=\"wp-block-group alignfull has-global-padding is-layout-constrained wp-container-core-group-is-layout-abf79aa3 wp-block-group-is-layout-constrained\" style=\"padding-top:var(--wp--preset--spacing--xxxxxxxxxl);padding-bottom:var(--wp--preset--spacing--xxxxxxxxxl)\">\n<div class=\"wp-block-group alignwide is-layout-flow wp-block-group-is-layout-flow\">\n<p>Uniserve, agissant sous le nom commercial Store-IT, dont le si\u00e8ge est situ\u00e9 Korte Hogendijk 14, 1506 MA Zaandam, est responsable du traitement des donn\u00e9es \u00e0 caract\u00e8re personnel tel que d\u00e9crit dans la pr\u00e9sente d\u00e9claration de confidentialit\u00e9.<\/p>\n\n\n\n<h2 class=\"wp-block-heading\">Coordonn\u00e9es<\/h2>\n\n\n\n<p>www.store-it.eu<br>Korte Hogendijk 14<br>1506 MA Zaandam<br>+31 (0)75 &#8211; 64 72 130<\/p>\n<\/div>\n\n\n\n<div class=\"wp-block-group alignwide is-layout-flow wp-block-group-is-layout-flow\">\n<h2 class=\"wp-block-heading\">Donn\u00e9es personnelles trait\u00e9es par Store-IT<\/h2>\n\n\n\n<p>Store-IT traite vos donn\u00e9es personnelles parce que vous utilisez nos services et\/ou parce que vous nous les fournissez vous-m\u00eame via notre site web. Vous trouverez ci-dessous un aper\u00e7u des donn\u00e9es personnelles que nous traitons :<\/p>\n\n\n\n<ul class=\"wp-block-list\">\n<li>Num\u00e9ro de t\u00e9l\u00e9phone<\/li>\n\n\n\n<li>Adresse e-mail<\/li>\n\n\n\n<li>Adresse IP<\/li>\n<\/ul>\n<\/div>\n\n\n\n<div class=\"wp-block-group alignwide is-layout-flow wp-block-group-is-layout-flow\">\n<h2 class=\"wp-block-heading\">Donn\u00e9es personnelles particuli\u00e8res et\/ou sensibles<\/h2>\n\n\n\n<p>Notre site web et\/ou nos services n\u2019ont pas pour objectif de collecter des donn\u00e9es concernant des visiteurs \u00e2g\u00e9s de moins de 16 ans, sauf s\u2019ils disposent de l\u2019autorisation de leurs parents ou repr\u00e9sentants l\u00e9gaux. Cependant, nous ne pouvons pas v\u00e9rifier si un visitor est \u00e2g\u00e9 de plus de 16 ans. Nous conseillons donc aux parents de surveiller les activit\u00e9s en ligne de leurs enfants afin d\u2019\u00e9viter que des donn\u00e9es ne soient collect\u00e9es sans leur consentement. Si vous \u00eates convaincu que nous avons collect\u00e9 des donn\u00e9es personnelles concernant un mineur sans autorisation, veuillez nous contacter \u00e0 l\u2019adresse support@store-it.eu et nous supprimerons ces informations.<\/p>\n<\/div>\n\n\n\n<div class=\"wp-block-group alignwide is-layout-flow wp-block-group-is-layout-flow\">\n<h2 class=\"wp-block-heading\">Finalit\u00e9s du traitement des donn\u00e9es personnelles<\/h2>\n\n\n\n<p>Store-IT traite vos donn\u00e9es personnelles pour les finalit\u00e9s suivantes :<\/p>\n\n\n\n<p>Vous contacter par t\u00e9l\u00e9phone ou par e-mail en r\u00e9ponse \u00e0 votre demande<\/p>\n\n\n\n<p>Vous contacter par t\u00e9l\u00e9phone ou par e-mail si cela est n\u00e9cessaire \u00e0 l\u2019ex\u00e9cution de nos services<\/p>\n<\/div>\n\n\n\n<div class=\"wp-block-group alignwide is-layout-flow wp-block-group-is-layout-flow\">\n<h2 class=\"wp-block-heading\">Prise de d\u00e9cision automatis\u00e9e<\/h2>\n\n\n\n<p>Store-IT n\u2019utilise pas de prise de d\u00e9cision automatis\u00e9e.<\/p>\n<\/div>\n\n\n\n<div class=\"wp-block-group alignwide is-layout-flow wp-block-group-is-layout-flow\">\n<h2 class=\"wp-block-heading\">Dur\u00e9e de conservation des donn\u00e9es personnelles<\/h2>\n\n\n\n<p>Store-IT ne conserve pas vos donn\u00e9es personnelles plus longtemps que strictement n\u00e9cessaire pour atteindre les finalit\u00e9s pour lesquelles elles ont \u00e9t\u00e9 collect\u00e9es :<\/p>\n\n\n\n<p>Donn\u00e9es relatives \u00e0 une demande d\u2019information : jusqu\u2019au traitement complet de la demande<\/p>\n\n\n\n<p>Donn\u00e9es n\u00e9cessaires \u00e0 l\u2019ex\u00e9cution de nos services : jusqu\u2019\u00e0 un an apr\u00e8s la finalisation de la mission<\/p>\n<\/div>\n\n\n\n<div class=\"wp-block-group alignwide is-layout-flow wp-block-group-is-layout-flow\">\n<h2 class=\"wp-block-heading\">Partage des donn\u00e9es personnelles avec des tiers<\/h2>\n\n\n\n<p>Store-IT ne communique des donn\u00e9es personnelles \u00e0 des tiers que si cela est n\u00e9cessaire \u00e0 l\u2019ex\u00e9cution de notre contrat avec vous ou pour se conformer \u00e0 une obligation l\u00e9gale.<\/p>\n<\/div>\n\n\n\n<div class=\"wp-block-group alignwide is-layout-flow wp-block-group-is-layout-flow\">\n<h2 class=\"wp-block-heading\">Cookies ou technologies similaires utilis\u00e9s par Store-IT<\/h2>\n\n\n\n<p>Store-IT utilise des cookies techniques et fonctionnels. Un cookie est un petit fichier texte enregistr\u00e9 sur votre ordinateur, tablette ou smartphone lors de votre premi\u00e8re visite sur ce site web. Les cookies que nous utilisons sont n\u00e9cessaires au bon fonctionnement technique du site et \u00e0 votre confort d\u2019utilisation. Ils garantissent que le site fonctionne correctement et m\u00e9morisent, par exemple, vos pr\u00e9f\u00e9rences. Ils nous permettent \u00e9galement d\u2019optimiser notre site web. Vous pouvez d\u00e9sactiver les cookies en configurant votre navigateur Internet afin qu\u2019il ne les enregistre plus. Vous pouvez \u00e9galement supprimer toutes les informations pr\u00e9c\u00e9demment enregistr\u00e9es via les param\u00e8tres de votre navigateur.<\/p>\n<\/div>\n\n\n\n<div class=\"wp-block-group alignwide is-layout-flow wp-block-group-is-layout-flow\">\n<h2 class=\"wp-block-heading\">reCAPTCHA<\/h2>\n\n\n\n<p>Store-IT utilise le service reCAPTCHA de Google Inc. (Google) afin de prot\u00e9ger notre site web contre le spam et les abus. Pour permettre le fonctionnement de Google reCAPTCHA, l\u2019adresse IP du visiteur, les mouvements de la souris et \u00e9ventuellement d\u2019autres donn\u00e9es sont collect\u00e9s. Ces informations sont transmises \u00e0 Google et trait\u00e9es par celui-ci. En analysant ces donn\u00e9es, Google peut d\u00e9terminer s\u2019il s\u2019agit d\u2019un v\u00e9ritable visiteur ou d\u2019un robot. Pour plus d\u2019informations, veuillez consulter la politique de confidentialit\u00e9 de Google.<\/p>\n<\/div>\n\n\n\n<div class=\"wp-block-group alignwide is-layout-flow wp-block-group-is-layout-flow\">\n<h2 class=\"wp-block-heading\">Google Analytics<\/h2>\n\n\n\n<p>Store-IT utilise Google Analytics afin d\u2019obtenir des informations sur l\u2019utilisation de notre site web, dans le but d\u2019am\u00e9liorer continuellement son design et ses fonctionnalit\u00e9s. Google Analytics est configur\u00e9 de mani\u00e8re aussi respectueuse que possible de la vie priv\u00e9e. Pour plus d\u2019informations, veuillez consulter la politique de confidentialit\u00e9 de Google.<\/p>\n<\/div>\n\n\n\n<div class=\"wp-block-group alignwide is-layout-flow wp-block-group-is-layout-flow\">\n<h2 class=\"wp-block-heading\">Acc\u00e8s, modification ou suppression des donn\u00e9es<\/h2>\n\n\n\n<p>Vous avez le droit d\u2019acc\u00e9der \u00e0 vos donn\u00e9es personnelles, de les corriger ou de les supprimer. Vous avez \u00e9galement le droit de retirer votre \u00e9ventuel consentement au traitement des donn\u00e9es ou de vous opposer au traitement de vos donn\u00e9es personnelles par Store-IT, ainsi que le droit \u00e0 la portabilit\u00e9 des donn\u00e9es. Cela signifie que vous pouvez nous demander de vous transmettre, ou de transmettre \u00e0 une autre organisation d\u00e9sign\u00e9e par vous, les donn\u00e9es personnelles que nous d\u00e9tenons \u00e0 votre sujet dans un format \u00e9lectronique.<\/p>\n\n\n\n<p>Vous pouvez envoyer une demande d\u2019acc\u00e8s, de rectification, de suppression ou de transfert de vos donn\u00e9es personnelles, ou une demande de retrait de consentement ou d\u2019opposition au traitement, \u00e0 l\u2019adresse support@store-it.eu. Afin de v\u00e9rifier que la demande d\u2019acc\u00e8s a bien \u00e9t\u00e9 effectu\u00e9e par vous, nous vous demandons de joindre une copie de votre pi\u00e8ce d\u2019identit\u00e9. Sur cette copie, veuillez masquer votre photo, la MRZ (zone de lecture optique, la bande comportant des num\u00e9ros au bas du passeport), le num\u00e9ro de passeport ainsi que votre num\u00e9ro de service citoyen (BSN). Ceci afin de prot\u00e9ger votre vie priv\u00e9e. Nous r\u00e9pondrons \u00e0 votre demande dans les meilleurs d\u00e9lais et au plus tard dans un d\u00e9lai de quatre semaines. Store-IT souhaite \u00e9galement vous informer que vous avez la possibilit\u00e9 d\u2019introduire une r\u00e9clamation aupr\u00e8s de l\u2019autorit\u00e9 nationale de contr\u00f4le, l\u2019Autorit\u00e9 n\u00e9erlandaise de protection des donn\u00e9es (Autoriteit Persoonsgegevens).<\/p>\n\n\n\n<p>Cela peut \u00eatre fait via le lien suivant : <a href=\"https:\/\/autoriteitpersoonsgegevens.nl\/nl\/contact-met-de-autoriteit-persoonsgegevens\/tip-ons\">https:\/\/autoriteitpersoonsgegevens.nl\/nl\/contact-met-de-autoriteit-persoonsgegevens\/tip-ons<\/a><\/p>\n<\/div>\n\n\n\n<div class=\"wp-block-group alignwide is-layout-flow wp-block-group-is-layout-flow\">\n<h2 class=\"wp-block-heading\">Comment Store-IT prot\u00e8ge les donn\u00e9es personnelles<\/h2>\n\n\n\n<p>Store-IT prend la protection de vos donn\u00e9es tr\u00e8s au s\u00e9rieux et met en \u0153uvre des mesures organisationnelles et techniques appropri\u00e9es afin de pr\u00e9venir tout abus, perte, acc\u00e8s non autoris\u00e9, divulgation ind\u00e9sirable ou modification non autoris\u00e9e. Si vous avez l\u2019impression que vos donn\u00e9es ne sont pas correctement s\u00e9curis\u00e9es ou s\u2019il existe des indications d\u2019abus, veuillez nous contacter \u00e0 l\u2019adresse <a href=\"mailto:support@store-it.eu\">support@store-it.eu<\/a>.<\/p>\n<\/div>\n<\/div>\n","protected":false},"excerpt":{"rendered":"<p>Derni\u00e8re mise \u00e0 jour : juillet 2025 Uniserve, agissant sous le nom commercial Store-IT, dont le si\u00e8ge est situ\u00e9 Korte Hogendijk 14, 1506 MA Zaandam, est responsable du traitement des donn\u00e9es \u00e0 caract\u00e8re personnel tel que d\u00e9crit dans la pr\u00e9sente d\u00e9claration de confidentialit\u00e9. Coordonn\u00e9es www.store-it.euKorte Hogendijk 141506 MA Zaandam+31 (0)75 &#8211; 64 72 130 Donn\u00e9es [&hellip;]<\/p>\n","protected":false},"author":1,"featured_media":0,"parent":0,"menu_order":47,"comment_status":"closed","ping_status":"closed","template":"","meta":{"_acf_changed":false,"footnotes":""},"class_list":["post-1349","page","type-page","status-publish","hentry"],"acf":[],"yoast_head":"<!-- This site is optimized with the Yoast SEO plugin v27.4 - https:\/\/yoast.com\/product\/yoast-seo-wordpress\/ -->\n<title>Politique de confidentialit\u00e9 &#8211; Store-IT<\/title>\n<meta name=\"robots\" content=\"index, follow, max-snippet:-1, max-image-preview:large, max-video-preview:-1\" \/>\n<link rel=\"canonical\" href=\"https:\/\/store-it.eu\/fr\/politique-de-confidentialite\/\" \/>\n<meta property=\"og:locale\" content=\"fr_FR\" \/>\n<meta property=\"og:type\" content=\"article\" \/>\n<meta property=\"og:title\" content=\"Politique de confidentialit\u00e9 &#8211; Store-IT\" \/>\n<meta property=\"og:description\" content=\"Derni\u00e8re mise \u00e0 jour : juillet 2025 Uniserve, agissant sous le nom commercial Store-IT, dont le si\u00e8ge est situ\u00e9 Korte Hogendijk 14, 1506 MA Zaandam, est responsable du traitement des donn\u00e9es \u00e0 caract\u00e8re personnel tel que d\u00e9crit dans la pr\u00e9sente d\u00e9claration de confidentialit\u00e9. Coordonn\u00e9es www.store-it.euKorte Hogendijk 141506 MA Zaandam+31 (0)75 &#8211; 64 72 130 Donn\u00e9es [&hellip;]\" \/>\n<meta property=\"og:url\" content=\"https:\/\/store-it.eu\/fr\/politique-de-confidentialite\/\" \/>\n<meta property=\"og:site_name\" content=\"Store-IT\" \/>\n<meta property=\"article:modified_time\" content=\"2026-02-20T10:12:31+00:00\" \/>\n<meta property=\"og:image\" content=\"https:\/\/store-it.eu\/wp-content\/uploads\/2025\/07\/StoreIT_Favicon.png\" \/>\n\t<meta property=\"og:image:width\" content=\"512\" \/>\n\t<meta property=\"og:image:height\" content=\"512\" \/>\n\t<meta property=\"og:image:type\" content=\"image\/png\" \/>\n<meta name=\"twitter:card\" content=\"summary_large_image\" \/>\n<meta name=\"twitter:label1\" content=\"Dur\u00e9e de lecture estim\u00e9e\" \/>\n\t<meta name=\"twitter:data1\" content=\"5 minutes\" \/>\n<script type=\"application\/ld+json\" class=\"yoast-schema-graph\">{\"@context\":\"https:\\\/\\\/schema.org\",\"@graph\":[{\"@type\":\"WebPage\",\"@id\":\"https:\\\/\\\/store-it.eu\\\/fr\\\/politique-de-confidentialite\\\/\",\"url\":\"https:\\\/\\\/store-it.eu\\\/fr\\\/politique-de-confidentialite\\\/\",\"name\":\"Politique de confidentialit\u00e9 &#8211; Store-IT\",\"isPartOf\":{\"@id\":\"https:\\\/\\\/store-it.eu\\\/fr\\\/#website\"},\"datePublished\":\"2025-03-27T08:24:08+00:00\",\"dateModified\":\"2026-02-20T10:12:31+00:00\",\"breadcrumb\":{\"@id\":\"https:\\\/\\\/store-it.eu\\\/fr\\\/politique-de-confidentialite\\\/#breadcrumb\"},\"inLanguage\":\"fr-FR\",\"potentialAction\":[{\"@type\":\"ReadAction\",\"target\":[\"https:\\\/\\\/store-it.eu\\\/fr\\\/politique-de-confidentialite\\\/\"]}]},{\"@type\":\"BreadcrumbList\",\"@id\":\"https:\\\/\\\/store-it.eu\\\/fr\\\/politique-de-confidentialite\\\/#breadcrumb\",\"itemListElement\":[{\"@type\":\"ListItem\",\"position\":1,\"name\":\"Home\",\"item\":\"https:\\\/\\\/store-it.eu\\\/fr\\\/\"},{\"@type\":\"ListItem\",\"position\":2,\"name\":\"Politique de confidentialit\u00e9\"}]},{\"@type\":\"WebSite\",\"@id\":\"https:\\\/\\\/store-it.eu\\\/fr\\\/#website\",\"url\":\"https:\\\/\\\/store-it.eu\\\/fr\\\/\",\"name\":\"Store-IT\",\"description\":\"Specialist in self storage management software\",\"publisher\":{\"@id\":\"https:\\\/\\\/store-it.eu\\\/fr\\\/#organization\"},\"potentialAction\":[{\"@type\":\"SearchAction\",\"target\":{\"@type\":\"EntryPoint\",\"urlTemplate\":\"https:\\\/\\\/store-it.eu\\\/fr\\\/?s={search_term_string}\"},\"query-input\":{\"@type\":\"PropertyValueSpecification\",\"valueRequired\":true,\"valueName\":\"search_term_string\"}}],\"inLanguage\":\"fr-FR\"},{\"@type\":\"Organization\",\"@id\":\"https:\\\/\\\/store-it.eu\\\/fr\\\/#organization\",\"name\":\"Store-IT\",\"url\":\"https:\\\/\\\/store-it.eu\\\/fr\\\/\",\"logo\":{\"@type\":\"ImageObject\",\"inLanguage\":\"fr-FR\",\"@id\":\"https:\\\/\\\/store-it.eu\\\/fr\\\/#\\\/schema\\\/logo\\\/image\\\/\",\"url\":\"https:\\\/\\\/store-it.eu\\\/wp-content\\\/uploads\\\/2025\\\/07\\\/StoreIT_Favicon.png\",\"contentUrl\":\"https:\\\/\\\/store-it.eu\\\/wp-content\\\/uploads\\\/2025\\\/07\\\/StoreIT_Favicon.png\",\"width\":512,\"height\":512,\"caption\":\"Store-IT\"},\"image\":{\"@id\":\"https:\\\/\\\/store-it.eu\\\/fr\\\/#\\\/schema\\\/logo\\\/image\\\/\"}}]}<\/script>\n<!-- \/ Yoast SEO plugin. -->","yoast_head_json":{"title":"Politique de confidentialit\u00e9 &#8211; Store-IT","robots":{"index":"index","follow":"follow","max-snippet":"max-snippet:-1","max-image-preview":"max-image-preview:large","max-video-preview":"max-video-preview:-1"},"canonical":"https:\/\/store-it.eu\/fr\/politique-de-confidentialite\/","og_locale":"fr_FR","og_type":"article","og_title":"Politique de confidentialit\u00e9 &#8211; Store-IT","og_description":"Derni\u00e8re mise \u00e0 jour : juillet 2025 Uniserve, agissant sous le nom commercial Store-IT, dont le si\u00e8ge est situ\u00e9 Korte Hogendijk 14, 1506 MA Zaandam, est responsable du traitement des donn\u00e9es \u00e0 caract\u00e8re personnel tel que d\u00e9crit dans la pr\u00e9sente d\u00e9claration de confidentialit\u00e9. Coordonn\u00e9es www.store-it.euKorte Hogendijk 141506 MA Zaandam+31 (0)75 &#8211; 64 72 130 Donn\u00e9es [&hellip;]","og_url":"https:\/\/store-it.eu\/fr\/politique-de-confidentialite\/","og_site_name":"Store-IT","article_modified_time":"2026-02-20T10:12:31+00:00","og_image":[{"width":512,"height":512,"url":"https:\/\/store-it.eu\/wp-content\/uploads\/2025\/07\/StoreIT_Favicon.png","type":"image\/png"}],"twitter_card":"summary_large_image","twitter_misc":{"Dur\u00e9e de lecture estim\u00e9e":"5 minutes"},"schema":{"@context":"https:\/\/schema.org","@graph":[{"@type":"WebPage","@id":"https:\/\/store-it.eu\/fr\/politique-de-confidentialite\/","url":"https:\/\/store-it.eu\/fr\/politique-de-confidentialite\/","name":"Politique de confidentialit\u00e9 &#8211; Store-IT","isPartOf":{"@id":"https:\/\/store-it.eu\/fr\/#website"},"datePublished":"2025-03-27T08:24:08+00:00","dateModified":"2026-02-20T10:12:31+00:00","breadcrumb":{"@id":"https:\/\/store-it.eu\/fr\/politique-de-confidentialite\/#breadcrumb"},"inLanguage":"fr-FR","potentialAction":[{"@type":"ReadAction","target":["https:\/\/store-it.eu\/fr\/politique-de-confidentialite\/"]}]},{"@type":"BreadcrumbList","@id":"https:\/\/store-it.eu\/fr\/politique-de-confidentialite\/#breadcrumb","itemListElement":[{"@type":"ListItem","position":1,"name":"Home","item":"https:\/\/store-it.eu\/fr\/"},{"@type":"ListItem","position":2,"name":"Politique de confidentialit\u00e9"}]},{"@type":"WebSite","@id":"https:\/\/store-it.eu\/fr\/#website","url":"https:\/\/store-it.eu\/fr\/","name":"Store-IT","description":"Specialist in self storage management software","publisher":{"@id":"https:\/\/store-it.eu\/fr\/#organization"},"potentialAction":[{"@type":"SearchAction","target":{"@type":"EntryPoint","urlTemplate":"https:\/\/store-it.eu\/fr\/?s={search_term_string}"},"query-input":{"@type":"PropertyValueSpecification","valueRequired":true,"valueName":"search_term_string"}}],"inLanguage":"fr-FR"},{"@type":"Organization","@id":"https:\/\/store-it.eu\/fr\/#organization","name":"Store-IT","url":"https:\/\/store-it.eu\/fr\/","logo":{"@type":"ImageObject","inLanguage":"fr-FR","@id":"https:\/\/store-it.eu\/fr\/#\/schema\/logo\/image\/","url":"https:\/\/store-it.eu\/wp-content\/uploads\/2025\/07\/StoreIT_Favicon.png","contentUrl":"https:\/\/store-it.eu\/wp-content\/uploads\/2025\/07\/StoreIT_Favicon.png","width":512,"height":512,"caption":"Store-IT"},"image":{"@id":"https:\/\/store-it.eu\/fr\/#\/schema\/logo\/image\/"}}]}},"_links":{"self":[{"href":"https:\/\/store-it.eu\/fr\/wp-json\/wp\/v2\/pages\/1349","targetHints":{"allow":["GET"]}}],"collection":[{"href":"https:\/\/store-it.eu\/fr\/wp-json\/wp\/v2\/pages"}],"about":[{"href":"https:\/\/store-it.eu\/fr\/wp-json\/wp\/v2\/types\/page"}],"author":[{"embeddable":true,"href":"https:\/\/store-it.eu\/fr\/wp-json\/wp\/v2\/users\/1"}],"replies":[{"embeddable":true,"href":"https:\/\/store-it.eu\/fr\/wp-json\/wp\/v2\/comments?post=1349"}],"version-history":[{"count":2,"href":"https:\/\/store-it.eu\/fr\/wp-json\/wp\/v2\/pages\/1349\/revisions"}],"predecessor-version":[{"id":2179,"href":"https:\/\/store-it.eu\/fr\/wp-json\/wp\/v2\/pages\/1349\/revisions\/2179"}],"wp:attachment":[{"href":"https:\/\/store-it.eu\/fr\/wp-json\/wp\/v2\/media?parent=1349"}],"curies":[{"name":"wp","href":"https:\/\/api.w.org\/{rel}","templated":true}]}}