{"id":1343,"date":"2025-07-02T08:41:28","date_gmt":"2025-07-02T06:41:28","guid":{"rendered":"https:\/\/store-it.dev001.booom.digital\/?page_id=1343"},"modified":"2026-04-20T13:43:17","modified_gmt":"2026-04-20T11:43:17","slug":"chi-siamo","status":"publish","type":"page","link":"https:\/\/store-it.eu\/it\/chi-siamo\/","title":{"rendered":"Chi siamo"},"content":{"rendered":"\n<div class=\"wp-block-group alignfull is-style-hero-container has-global-padding is-layout-constrained wp-block-group-is-layout-constrained\">\n<div class=\"wp-block-group alignfull is-style-hexagon has-background has-global-padding is-layout-constrained wp-block-group-is-layout-constrained\" style=\"border-radius:25px;background:linear-gradient(180deg,rgb(28,14,60) 1%,rgb(192,132,252) 100%);padding-top:var(--wp--preset--spacing--xxxxxxxxxl);padding-bottom:0\">\n<div class=\"wp-block-columns alignwide are-vertically-aligned-center is-layout-flex wp-container-core-columns-is-layout-39df6aaa wp-block-columns-is-layout-flex\" style=\"padding-top:var(--wp--preset--spacing--xxxxxxxxl);padding-bottom:var(--wp--preset--spacing--xxxxxxxxl)\">\n<div class=\"wp-block-column is-vertically-aligned-center is-layout-flow wp-block-column-is-layout-flow\">\n<div class=\"wp-block-group alignwide is-vertical is-layout-flex wp-container-core-group-is-layout-fe9cc265 wp-block-group-is-layout-flex\">\n<div class=\"wp-block-group alignwide has-global-padding is-content-justification-left is-layout-constrained wp-container-core-group-is-layout-b498b38b wp-block-group-is-layout-constrained\">\n<h1 class=\"wp-block-heading alignwide has-base-color has-text-color has-link-color wp-elements-4bbc10c10556f200beab2da3ecc58cc6\" style=\"margin-bottom:var(--wp--preset--spacing--md)\">Store-IT<\/h1>\n<\/div>\n\n\n\n<div class=\"wp-block-group has-base-color has-text-color has-link-color wp-elements-b16ba396c5d66aaeacea629ff85e33d8 has-global-padding is-layout-constrained wp-container-core-group-is-layout-7a1064c7 wp-block-group-is-layout-constrained\">\n<h2 class=\"wp-block-heading has-xxxl-font-size\">Oltre 25 anni di innovazione nel software per il self-storage.<\/h2>\n\n\n\n<p>Dal 2000, Store-IT \u00e8 specializzata in software per la gestione di magazzini self-storage. Con il nostro software, aiutiamo gli operatori di oltre 18 paesi a gestire in modo efficiente le proprie strutture di self-storage. Il software Store-IT \u00e8 disponibile in 8 lingue ed \u00e8 completamente basato sul cloud, garantendoti l&#8217;accesso ai dati aziendali sempre e ovunque.  <\/p>\n\n\n\n<div class=\"wp-block-buttons is-layout-flex wp-block-buttons-is-layout-flex\" style=\"margin-top:var(--wp--preset--spacing--xxxxl)\">\n<div class=\"wp-block-button\"><a class=\"wp-block-button__link has-border-color has-secondary-border-color wp-element-button\" href=\"https:\/\/store-it.eu\/it\/prenota-una-demo\/\">Prenota una demo<\/a><\/div>\n\n\n\n<div class=\"wp-block-button is-style-outline is-style-outline--1\"><a class=\"wp-block-button__link has-border-color has-base-border-color wp-element-button\" href=\"https:\/\/store-it.eu\/it\/i-nostri-clienti\/\">I nostri clienti<\/a><\/div>\n<\/div>\n<\/div>\n<\/div>\n<\/div>\n\n\n\n<div class=\"wp-block-column is-vertically-aligned-center is-layout-flow wp-block-column-is-layout-flow\">\n<figure style=\"\" class=\"wp-block-image size-large\"><img loading=\"lazy\" decoding=\"async\" width=\"1024\" height=\"683\" src=\"https:\/\/store-it.eu\/wp-content\/uploads\/2025\/12\/KANTOOR_6-1024x683.jpg\" alt=\"\" class=\"wp-image-1949\" style=\"aspect-ratio:4\/3;object-fit:cover\" srcset=\"https:\/\/store-it.eu\/wp-content\/uploads\/2025\/12\/KANTOOR_6-1024x683.jpg 1024w, https:\/\/store-it.eu\/wp-content\/uploads\/2025\/12\/KANTOOR_6-300x200.jpg 300w, https:\/\/store-it.eu\/wp-content\/uploads\/2025\/12\/KANTOOR_6-768x512.jpg 768w, https:\/\/store-it.eu\/wp-content\/uploads\/2025\/12\/KANTOOR_6-1536x1024.jpg 1536w, https:\/\/store-it.eu\/wp-content\/uploads\/2025\/12\/KANTOOR_6-2048x1365.jpg 2048w\" sizes=\"auto, (max-width: 1024px) 100vw, 1024px\" \/><\/figure>\n<\/div>\n<\/div>\n<\/div>\n<\/div>\n\n<div style=\"height:var(--wp--preset--spacing--xxxxxxxxxl)\" aria-hidden=\"true\" class=\"wp-block-spacer\"><\/div>\n\n<div class=\"wp-block-group alignwide has-global-padding is-layout-constrained wp-block-group-is-layout-constrained\">\n<div class=\"wp-block-columns alignfull is-layout-flex wp-container-core-columns-is-layout-0f3d37db wp-block-columns-is-layout-flex\">\n<div class=\"wp-block-column is-vertically-aligned-top is-layout-flow wp-block-column-is-layout-flow\">\n<figure style=\"\" class=\"wp-block-image size-large\"><img loading=\"lazy\" decoding=\"async\" width=\"1024\" height=\"683\" src=\"https:\/\/store-it.eu\/wp-content\/uploads\/2025\/12\/PROGRAMMEREN_2-1024x683.jpg\" alt=\"\" class=\"wp-image-1964\" style=\"aspect-ratio:4\/3;object-fit:cover\" srcset=\"https:\/\/store-it.eu\/wp-content\/uploads\/2025\/12\/PROGRAMMEREN_2-1024x683.jpg 1024w, https:\/\/store-it.eu\/wp-content\/uploads\/2025\/12\/PROGRAMMEREN_2-300x200.jpg 300w, https:\/\/store-it.eu\/wp-content\/uploads\/2025\/12\/PROGRAMMEREN_2-768x512.jpg 768w, https:\/\/store-it.eu\/wp-content\/uploads\/2025\/12\/PROGRAMMEREN_2-1536x1024.jpg 1536w, https:\/\/store-it.eu\/wp-content\/uploads\/2025\/12\/PROGRAMMEREN_2-2048x1365.jpg 2048w\" sizes=\"auto, (max-width: 1024px) 100vw, 1024px\" \/><\/figure>\n<\/div>\n\n\n\n<div class=\"wp-block-column is-vertically-aligned-top is-layout-flow wp-block-column-is-layout-flow\">\n<h2 class=\"wp-block-heading\">La potenza del nostro software<\/h2>\n\n\n\n<p>Tutto inizia con un&#8217;integrazione senza intoppi. Il software Store-IT pu\u00f2 essere integrato in diversi modi. <\/p>\n\n\n\n<ul style=\"padding-right:0;padding-left:0\" class=\"wp-block-list is-style-usp-list\">\n<li>Integrazione completa con il tuo sito web per prenotazioni online e portale clienti (tramite API REST o modulo di prenotazione standard).<\/li>\n\n\n\n<li>Integrazione con software di terze parti come sistemi di controllo accessi, programmi di contabilit\u00e0, fornitori di servizi di pagamento e molto altro.<\/li>\n\n\n\n<li>Store-IT continua a essere sviluppato in base alle vostre esigenze. Programmiamo anche funzionalit\u00e0 personalizzate per voi. <\/li>\n<\/ul>\n<\/div>\n<\/div>\n<\/div>\n\n<div style=\"height:var(--wp--preset--spacing--xxxxxxxxxl)\" aria-hidden=\"true\" class=\"wp-block-spacer\"><\/div>\n\n<div class=\"wp-block-group alignwide has-global-padding is-layout-constrained wp-block-group-is-layout-constrained\">\n<div class=\"wp-block-columns alignfull is-layout-flex wp-container-core-columns-is-layout-0f3d37db wp-block-columns-is-layout-flex\">\n<div class=\"wp-block-column is-vertically-aligned-top is-layout-flow wp-block-column-is-layout-flow\">\n<h2 class=\"wp-block-heading\">Ci\u00f2 che ci spinge<\/h2>\n\n\n\n<p>La nostra missione \u00e8 supportare le aziende di self-storage nell&#8217;ottimizzazione dei processi e nell&#8217;aumento della soddisfazione del cliente. Crediamo nell&#8217;offrire software affidabili, sicuri e intuitivi che si integrino perfettamente con i sistemi esistenti, come i sistemi di controllo accessi, i programmi di contabilit\u00e0 e i fornitori di servizi di pagamento. <\/p>\n\n\n\n<ul style=\"padding-right:0;padding-left:0\" class=\"wp-block-list is-style-usp-list\">\n<li>Affidabilit\u00e0: certificazione ISO 27001 per la massima sicurezza dei dati.<\/li>\n\n\n\n<li>Facilit\u00e0 d&#8217;uso: interfacce intuitive e automazione delle attivit\u00e0 ripetitive.<\/li>\n\n\n\n<li>Flessibilit\u00e0: Integrazioni tramite API REST con diversi sistemi esterni.<\/li>\n\n\n\n<li>Assistenza: Assistenza gratuita illimitata con un approccio personalizzato.<\/li>\n<\/ul>\n<\/div>\n\n\n\n<div class=\"wp-block-column is-vertically-aligned-top is-layout-flow wp-block-column-is-layout-flow\">\n<figure style=\"\" class=\"wp-block-image size-large\"><img loading=\"lazy\" decoding=\"async\" width=\"1024\" height=\"683\" src=\"https:\/\/store-it.eu\/wp-content\/uploads\/2025\/12\/KANTOOR_3-1024x683.jpg\" alt=\"\" class=\"wp-image-1939\" style=\"aspect-ratio:4\/3;object-fit:cover\" srcset=\"https:\/\/store-it.eu\/wp-content\/uploads\/2025\/12\/KANTOOR_3-1024x683.jpg 1024w, https:\/\/store-it.eu\/wp-content\/uploads\/2025\/12\/KANTOOR_3-300x200.jpg 300w, https:\/\/store-it.eu\/wp-content\/uploads\/2025\/12\/KANTOOR_3-768x512.jpg 768w, https:\/\/store-it.eu\/wp-content\/uploads\/2025\/12\/KANTOOR_3-1536x1024.jpg 1536w, https:\/\/store-it.eu\/wp-content\/uploads\/2025\/12\/KANTOOR_3-2048x1365.jpg 2048w\" sizes=\"auto, (max-width: 1024px) 100vw, 1024px\" \/><\/figure>\n<\/div>\n<\/div>\n<\/div>\n\n<div style=\"height:var(--wp--preset--spacing--xxxxxxxxxl)\" aria-hidden=\"true\" class=\"wp-block-spacer\"><\/div>\n\n<div class=\"wp-block-group alignwide has-global-padding is-layout-constrained wp-block-group-is-layout-constrained\">\n<div class=\"wp-block-group alignfull has-border-color has-primary-border-color has-tertiary-opacity-background-color has-background has-global-padding is-layout-constrained wp-container-core-group-is-layout-f9e58c4a wp-block-group-is-layout-constrained\" style=\"border-width:1px;border-radius:20px;padding-top:var(--wp--preset--spacing--xxxxxxxl);padding-right:var(--wp--preset--spacing--xxxxxl);padding-bottom:var(--wp--preset--spacing--xxxxxxxl);padding-left:var(--wp--preset--spacing--xxxxxl)\">\n<div class=\"wp-block-columns alignwide is-layout-flex wp-container-core-columns-is-layout-0f3d37db wp-block-columns-is-layout-flex\">\n<div class=\"wp-block-column is-layout-flow wp-block-column-is-layout-flow\">\n<figure style=\"\" class=\"wp-block-image size-large\"><img loading=\"lazy\" decoding=\"async\" width=\"1024\" height=\"683\" src=\"https:\/\/store-it.eu\/wp-content\/uploads\/2025\/12\/KANTOOR_5-1024x683.jpg\" alt=\"\" class=\"wp-image-1944\" style=\"aspect-ratio:4\/3;object-fit:cover\" srcset=\"https:\/\/store-it.eu\/wp-content\/uploads\/2025\/12\/KANTOOR_5-1024x683.jpg 1024w, https:\/\/store-it.eu\/wp-content\/uploads\/2025\/12\/KANTOOR_5-300x200.jpg 300w, https:\/\/store-it.eu\/wp-content\/uploads\/2025\/12\/KANTOOR_5-768x512.jpg 768w, https:\/\/store-it.eu\/wp-content\/uploads\/2025\/12\/KANTOOR_5-1536x1024.jpg 1536w, https:\/\/store-it.eu\/wp-content\/uploads\/2025\/12\/KANTOOR_5-2048x1365.jpg 2048w\" sizes=\"auto, (max-width: 1024px) 100vw, 1024px\" \/><\/figure>\n<\/div>\n\n\n\n<div class=\"wp-block-column is-layout-flow wp-block-column-is-layout-flow\">\n<h2 class=\"wp-block-heading\">I nostri clienti<\/h2>\n\n\n\n<p>Dai piccoli imprenditori locali alle catene internazionali, i nostri clienti apprezzano la praticit\u00e0, la stabilit\u00e0 e la scalabilit\u00e0 di Store365. Siamo orgogliosi delle nostre partnership di lunga data e della fiducia che ripongono in noi.   <a href=\"https:\/\/store-it.eu\/it\/i-nostri-clienti\/\">Qui potete visualizzare una selezione dei clienti che serviamo.<\/a><\/p>\n\n\n\n<h3 class=\"wp-block-heading\">Prenota i contratti con facilit\u00e0<\/h3>\n\n\n\n<p>Continuiamo a investire nell&#8217;innovazione per consentire ai nostri clienti di rimanere all&#8217;avanguardia in un mercato in rapida evoluzione. Pensiamo ad esempio all&#8217;analisi basata sull&#8217;intelligenza artificiale, alla comunicazione automatizzata e all&#8217;ulteriore espansione delle capacit\u00e0 di integrazione. <\/p>\n<\/div>\n<\/div>\n<\/div>\n<\/div>\n\n<div style=\"height:var(--wp--preset--spacing--xxxxxxxxxl)\" aria-hidden=\"true\" class=\"wp-block-spacer\"><\/div>\n","protected":false},"excerpt":{"rendered":"<p>Store-IT Oltre 25 anni di innovazione nel software per il self-storage. Dal 2000, Store-IT \u00e8 specializzata in software per la gestione di magazzini self-storage. Con il nostro software, aiutiamo gli operatori di oltre 18 paesi a gestire in modo efficiente le proprie strutture di self-storage. Il software Store-IT \u00e8 disponibile in 8 lingue ed \u00e8 [&hellip;]<\/p>\n","protected":false},"author":1,"featured_media":0,"parent":0,"menu_order":41,"comment_status":"closed","ping_status":"closed","template":"","meta":{"_acf_changed":false,"footnotes":""},"class_list":["post-1343","page","type-page","status-publish","hentry"],"acf":[],"yoast_head":"<!-- This site is optimized with the Yoast SEO plugin v27.4 - https:\/\/yoast.com\/product\/yoast-seo-wordpress\/ -->\n<title>Chi siamo &#8211; Store-IT<\/title>\n<meta name=\"description\" content=\"Store-IT: specialisti in software per il self-storage da 25 anni. Attivi in \u200b\u200b18 paesi con soluzioni cloud innovative. Scopri la nostra visione!\" \/>\n<meta name=\"robots\" content=\"index, follow, max-snippet:-1, max-image-preview:large, max-video-preview:-1\" \/>\n<link rel=\"canonical\" href=\"https:\/\/store-it.eu\/it\/chi-siamo\/\" \/>\n<meta property=\"og:locale\" content=\"it_IT\" \/>\n<meta property=\"og:type\" content=\"article\" \/>\n<meta property=\"og:title\" content=\"Chi siamo &#8211; Store-IT\" \/>\n<meta property=\"og:description\" content=\"Store-IT: specialisti in software per il self-storage da 25 anni. Attivi in \u200b\u200b18 paesi con soluzioni cloud innovative. Scopri la nostra visione!\" \/>\n<meta property=\"og:url\" content=\"https:\/\/store-it.eu\/it\/chi-siamo\/\" \/>\n<meta property=\"og:site_name\" content=\"Store-IT\" \/>\n<meta property=\"article:modified_time\" content=\"2026-04-20T11:43:17+00:00\" \/>\n<meta property=\"og:image\" content=\"https:\/\/store-it.eu\/wp-content\/uploads\/2025\/12\/KANTOOR_6-scaled.jpg\" \/>\n\t<meta property=\"og:image:width\" content=\"2560\" \/>\n\t<meta property=\"og:image:height\" content=\"1707\" \/>\n\t<meta property=\"og:image:type\" content=\"image\/jpeg\" \/>\n<meta name=\"twitter:card\" content=\"summary_large_image\" \/>\n<meta name=\"twitter:label1\" content=\"Tempo di lettura stimato\" \/>\n\t<meta name=\"twitter:data1\" content=\"2 minuti\" \/>\n<script type=\"application\/ld+json\" class=\"yoast-schema-graph\">{\"@context\":\"https:\\\/\\\/schema.org\",\"@graph\":[{\"@type\":\"WebPage\",\"@id\":\"https:\\\/\\\/store-it.eu\\\/it\\\/chi-siamo\\\/\",\"url\":\"https:\\\/\\\/store-it.eu\\\/it\\\/chi-siamo\\\/\",\"name\":\"Chi siamo &#8211; Store-IT\",\"isPartOf\":{\"@id\":\"https:\\\/\\\/store-it.eu\\\/it\\\/#website\"},\"primaryImageOfPage\":{\"@id\":\"https:\\\/\\\/store-it.eu\\\/it\\\/chi-siamo\\\/#primaryimage\"},\"image\":{\"@id\":\"https:\\\/\\\/store-it.eu\\\/it\\\/chi-siamo\\\/#primaryimage\"},\"thumbnailUrl\":\"https:\\\/\\\/store-it.eu\\\/wp-content\\\/uploads\\\/2025\\\/12\\\/KANTOOR_6-1024x683.jpg\",\"datePublished\":\"2025-07-02T06:41:28+00:00\",\"dateModified\":\"2026-04-20T11:43:17+00:00\",\"description\":\"Store-IT: specialisti in software per il self-storage da 25 anni. Attivi in \u200b\u200b18 paesi con soluzioni cloud innovative. Scopri la nostra visione!\",\"breadcrumb\":{\"@id\":\"https:\\\/\\\/store-it.eu\\\/it\\\/chi-siamo\\\/#breadcrumb\"},\"inLanguage\":\"it-IT\",\"potentialAction\":[{\"@type\":\"ReadAction\",\"target\":[\"https:\\\/\\\/store-it.eu\\\/it\\\/chi-siamo\\\/\"]}]},{\"@type\":\"ImageObject\",\"inLanguage\":\"it-IT\",\"@id\":\"https:\\\/\\\/store-it.eu\\\/it\\\/chi-siamo\\\/#primaryimage\",\"url\":\"https:\\\/\\\/store-it.eu\\\/wp-content\\\/uploads\\\/2025\\\/12\\\/KANTOOR_6-1024x683.jpg\",\"contentUrl\":\"https:\\\/\\\/store-it.eu\\\/wp-content\\\/uploads\\\/2025\\\/12\\\/KANTOOR_6-1024x683.jpg\"},{\"@type\":\"BreadcrumbList\",\"@id\":\"https:\\\/\\\/store-it.eu\\\/it\\\/chi-siamo\\\/#breadcrumb\",\"itemListElement\":[{\"@type\":\"ListItem\",\"position\":1,\"name\":\"Home\",\"item\":\"https:\\\/\\\/store-it.eu\\\/it\\\/\"},{\"@type\":\"ListItem\",\"position\":2,\"name\":\"Chi siamo\"}]},{\"@type\":\"WebSite\",\"@id\":\"https:\\\/\\\/store-it.eu\\\/it\\\/#website\",\"url\":\"https:\\\/\\\/store-it.eu\\\/it\\\/\",\"name\":\"Store-IT\",\"description\":\"Specialist in self storage management software\",\"publisher\":{\"@id\":\"https:\\\/\\\/store-it.eu\\\/it\\\/#organization\"},\"potentialAction\":[{\"@type\":\"SearchAction\",\"target\":{\"@type\":\"EntryPoint\",\"urlTemplate\":\"https:\\\/\\\/store-it.eu\\\/it\\\/?s={search_term_string}\"},\"query-input\":{\"@type\":\"PropertyValueSpecification\",\"valueRequired\":true,\"valueName\":\"search_term_string\"}}],\"inLanguage\":\"it-IT\"},{\"@type\":\"Organization\",\"@id\":\"https:\\\/\\\/store-it.eu\\\/it\\\/#organization\",\"name\":\"Store-IT\",\"url\":\"https:\\\/\\\/store-it.eu\\\/it\\\/\",\"logo\":{\"@type\":\"ImageObject\",\"inLanguage\":\"it-IT\",\"@id\":\"https:\\\/\\\/store-it.eu\\\/it\\\/#\\\/schema\\\/logo\\\/image\\\/\",\"url\":\"https:\\\/\\\/store-it.eu\\\/wp-content\\\/uploads\\\/2025\\\/07\\\/StoreIT_Favicon.png\",\"contentUrl\":\"https:\\\/\\\/store-it.eu\\\/wp-content\\\/uploads\\\/2025\\\/07\\\/StoreIT_Favicon.png\",\"width\":512,\"height\":512,\"caption\":\"Store-IT\"},\"image\":{\"@id\":\"https:\\\/\\\/store-it.eu\\\/it\\\/#\\\/schema\\\/logo\\\/image\\\/\"}}]}<\/script>\n<!-- \/ Yoast SEO plugin. -->","yoast_head_json":{"title":"Chi siamo &#8211; Store-IT","description":"Store-IT: specialisti in software per il self-storage da 25 anni. Attivi in \u200b\u200b18 paesi con soluzioni cloud innovative. Scopri la nostra visione!","robots":{"index":"index","follow":"follow","max-snippet":"max-snippet:-1","max-image-preview":"max-image-preview:large","max-video-preview":"max-video-preview:-1"},"canonical":"https:\/\/store-it.eu\/it\/chi-siamo\/","og_locale":"it_IT","og_type":"article","og_title":"Chi siamo &#8211; Store-IT","og_description":"Store-IT: specialisti in software per il self-storage da 25 anni. Attivi in \u200b\u200b18 paesi con soluzioni cloud innovative. Scopri la nostra visione!","og_url":"https:\/\/store-it.eu\/it\/chi-siamo\/","og_site_name":"Store-IT","article_modified_time":"2026-04-20T11:43:17+00:00","og_image":[{"width":2560,"height":1707,"url":"https:\/\/store-it.eu\/wp-content\/uploads\/2025\/12\/KANTOOR_6-scaled.jpg","type":"image\/jpeg"}],"twitter_card":"summary_large_image","twitter_misc":{"Tempo di lettura stimato":"2 minuti"},"schema":{"@context":"https:\/\/schema.org","@graph":[{"@type":"WebPage","@id":"https:\/\/store-it.eu\/it\/chi-siamo\/","url":"https:\/\/store-it.eu\/it\/chi-siamo\/","name":"Chi siamo &#8211; Store-IT","isPartOf":{"@id":"https:\/\/store-it.eu\/it\/#website"},"primaryImageOfPage":{"@id":"https:\/\/store-it.eu\/it\/chi-siamo\/#primaryimage"},"image":{"@id":"https:\/\/store-it.eu\/it\/chi-siamo\/#primaryimage"},"thumbnailUrl":"https:\/\/store-it.eu\/wp-content\/uploads\/2025\/12\/KANTOOR_6-1024x683.jpg","datePublished":"2025-07-02T06:41:28+00:00","dateModified":"2026-04-20T11:43:17+00:00","description":"Store-IT: specialisti in software per il self-storage da 25 anni. Attivi in \u200b\u200b18 paesi con soluzioni cloud innovative. Scopri la nostra visione!","breadcrumb":{"@id":"https:\/\/store-it.eu\/it\/chi-siamo\/#breadcrumb"},"inLanguage":"it-IT","potentialAction":[{"@type":"ReadAction","target":["https:\/\/store-it.eu\/it\/chi-siamo\/"]}]},{"@type":"ImageObject","inLanguage":"it-IT","@id":"https:\/\/store-it.eu\/it\/chi-siamo\/#primaryimage","url":"https:\/\/store-it.eu\/wp-content\/uploads\/2025\/12\/KANTOOR_6-1024x683.jpg","contentUrl":"https:\/\/store-it.eu\/wp-content\/uploads\/2025\/12\/KANTOOR_6-1024x683.jpg"},{"@type":"BreadcrumbList","@id":"https:\/\/store-it.eu\/it\/chi-siamo\/#breadcrumb","itemListElement":[{"@type":"ListItem","position":1,"name":"Home","item":"https:\/\/store-it.eu\/it\/"},{"@type":"ListItem","position":2,"name":"Chi siamo"}]},{"@type":"WebSite","@id":"https:\/\/store-it.eu\/it\/#website","url":"https:\/\/store-it.eu\/it\/","name":"Store-IT","description":"Specialist in self storage management software","publisher":{"@id":"https:\/\/store-it.eu\/it\/#organization"},"potentialAction":[{"@type":"SearchAction","target":{"@type":"EntryPoint","urlTemplate":"https:\/\/store-it.eu\/it\/?s={search_term_string}"},"query-input":{"@type":"PropertyValueSpecification","valueRequired":true,"valueName":"search_term_string"}}],"inLanguage":"it-IT"},{"@type":"Organization","@id":"https:\/\/store-it.eu\/it\/#organization","name":"Store-IT","url":"https:\/\/store-it.eu\/it\/","logo":{"@type":"ImageObject","inLanguage":"it-IT","@id":"https:\/\/store-it.eu\/it\/#\/schema\/logo\/image\/","url":"https:\/\/store-it.eu\/wp-content\/uploads\/2025\/07\/StoreIT_Favicon.png","contentUrl":"https:\/\/store-it.eu\/wp-content\/uploads\/2025\/07\/StoreIT_Favicon.png","width":512,"height":512,"caption":"Store-IT"},"image":{"@id":"https:\/\/store-it.eu\/it\/#\/schema\/logo\/image\/"}}]}},"_links":{"self":[{"href":"https:\/\/store-it.eu\/it\/wp-json\/wp\/v2\/pages\/1343","targetHints":{"allow":["GET"]}}],"collection":[{"href":"https:\/\/store-it.eu\/it\/wp-json\/wp\/v2\/pages"}],"about":[{"href":"https:\/\/store-it.eu\/it\/wp-json\/wp\/v2\/types\/page"}],"author":[{"embeddable":true,"href":"https:\/\/store-it.eu\/it\/wp-json\/wp\/v2\/users\/1"}],"replies":[{"embeddable":true,"href":"https:\/\/store-it.eu\/it\/wp-json\/wp\/v2\/comments?post=1343"}],"version-history":[{"count":5,"href":"https:\/\/store-it.eu\/it\/wp-json\/wp\/v2\/pages\/1343\/revisions"}],"predecessor-version":[{"id":2268,"href":"https:\/\/store-it.eu\/it\/wp-json\/wp\/v2\/pages\/1343\/revisions\/2268"}],"wp:attachment":[{"href":"https:\/\/store-it.eu\/it\/wp-json\/wp\/v2\/media?parent=1343"}],"curies":[{"name":"wp","href":"https:\/\/api.w.org\/{rel}","templated":true}]}}