{"id":1351,"date":"2025-03-27T09:24:08","date_gmt":"2025-03-27T08:24:08","guid":{"rendered":"https:\/\/store-it.dev001.booom.digital\/?page_id=1351"},"modified":"2026-02-20T11:05:27","modified_gmt":"2026-02-20T10:05:27","slug":"politica-sulla-riservatezza","status":"publish","type":"page","link":"https:\/\/store-it.eu\/it\/politica-sulla-riservatezza\/","title":{"rendered":"Politica sulla riservatezza"},"content":{"rendered":"\n<div class=\"wp-block-group alignfull is-style-hero-container has-global-padding is-layout-constrained wp-block-group-is-layout-constrained\">\n<div class=\"wp-block-group alignfull is-style-hexagon has-background has-global-padding is-layout-constrained wp-block-group-is-layout-constrained\" style=\"border-radius:25px;background:linear-gradient(180deg,rgb(28,14,60) 1%,rgb(192,132,252) 100%);padding-top:var(--wp--preset--spacing--xxxxxxxxxl);padding-bottom:0\">\n<div class=\"wp-block-columns alignwide are-vertically-aligned-center is-layout-flex wp-container-core-columns-is-layout-39df6aaa wp-block-columns-is-layout-flex\" style=\"padding-top:var(--wp--preset--spacing--xxxxxxxxl);padding-bottom:var(--wp--preset--spacing--xxxxxxxxl)\">\n<div class=\"wp-block-column is-vertically-aligned-center is-layout-flow wp-block-column-is-layout-flow\">\n<div class=\"wp-block-group alignwide is-vertical is-layout-flex wp-container-core-group-is-layout-fe9cc265 wp-block-group-is-layout-flex\">\n<div class=\"wp-block-group alignwide has-global-padding is-content-justification-left is-layout-constrained wp-container-core-group-is-layout-b498b38b wp-block-group-is-layout-constrained\"><h1 class=\"has-link-color wp-elements-1f73820135701125b82a0d4162906c6e wp-block-post-title has-text-color has-base-color\">Politica sulla riservatezza<\/h1>\n\n\n<p class=\"has-secondary-color has-text-color has-link-color wp-elements-269f8b478627f44ebaf0ae97a4adbc97\">Ultimo aggiornamento: luglio 2025<\/p>\n\n\n\n<div class=\"wp-block-buttons is-layout-flex wp-block-buttons-is-layout-flex\">\n<div class=\"wp-block-button\"><a class=\"wp-block-button__link wp-element-button\" href=\"https:\/\/store-it.eu\/wp-content\/uploads\/2026\/02\/Informativa-sulla-Privacy_Store-IT_IT.pdf\" style=\"border-style:none;border-width:0px\">Download PDF<\/a><\/div>\n<\/div>\n<\/div>\n<\/div>\n<\/div>\n<\/div>\n<\/div>\n<\/div>\n\n\n\n<div class=\"wp-block-group alignfull has-global-padding is-layout-constrained wp-container-core-group-is-layout-abf79aa3 wp-block-group-is-layout-constrained\" style=\"padding-top:var(--wp--preset--spacing--xxxxxxxxxl);padding-bottom:var(--wp--preset--spacing--xxxxxxxxxl)\">\n<div class=\"wp-block-group alignwide is-layout-flow wp-block-group-is-layout-flow\">\n<p>Uniserve, che opera con il nome commerciale Store-IT, con sede in Korte Hogendijk 14, 1506 MA Zaandam, \u00e8 responsabile del trattamento dei dati personali come descritto nella presente informativa sulla privacy.<\/p>\n\n\n\n<h2 class=\"wp-block-heading\">Dati di contatto<\/h2>\n\n\n\n<p>www.store-it.eu<br>Korte Hogendijk 14<br>1506 MA Zaandam<br>+31 (0)75 &#8211; 64 72 130<\/p>\n<\/div>\n\n\n\n<div class=\"wp-block-group alignwide is-layout-flow wp-block-group-is-layout-flow\">\n<h2 class=\"wp-block-heading\">Dati personali trattati da Store-IT<\/h2>\n\n\n\n<p>Store-IT tratta i Suoi dati personali in quanto Lei utilizza i nostri servizi e\/o perch\u00e9 ci fornisce tali dati tramite il nostro sito web. Di seguito trova una panoramica dei dati personali che trattiamo:<\/p>\n\n\n\n<ul class=\"wp-block-list\">\n<li>Numero di telefono<\/li>\n\n\n\n<li>Indirizzo e-mail<\/li>\n\n\n\n<li>Indirizzo IP<\/li>\n<\/ul>\n<\/div>\n\n\n\n<div class=\"wp-block-group alignwide is-layout-flow wp-block-group-is-layout-flow\">\n<h2 class=\"wp-block-heading\">Dati personali particolari e\/o sensibili<\/h2>\n\n\n\n<p>Il nostro sito web e\/o i nostri servizi non sono destinati a raccogliere dati relativi a visitatori di et\u00e0 inferiore ai 16 anni, salvo che abbiano il consenso dei genitori o dei tutori legali. Tuttavia, non possiamo verificare se un visitatore abbia pi\u00f9 di 16 anni. Raccomandiamo pertanto ai genitori di monitorare le attivit\u00e0 online dei propri figli per evitare che vengano raccolti dati senza il consenso genitoriale. Se ritiene che abbiamo raccolto dati personali di un minore senza tale consenso, La preghiamo di contattarci all\u2019indirizzo support@store-it.eu e provvederemo a cancellare tali informazioni.<\/p>\n<\/div>\n\n\n\n<div class=\"wp-block-group alignwide is-layout-flow wp-block-group-is-layout-flow\">\n<h2 class=\"wp-block-heading\">Finalit\u00e0 del trattamento dei dati personali<\/h2>\n\n\n\n<p>Store-IT tratta i Suoi dati personali per le seguenti finalit\u00e0:<\/p>\n\n\n\n<p>ContattarLa telefonicamente o via e-mail in risposta alla Sua richiesta<\/p>\n\n\n\n<p>ContattarLa telefonicamente o via e-mail qualora ci\u00f2 sia necessario per l\u2019esecuzione dei nostri servizi<\/p>\n<\/div>\n\n\n\n<div class=\"wp-block-group alignwide is-layout-flow wp-block-group-is-layout-flow\">\n<h2 class=\"wp-block-heading\">Processo decisionale automatizzato<\/h2>\n\n\n\n<p>Store-IT non utilizza processi decisionali automatizzati.<\/p>\n<\/div>\n\n\n\n<div class=\"wp-block-group alignwide is-layout-flow wp-block-group-is-layout-flow\">\n<h2 class=\"wp-block-heading\">Periodo di conservazione dei dati personali<\/h2>\n\n\n\n<p>Store-IT non conserva i Suoi dati personali pi\u00f9 a lungo di quanto strettamente necessario per il conseguimento delle finalit\u00e0 per cui sono stati raccolti:<\/p>\n\n\n\n<p>Dati relativi a una richiesta di informazioni: fino alla completa gestione della richiesta<\/p>\n\n\n\n<p>Dati necessari per l\u2019esecuzione dei nostri servizi: fino a un anno dopo la conclusione dell\u2019incarico<\/p>\n<\/div>\n\n\n\n<div class=\"wp-block-group alignwide is-layout-flow wp-block-group-is-layout-flow\">\n<h2 class=\"wp-block-heading\">Comunicazione dei dati personali a terzi<\/h2>\n\n\n\n<p>Store-IT comunica i dati personali a terzi esclusivamente quando ci\u00f2 sia necessario per l\u2019esecuzione del contratto con Lei o per adempiere a un obbligo di legge.<\/p>\n<\/div>\n\n\n\n<div class=\"wp-block-group alignwide is-layout-flow wp-block-group-is-layout-flow\">\n<h2 class=\"wp-block-heading\">Cookie o tecnologie simili utilizzate da Store-IT<\/h2>\n\n\n\n<p>Store-IT utilizza cookie tecnici e funzionali. Un cookie \u00e8 un piccolo file di testo che viene memorizzato sul Suo computer, tablet o smartphone alla prima visita del sito web. I cookie che utilizziamo sono necessari per il corretto funzionamento tecnico del sito e per la Sua comodit\u00e0 di utilizzo. Garantiscono il corretto funzionamento del sito e, ad esempio, memorizzano le Sue preferenze. Inoltre, ci consentono di ottimizzare il nostro sito web. Pu\u00f2 disattivare i cookie impostando il Suo browser in modo che non memorizzi pi\u00f9 cookie. Inoltre, pu\u00f2 eliminare tutte le informazioni precedentemente salvate tramite le impostazioni del browser.<\/p>\n<\/div>\n\n\n\n<div class=\"wp-block-group alignwide is-layout-flow wp-block-group-is-layout-flow\">\n<h2 class=\"wp-block-heading\">reCAPTCHA<\/h2>\n\n\n\n<p>Store-IT utilizza il servizio reCAPTCHA di Google Inc. (Google) per proteggere il sito web da spam e abusi. Affinch\u00e9 Google reCAPTCHA possa funzionare, vengono raccolti l\u2019indirizzo IP del visitatore, i movimenti del mouse e possibilmente altri dati. Tali informazioni vengono trasmesse a Google e da questa trattate. Analizzando questi dati, Google pu\u00f2 determinare se si tratta di un visitatore reale o di un robot. Per ulteriori informazioni, La invitiamo a consultare l\u2019informativa sulla privacy di Google.<\/p>\n<\/div>\n\n\n\n<div class=\"wp-block-group alignwide is-layout-flow wp-block-group-is-layout-flow\">\n<h2 class=\"wp-block-heading\">Google Analytics<\/h2>\n\n\n\n<p>Store-IT utilizza Google Analytics per ottenere informazioni sull\u2019utilizzo del sito web, cos\u00ec da poter migliorare costantemente design e funzionalit\u00e0. Google Analytics \u00e8 stato configurato nel modo pi\u00f9 rispettoso possibile della privacy. Per ulteriori informazioni, La invitiamo a consultare l\u2019informativa sulla privacy di Google.<\/p>\n<\/div>\n\n\n\n<div class=\"wp-block-group alignwide is-layout-flow wp-block-group-is-layout-flow\">\n<h2 class=\"wp-block-heading\">Accesso, modifica o cancellazione dei dati<\/h2>\n\n\n\n<p>Lei ha il diritto di accedere ai Suoi dati personali, rettificarli o cancellarli. Inoltre, ha il diritto di revocare il consenso eventualmente prestato al trattamento dei dati o di opporsi al trattamento dei Suoi dati personali da parte di Store-IT, nonch\u00e9 il diritto alla portabilit\u00e0 dei dati. Ci\u00f2 significa che pu\u00f2 presentarci una richiesta per ricevere in formato elettronico i dati personali in nostro possesso o per farli trasferire a un\u2019altra organizzazione da Lei indicata.<\/p>\n\n\n\n<p>Pu\u00f2 inviare una richiesta di accesso, rettifica, cancellazione o trasferimento dei Suoi dati personali, oppure una richiesta di revoca del consenso o di opposizione al trattamento, all\u2019indirizzo support@store-it.eu. Per garantire che la richiesta di accesso sia presentata da Lei, Le chiediamo di allegare una copia di un documento di identit\u00e0. In tale copia, oscuri la fotografia, la MRZ (zona a lettura ottica, la striscia con numeri nella parte inferiore del passaporto), il numero di passaporto e il numero di servizio al cittadino (BSN). Questo a tutela della Sua privacy. Risponderemo alla Sua richiesta nel pi\u00f9 breve tempo possibile e comunque entro quattro settimane. Inoltre, desidera informarLa che ha il diritto di presentare un reclamo all\u2019autorit\u00e0 nazionale di controllo, l\u2019Autorit\u00e0 Olandese per la Protezione dei Dati (Autoriteit Persoonsgegevens).<\/p>\n\n\n\n<p>Ci\u00f2 \u00e8 possibile tramite: <a href=\"https:\/\/autoriteitpersoonsgegevens.nl\/nl\/contact-met-de-autoriteit-persoonsgegevens\/tip-ons\">https:\/\/autoriteitpersoonsgegevens.nl\/nl\/contact-met-de-autoriteit-persoonsgegevens\/tip-ons<\/a><\/p>\n<\/div>\n\n\n\n<div class=\"wp-block-group alignwide is-layout-flow wp-block-group-is-layout-flow\">\n<h2 class=\"wp-block-heading\">Come Store-IT protegge i dati personali<\/h2>\n\n\n\n<p>Store-IT prende molto seriamente la protezione dei Suoi dati e adotta misure organizzative e tecniche adeguate per prevenire abusi, perdita, accesso non autorizzato, divulgazione indesiderata e modifiche non autorizzate. Se ritiene che i Suoi dati non siano adeguatamente protetti o vi siano indicazioni di abuso, La preghiamo di contattarci all\u2019indirizzo <a href=\"mailto:support@store-it.eu\">support@store-it.eu<\/a>.<\/p>\n<\/div>\n<\/div>\n","protected":false},"excerpt":{"rendered":"<p>Ultimo aggiornamento: luglio 2025 Uniserve, che opera con il nome commerciale Store-IT, con sede in Korte Hogendijk 14, 1506 MA Zaandam, \u00e8 responsabile del trattamento dei dati personali come descritto nella presente informativa sulla privacy. Dati di contatto www.store-it.euKorte Hogendijk 141506 MA Zaandam+31 (0)75 &#8211; 64 72 130 Dati personali trattati da Store-IT Store-IT tratta [&hellip;]<\/p>\n","protected":false},"author":1,"featured_media":0,"parent":0,"menu_order":45,"comment_status":"closed","ping_status":"closed","template":"","meta":{"_acf_changed":false,"footnotes":""},"class_list":["post-1351","page","type-page","status-publish","hentry"],"acf":[],"yoast_head":"<!-- This site is optimized with the Yoast SEO plugin v27.4 - https:\/\/yoast.com\/product\/yoast-seo-wordpress\/ -->\n<title>Politica sulla riservatezza &#8211; Store-IT<\/title>\n<meta name=\"robots\" content=\"index, follow, max-snippet:-1, max-image-preview:large, max-video-preview:-1\" \/>\n<link rel=\"canonical\" href=\"https:\/\/store-it.eu\/it\/politica-sulla-riservatezza\/\" \/>\n<meta property=\"og:locale\" content=\"it_IT\" \/>\n<meta property=\"og:type\" content=\"article\" \/>\n<meta property=\"og:title\" content=\"Politica sulla riservatezza &#8211; Store-IT\" \/>\n<meta property=\"og:description\" content=\"Ultimo aggiornamento: luglio 2025 Uniserve, che opera con il nome commerciale Store-IT, con sede in Korte Hogendijk 14, 1506 MA Zaandam, \u00e8 responsabile del trattamento dei dati personali come descritto nella presente informativa sulla privacy. Dati di contatto www.store-it.euKorte Hogendijk 141506 MA Zaandam+31 (0)75 &#8211; 64 72 130 Dati personali trattati da Store-IT Store-IT tratta [&hellip;]\" \/>\n<meta property=\"og:url\" content=\"https:\/\/store-it.eu\/it\/politica-sulla-riservatezza\/\" \/>\n<meta property=\"og:site_name\" content=\"Store-IT\" \/>\n<meta property=\"article:modified_time\" content=\"2026-02-20T10:05:27+00:00\" \/>\n<meta property=\"og:image\" content=\"https:\/\/store-it.eu\/wp-content\/uploads\/2025\/07\/StoreIT_Favicon.png\" \/>\n\t<meta property=\"og:image:width\" content=\"512\" \/>\n\t<meta property=\"og:image:height\" content=\"512\" \/>\n\t<meta property=\"og:image:type\" content=\"image\/png\" \/>\n<meta name=\"twitter:card\" content=\"summary_large_image\" \/>\n<meta name=\"twitter:label1\" content=\"Tempo di lettura stimato\" \/>\n\t<meta name=\"twitter:data1\" content=\"5 minuti\" \/>\n<script type=\"application\/ld+json\" class=\"yoast-schema-graph\">{\"@context\":\"https:\\\/\\\/schema.org\",\"@graph\":[{\"@type\":\"WebPage\",\"@id\":\"https:\\\/\\\/store-it.eu\\\/it\\\/politica-sulla-riservatezza\\\/\",\"url\":\"https:\\\/\\\/store-it.eu\\\/it\\\/politica-sulla-riservatezza\\\/\",\"name\":\"Politica sulla riservatezza &#8211; Store-IT\",\"isPartOf\":{\"@id\":\"https:\\\/\\\/store-it.eu\\\/it\\\/#website\"},\"datePublished\":\"2025-03-27T08:24:08+00:00\",\"dateModified\":\"2026-02-20T10:05:27+00:00\",\"breadcrumb\":{\"@id\":\"https:\\\/\\\/store-it.eu\\\/it\\\/politica-sulla-riservatezza\\\/#breadcrumb\"},\"inLanguage\":\"it-IT\",\"potentialAction\":[{\"@type\":\"ReadAction\",\"target\":[\"https:\\\/\\\/store-it.eu\\\/it\\\/politica-sulla-riservatezza\\\/\"]}]},{\"@type\":\"BreadcrumbList\",\"@id\":\"https:\\\/\\\/store-it.eu\\\/it\\\/politica-sulla-riservatezza\\\/#breadcrumb\",\"itemListElement\":[{\"@type\":\"ListItem\",\"position\":1,\"name\":\"Home\",\"item\":\"https:\\\/\\\/store-it.eu\\\/it\\\/\"},{\"@type\":\"ListItem\",\"position\":2,\"name\":\"Politica sulla riservatezza\"}]},{\"@type\":\"WebSite\",\"@id\":\"https:\\\/\\\/store-it.eu\\\/it\\\/#website\",\"url\":\"https:\\\/\\\/store-it.eu\\\/it\\\/\",\"name\":\"Store-IT\",\"description\":\"Specialist in self storage management software\",\"publisher\":{\"@id\":\"https:\\\/\\\/store-it.eu\\\/it\\\/#organization\"},\"potentialAction\":[{\"@type\":\"SearchAction\",\"target\":{\"@type\":\"EntryPoint\",\"urlTemplate\":\"https:\\\/\\\/store-it.eu\\\/it\\\/?s={search_term_string}\"},\"query-input\":{\"@type\":\"PropertyValueSpecification\",\"valueRequired\":true,\"valueName\":\"search_term_string\"}}],\"inLanguage\":\"it-IT\"},{\"@type\":\"Organization\",\"@id\":\"https:\\\/\\\/store-it.eu\\\/it\\\/#organization\",\"name\":\"Store-IT\",\"url\":\"https:\\\/\\\/store-it.eu\\\/it\\\/\",\"logo\":{\"@type\":\"ImageObject\",\"inLanguage\":\"it-IT\",\"@id\":\"https:\\\/\\\/store-it.eu\\\/it\\\/#\\\/schema\\\/logo\\\/image\\\/\",\"url\":\"https:\\\/\\\/store-it.eu\\\/wp-content\\\/uploads\\\/2025\\\/07\\\/StoreIT_Favicon.png\",\"contentUrl\":\"https:\\\/\\\/store-it.eu\\\/wp-content\\\/uploads\\\/2025\\\/07\\\/StoreIT_Favicon.png\",\"width\":512,\"height\":512,\"caption\":\"Store-IT\"},\"image\":{\"@id\":\"https:\\\/\\\/store-it.eu\\\/it\\\/#\\\/schema\\\/logo\\\/image\\\/\"}}]}<\/script>\n<!-- \/ Yoast SEO plugin. -->","yoast_head_json":{"title":"Politica sulla riservatezza &#8211; Store-IT","robots":{"index":"index","follow":"follow","max-snippet":"max-snippet:-1","max-image-preview":"max-image-preview:large","max-video-preview":"max-video-preview:-1"},"canonical":"https:\/\/store-it.eu\/it\/politica-sulla-riservatezza\/","og_locale":"it_IT","og_type":"article","og_title":"Politica sulla riservatezza &#8211; Store-IT","og_description":"Ultimo aggiornamento: luglio 2025 Uniserve, che opera con il nome commerciale Store-IT, con sede in Korte Hogendijk 14, 1506 MA Zaandam, \u00e8 responsabile del trattamento dei dati personali come descritto nella presente informativa sulla privacy. Dati di contatto www.store-it.euKorte Hogendijk 141506 MA Zaandam+31 (0)75 &#8211; 64 72 130 Dati personali trattati da Store-IT Store-IT tratta [&hellip;]","og_url":"https:\/\/store-it.eu\/it\/politica-sulla-riservatezza\/","og_site_name":"Store-IT","article_modified_time":"2026-02-20T10:05:27+00:00","og_image":[{"width":512,"height":512,"url":"https:\/\/store-it.eu\/wp-content\/uploads\/2025\/07\/StoreIT_Favicon.png","type":"image\/png"}],"twitter_card":"summary_large_image","twitter_misc":{"Tempo di lettura stimato":"5 minuti"},"schema":{"@context":"https:\/\/schema.org","@graph":[{"@type":"WebPage","@id":"https:\/\/store-it.eu\/it\/politica-sulla-riservatezza\/","url":"https:\/\/store-it.eu\/it\/politica-sulla-riservatezza\/","name":"Politica sulla riservatezza &#8211; Store-IT","isPartOf":{"@id":"https:\/\/store-it.eu\/it\/#website"},"datePublished":"2025-03-27T08:24:08+00:00","dateModified":"2026-02-20T10:05:27+00:00","breadcrumb":{"@id":"https:\/\/store-it.eu\/it\/politica-sulla-riservatezza\/#breadcrumb"},"inLanguage":"it-IT","potentialAction":[{"@type":"ReadAction","target":["https:\/\/store-it.eu\/it\/politica-sulla-riservatezza\/"]}]},{"@type":"BreadcrumbList","@id":"https:\/\/store-it.eu\/it\/politica-sulla-riservatezza\/#breadcrumb","itemListElement":[{"@type":"ListItem","position":1,"name":"Home","item":"https:\/\/store-it.eu\/it\/"},{"@type":"ListItem","position":2,"name":"Politica sulla riservatezza"}]},{"@type":"WebSite","@id":"https:\/\/store-it.eu\/it\/#website","url":"https:\/\/store-it.eu\/it\/","name":"Store-IT","description":"Specialist in self storage management software","publisher":{"@id":"https:\/\/store-it.eu\/it\/#organization"},"potentialAction":[{"@type":"SearchAction","target":{"@type":"EntryPoint","urlTemplate":"https:\/\/store-it.eu\/it\/?s={search_term_string}"},"query-input":{"@type":"PropertyValueSpecification","valueRequired":true,"valueName":"search_term_string"}}],"inLanguage":"it-IT"},{"@type":"Organization","@id":"https:\/\/store-it.eu\/it\/#organization","name":"Store-IT","url":"https:\/\/store-it.eu\/it\/","logo":{"@type":"ImageObject","inLanguage":"it-IT","@id":"https:\/\/store-it.eu\/it\/#\/schema\/logo\/image\/","url":"https:\/\/store-it.eu\/wp-content\/uploads\/2025\/07\/StoreIT_Favicon.png","contentUrl":"https:\/\/store-it.eu\/wp-content\/uploads\/2025\/07\/StoreIT_Favicon.png","width":512,"height":512,"caption":"Store-IT"},"image":{"@id":"https:\/\/store-it.eu\/it\/#\/schema\/logo\/image\/"}}]}},"_links":{"self":[{"href":"https:\/\/store-it.eu\/it\/wp-json\/wp\/v2\/pages\/1351","targetHints":{"allow":["GET"]}}],"collection":[{"href":"https:\/\/store-it.eu\/it\/wp-json\/wp\/v2\/pages"}],"about":[{"href":"https:\/\/store-it.eu\/it\/wp-json\/wp\/v2\/types\/page"}],"author":[{"embeddable":true,"href":"https:\/\/store-it.eu\/it\/wp-json\/wp\/v2\/users\/1"}],"replies":[{"embeddable":true,"href":"https:\/\/store-it.eu\/it\/wp-json\/wp\/v2\/comments?post=1351"}],"version-history":[{"count":3,"href":"https:\/\/store-it.eu\/it\/wp-json\/wp\/v2\/pages\/1351\/revisions"}],"predecessor-version":[{"id":2177,"href":"https:\/\/store-it.eu\/it\/wp-json\/wp\/v2\/pages\/1351\/revisions\/2177"}],"wp:attachment":[{"href":"https:\/\/store-it.eu\/it\/wp-json\/wp\/v2\/media?parent=1351"}],"curies":[{"name":"wp","href":"https:\/\/api.w.org\/{rel}","templated":true}]}}